{"id":6030,"date":"2023-08-15T19:53:21","date_gmt":"2023-08-15T19:53:21","guid":{"rendered":"https:\/\/idintl.com\/?page_id=6030"},"modified":"2025-11-26T20:51:36","modified_gmt":"2025-11-26T20:51:36","slug":"presentazione-dellrx1000","status":"publish","type":"page","link":"https:\/\/idintl.com\/it\/introducing-rx1000\/","title":{"rendered":"Presentazione di RX1000\ufeff"},"content":{"rendered":"<div class=\"wpb-content-wrapper\"><div class=\"vidbg-ref-bd7u99Fa7ekxN4\" style=\"display: none;\"><\/div><div data-vc-full-width=\"true\" data-vc-full-width-temp=\"true\" data-vc-full-width-init=\"false\" class=\"vc_row wpb_row vc_row-fluid page-top-section i3-reversed-section header-fingerprint-bg-image big_header_lines vc_custom_1717787622390 vc_row-has-fill vc_row-o-content-middle vc_row-flex\"><div class=\"wpb_column vc_column_container vc_col-sm-12\"><div class=\"vc_column-inner\"><div class=\"wpb_wrapper\"><div class=\"vc_row wpb_row vc_inner vc_row-fluid\"><div class=\"wpb_column vc_column_container vc_col-sm-8\"><div class=\"vc_column-inner\"><div class=\"wpb_wrapper\"><div class=\"vc_empty_space  landing-mobile-hide\"   style=\"height: 60px\"><span class=\"vc_empty_space_inner\"><\/span><\/div>\n\t<div class=\"wpb_text_column wpb_content_element home-i3-text landing-text-big\" >\n\t\t<div class=\"wpb_wrapper\">\n\t\t\t<h1 class=\"big_home_header\"><b>Presentazione di <\/b><\/h1>\n\n\t\t<\/div>\n\t<\/div>\n\n\t<div  class=\"wpb_single_image wpb_content_element vc_align_left wpb_content_element wpb_animate_when_almost_visible wpb_fadeIn fadeIn  rx-logo-banner-img\">\n\t\t\n\t\t<figure class=\"wpb_wrapper vc_figure\">\n\t\t\t<div class=\"vc_single_image-wrapper   vc_box_border_grey\"><img loading=\"lazy\" decoding=\"async\" width=\"640\" height=\"207\" src=\"https:\/\/idintl.com\/wp-content\/uploads\/2024\/02\/RX1000_reversed_rev.png\" class=\"vc_single_image-img attachment-large\" alt=\"RX1000\" title=\"RX1000_invertito_rev\" srcset=\"https:\/\/idintl.com\/wp-content\/uploads\/2024\/02\/RX1000_reversed_rev.png 1000w, https:\/\/idintl.com\/wp-content\/uploads\/2024\/02\/RX1000_reversed_rev-300x97.png 300w, https:\/\/idintl.com\/wp-content\/uploads\/2024\/02\/RX1000_reversed_rev-768x248.png 768w, https:\/\/idintl.com\/wp-content\/uploads\/2024\/02\/RX1000_reversed_rev-600x194.png 600w\" sizes=\"auto, (max-width: 640px) 100vw, 640px\" \/><\/div>\n\t\t<\/figure>\n\t<\/div>\n\n\t<div class=\"wpb_text_column wpb_content_element wpb_animate_when_almost_visible wpb_fadeInUp fadeInUp home-i3-text landing-text-big landing-text-sub\" >\n\t\t<div class=\"wpb_wrapper\">\n\t\t\t<h1>Unlock the hidden<br \/>\ndata in <em><strong><span style=\"color: #25bec9;\">every print<\/span><\/strong><\/em><\/h1>\n\n\t\t<\/div>\n\t<\/div>\n\n\t<div class=\"wpb_raw_code wpb_raw_html wpb_content_element vc_custom_1717797708097 landing-desktop-hide\" >\n\t\t<div class=\"wpb_wrapper\">\n\t\t\t<div style=\"padding:56.25% 0 0 0;position:relative; border-width:3px;\tborder-style:solid;\tborder-color:#25bec9;\"><iframe src=\"https:\/\/player.vimeo.com\/video\/954976122?h=29f501c085&amp;badge=0&amp;autopause=0&amp;player_id=0&amp;app_id=58479&autoplay=1&muted=1\" frameborder=\"0\" allow=\"autoplay; fullscreen; picture-in-picture\" style=\"position:absolute;top:0;left:0;width:100%;height:100%;\" title=\"Presentazione di RX1000\ufeff\"><\/iframe><\/div><script src=\"https:\/\/player.vimeo.com\/api\/player.js\"><\/script>\n\t\t<\/div>\n\t<\/div>\n<div class=\"vc_empty_space  landing-mobile-hide\"   style=\"height: 140px\"><span class=\"vc_empty_space_inner\"><\/span><\/div><\/div><\/div><\/div><div class=\"wpb_column vc_column_container vc_col-sm-4\"><div class=\"vc_column-inner\"><div class=\"wpb_wrapper\"><div class=\"vc_empty_space\"   style=\"height: 100px\"><span class=\"vc_empty_space_inner\"><\/span><\/div><\/div><\/div><\/div><\/div><\/div><\/div><\/div><\/div><div class=\"vc_row-full-width vc_clearfix\"><\/div><div data-vc-full-width=\"true\" data-vc-full-width-temp=\"true\" data-vc-full-width-init=\"false\" class=\"vc_row wpb_row vc_row-fluid page-top-section cool-divider-section cool-divider_landing vc_custom_1692303403236 vc_row-has-fill\"><div class=\"wpb_column vc_column_container vc_col-sm-12\"><div class=\"vc_column-inner\"><div class=\"wpb_wrapper\"><div class=\"vc_row wpb_row vc_inner vc_row-fluid vc_custom_1692128871607 vc_row-has-fill vc_column-gap-20\"><div class=\"wpb_column vc_column_container vc_col-sm-6 vc_col-has-fill\"><div class=\"vc_column-inner vc_custom_1692126051189\"><div class=\"wpb_wrapper\">\n\t<div class=\"wpb_text_column wpb_content_element wpb_animate_when_almost_visible wpb_fadeIn fadeIn landing-big-time\" >\n\t\t<div class=\"wpb_wrapper\">\n\t\t\t<h2>Precisione a livello dei pori<\/h2>\n\n\t\t<\/div>\n\t<\/div>\n<div class=\"vc_separator wpb_content_element vc_separator_align_center vc_sep_width_100 vc_sep_pos_align_center vc_separator_no_text vc_sep_color_green wpb_content_element  wpb_content_element wpb_animate_when_almost_visible wpb_fadeIn fadeIn wpb_animate_when_almost_visible wpb_fadeIn fadeIn\" ><span class=\"vc_sep_holder vc_sep_holder_l\"><span class=\"vc_sep_line\"><\/span><\/span><span class=\"vc_sep_holder vc_sep_holder_r\"><span class=\"vc_sep_line\"><\/span><\/span>\n<\/div>\n\t<div class=\"wpb_text_column wpb_content_element wpb_animate_when_almost_visible wpb_fadeIn fadeIn home-big-text\" >\n\t\t<div class=\"wpb_wrapper\">\n\t\t\t<p class=\"lead\">Con il doppio della risoluzione di tutti i dispositivi livescan tenprint esistenti, RX1000 fornisce un\u2019immagine di ogni impronta significativamente pi\u00f9 accurata e dettagliata. Grazie alla sua tecnologia unica, RX1000 cattura in modo affidabile dettagli di livello 3 ad alto contrasto, spesso utilizzati nelle analisi forensi. Le immagini certificate dall\u2019FBI vengono generate a 1000 o 500 pixel per pollice.<\/p>\n\n\t\t<\/div>\n\t<\/div>\n<\/div><\/div><\/div><div class=\"wpb_column vc_column_container vc_col-sm-6\"><div class=\"vc_column-inner\"><div class=\"wpb_wrapper\">\n\t<div  class=\"wpb_single_image wpb_content_element vc_align_left wpb_content_element  shadow-image landing-desktop-hide\">\n\t\t\n\t\t<figure class=\"wpb_wrapper vc_figure\">\n\t\t\t<div class=\"vc_single_image-wrapper   vc_box_border_grey\"><img loading=\"lazy\" decoding=\"async\" width=\"1200\" height=\"800\" src=\"https:\/\/idintl.com\/wp-content\/uploads\/2023\/08\/pore_mobile.jpg\" class=\"vc_single_image-img attachment-full\" alt=\"Un&#039;immagine che mostra i pori in un&#039;impronta digitale ingrandita\" title=\"poro_mobile\" srcset=\"https:\/\/idintl.com\/wp-content\/uploads\/2023\/08\/pore_mobile.jpg 1200w, https:\/\/idintl.com\/wp-content\/uploads\/2023\/08\/pore_mobile-300x200.jpg 300w, https:\/\/idintl.com\/wp-content\/uploads\/2023\/08\/pore_mobile-1024x683.jpg 1024w, https:\/\/idintl.com\/wp-content\/uploads\/2023\/08\/pore_mobile-768x512.jpg 768w, https:\/\/idintl.com\/wp-content\/uploads\/2023\/08\/pore_mobile-600x400.jpg 600w\" sizes=\"auto, (max-width: 1200px) 100vw, 1200px\" \/><\/div>\n\t\t<\/figure>\n\t<\/div>\n<\/div><\/div><\/div><\/div><div class=\"vc_empty_space\"   style=\"height: 32px\"><span class=\"vc_empty_space_inner\"><\/span><\/div><\/div><\/div><\/div><\/div><div class=\"vc_row-full-width vc_clearfix\"><\/div><div data-vc-full-width=\"true\" data-vc-full-width-temp=\"true\" data-vc-full-width-init=\"false\" class=\"vc_row wpb_row vc_row-fluid homepage_second_section_overlay i3-reversed-section vc_custom_1692130543299 vc_row-has-fill vc_column-gap-20\"><div class=\"wpb_column vc_column_container vc_col-sm-6\"><div class=\"vc_column-inner\"><div class=\"wpb_wrapper\"><div class=\"vc_empty_space\"   style=\"height: 32px\"><span class=\"vc_empty_space_inner\"><\/span><\/div>\n\t<div class=\"wpb_text_column wpb_content_element landing-big-time\" >\n\t\t<div class=\"wpb_wrapper\">\n\t\t\t<h2>Migliorare l'analisi<\/h2>\n\n\t\t<\/div>\n\t<\/div>\n<div class=\"vc_separator wpb_content_element vc_separator_align_center vc_sep_width_100 vc_sep_pos_align_center vc_separator_no_text vc_sep_color_green wpb_content_element  wpb_content_element wpb_animate_when_almost_visible wpb_fadeIn fadeIn wpb_animate_when_almost_visible wpb_fadeIn fadeIn\" ><span class=\"vc_sep_holder vc_sep_holder_l\"><span class=\"vc_sep_line\"><\/span><\/span><span class=\"vc_sep_holder vc_sep_holder_r\"><span class=\"vc_sep_line\"><\/span><\/span>\n<\/div>\n\t<div class=\"wpb_text_column wpb_content_element\" >\n\t\t<div class=\"wpb_wrapper\">\n\t\t\t<p class=\"lead\">RX1000 \u00e8 cos\u00ec avanzato che pu\u00f2 fornire un ordine di grandezza in pi\u00f9 di punti di corrispondenza rispetto ai precedenti dispositivi livescan dieci impronte. La sua capacit\u00e0 di catturare pi\u00f9 dettagli a livello di pori e di bordi, e di acquisire impronte da chiunque, offre strumenti di qualit\u00e0 superiore agli esaminatori forensi e ai sistemi AFIS.<\/p>\n\n\t\t<\/div>\n\t<\/div>\n<div class=\"vc_empty_space\"   style=\"height: 32px\"><span class=\"vc_empty_space_inner\"><\/span><\/div><\/div><\/div><\/div><div class=\"wpb_column vc_column_container vc_col-sm-6\"><div class=\"vc_column-inner\"><div class=\"wpb_wrapper\">\n\t<div  class=\"wpb_single_image wpb_content_element vc_align_left wpb_content_element  shadow-image landing-desktop-hide\">\n\t\t\n\t\t<figure class=\"wpb_wrapper vc_figure\">\n\t\t\t<div class=\"vc_single_image-wrapper   vc_box_border_grey\"><img loading=\"lazy\" decoding=\"async\" width=\"1200\" height=\"800\" src=\"https:\/\/idintl.com\/wp-content\/uploads\/2023\/08\/analysis_mobile-1.jpg\" class=\"vc_single_image-img attachment-full\" alt=\"\" title=\"analisi_mobile\" srcset=\"https:\/\/idintl.com\/wp-content\/uploads\/2023\/08\/analysis_mobile-1.jpg 1200w, https:\/\/idintl.com\/wp-content\/uploads\/2023\/08\/analysis_mobile-1-300x200.jpg 300w, https:\/\/idintl.com\/wp-content\/uploads\/2023\/08\/analysis_mobile-1-1024x683.jpg 1024w, https:\/\/idintl.com\/wp-content\/uploads\/2023\/08\/analysis_mobile-1-768x512.jpg 768w, https:\/\/idintl.com\/wp-content\/uploads\/2023\/08\/analysis_mobile-1-600x400.jpg 600w\" sizes=\"auto, (max-width: 1200px) 100vw, 1200px\" \/><\/div>\n\t\t<\/figure>\n\t<\/div>\n<\/div><\/div><\/div><\/div><div class=\"vc_row-full-width vc_clearfix\"><\/div><div class=\"vidbg-ref-S53WLll30CiR6f\" style=\"display: none;\"><\/div><div data-vc-full-width=\"true\" data-vc-full-width-temp=\"true\" data-vc-full-width-init=\"false\" class=\"vc_row wpb_row vc_row-fluid vc_custom_1692303869333\"><div class=\"wpb_column vc_column_container vc_col-sm-12\"><div class=\"vc_column-inner\"><div class=\"wpb_wrapper\"><div class=\"vc_empty_space\"   style=\"height: 60px\"><span class=\"vc_empty_space_inner\"><\/span><\/div><div class=\"vc_row wpb_row vc_inner vc_row-fluid vc_column-gap-20\"><div class=\"wpb_column vc_column_container vc_col-sm-6\"><div class=\"vc_column-inner\"><div class=\"wpb_wrapper\">\n\t<div class=\"wpb_text_column wpb_content_element landing-big-time\" >\n\t\t<div class=\"wpb_wrapper\">\n\t\t\t<h2>Cattura rapida una tantum<\/h2>\n\n\t\t<\/div>\n\t<\/div>\n<div class=\"vc_separator wpb_content_element vc_separator_align_center vc_sep_width_100 vc_sep_pos_align_center vc_separator_no_text vc_sep_color_green wpb_content_element  wpb_content_element wpb_animate_when_almost_visible wpb_fadeIn fadeIn wpb_animate_when_almost_visible wpb_fadeIn fadeIn\" ><span class=\"vc_sep_holder vc_sep_holder_l\"><span class=\"vc_sep_line\"><\/span><\/span><span class=\"vc_sep_holder vc_sep_holder_r\"><span class=\"vc_sep_line\"><\/span><\/span>\n<\/div>\n\t<div class=\"wpb_text_column wpb_content_element\" >\n\t\t<div class=\"wpb_wrapper\">\n\t\t\t<p class=\"lead translation-block\">Usa un\u2019unica fase di preparazione della stampa, semplice e veloce, per <strong>ogni<\/strong> acquisizione. Umida o asciutta. Consumata o perfetta. La tecnologia di imaging avanzata RX1000 cattura qualsiasi impronta rapidamente al primo tentativo, risparmiando tempo e frustrazione.<\/p>\n\n\t\t<\/div>\n\t<\/div>\n<\/div><\/div><\/div><div class=\"wpb_column vc_column_container vc_col-sm-6\"><div class=\"vc_column-inner\"><div class=\"wpb_wrapper\">\n\t<div  class=\"wpb_single_image wpb_content_element vc_align_left wpb_content_element  shadow-image\">\n\t\t\n\t\t<figure class=\"wpb_wrapper vc_figure\">\n\t\t\t<div class=\"vc_single_image-wrapper   vc_box_border_grey\"><img loading=\"lazy\" decoding=\"async\" width=\"2500\" height=\"1667\" src=\"https:\/\/idintl.com\/wp-content\/uploads\/2024\/06\/rx1000_close_4finger.jpg\" class=\"vc_single_image-img attachment-full\" alt=\"Una foto di 4 dita sottoposte a scansione con l&#039;RX1000\" title=\"rx1000_chiude_4finger\" srcset=\"https:\/\/idintl.com\/wp-content\/uploads\/2024\/06\/rx1000_close_4finger.jpg 2500w, https:\/\/idintl.com\/wp-content\/uploads\/2024\/06\/rx1000_close_4finger-300x200.jpg 300w, https:\/\/idintl.com\/wp-content\/uploads\/2024\/06\/rx1000_close_4finger-1024x683.jpg 1024w, https:\/\/idintl.com\/wp-content\/uploads\/2024\/06\/rx1000_close_4finger-768x512.jpg 768w, https:\/\/idintl.com\/wp-content\/uploads\/2024\/06\/rx1000_close_4finger-1536x1024.jpg 1536w, https:\/\/idintl.com\/wp-content\/uploads\/2024\/06\/rx1000_close_4finger-2048x1366.jpg 2048w, https:\/\/idintl.com\/wp-content\/uploads\/2024\/06\/rx1000_close_4finger-600x400.jpg 600w\" sizes=\"auto, (max-width: 2500px) 100vw, 2500px\" \/><\/div>\n\t\t<\/figure>\n\t<\/div>\n\n<div class=\"vc_grid-container-wrapper vc_clearfix vc_grid-animation-fadeIn\">\n\t<div class=\"vc_grid-container vc_clearfix wpb_content_element vc_media_grid\" data-initial-loading-animation=\"fadeIn\" data-vc-grid-settings=\"{&quot;page_id&quot;:6030,&quot;style&quot;:&quot;all&quot;,&quot;action&quot;:&quot;vc_get_vc_grid_data&quot;,&quot;shortcode_id&quot;:&quot;1764190261942-498d93ee-f60d-9&quot;,&quot;tag&quot;:&quot;vc_media_grid&quot;}\" data-vc-request=\"https:\/\/idintl.com\/wp-admin\/admin-ajax.php\" data-vc-post-id=\"6030\" data-vc-public-nonce=\"c4bae8a669\">\n\t\t\n\t<\/div>\n<\/div><\/div><\/div><\/div><\/div><div class=\"vc_empty_space\"   style=\"height: 80px\"><span class=\"vc_empty_space_inner\"><\/span><\/div><div class=\"wpb_column vc_column_container vc_col-sm-12\"><div class=\"vc_column-inner\"><div class=\"wpb_wrapper\"><\/div><\/div><\/div><\/div><\/div><\/div><\/div><div class=\"vc_row-full-width vc_clearfix\"><\/div><div data-vc-full-width=\"true\" data-vc-full-width-temp=\"true\" data-vc-full-width-init=\"false\" class=\"vc_row wpb_row vc_row-fluid homepage_second_section_overlay i3-reversed-section vc_custom_1692304107941 vc_row-has-fill\"><div class=\"wpb_column vc_column_container vc_col-sm-6\"><div class=\"vc_column-inner\"><div class=\"wpb_wrapper\">\n\t<div class=\"wpb_text_column wpb_content_element huge-cta-h2\" >\n\t\t<div class=\"wpb_wrapper\">\n\t\t\t<h2>Interessato?<\/h2>\n<p class=\"lead\"><a href=\"https:\/\/idintl.com\/it\/contatto\/?your-subject=Contact%20me%20about%20the%20RX1000\">Contatta Identification International per una dimostrazione<\/a>, o un preventivo per l'RX1000.<\/p>\n\n\t\t<\/div>\n\t<\/div>\n\n\t<div class=\"wpb_text_column wpb_content_element huge-cta-h2\" >\n\t\t<div class=\"wpb_wrapper\">\n\t\t\t<p class=\"lead\"><a href=\"https:\/\/idintl.com\/wp-content\/uploads\/2025\/11\/i3_flyer_rx1000_20251124-3D-EN-1.pdf\" target=\"_blank\" rel=\"noopener noreferrer\">Opuscolo RX1000\u00a0<i class=\"fa fa-file-pdf-o\"><\/i><\/a><\/p>\n\n\t\t<\/div>\n\t<\/div>\n<\/div><\/div><\/div><div class=\"wpb_column vc_column_container vc_col-sm-6\"><div class=\"vc_column-inner\"><div class=\"wpb_wrapper\">\n\t<div  class=\"wpb_single_image wpb_content_element vc_align_center wpb_content_element\">\n\t\t\n\t\t<figure class=\"wpb_wrapper vc_figure\">\n\t\t\t<div class=\"vc_single_image-wrapper   vc_box_border_grey\"><img loading=\"lazy\" decoding=\"async\" width=\"1000\" height=\"323\" src=\"https:\/\/idintl.com\/wp-content\/uploads\/2024\/02\/RX1000_reversed_rev.png\" class=\"vc_single_image-img attachment-full\" alt=\"RX1000\" title=\"RX1000_invertito_rev\" srcset=\"https:\/\/idintl.com\/wp-content\/uploads\/2024\/02\/RX1000_reversed_rev.png 1000w, https:\/\/idintl.com\/wp-content\/uploads\/2024\/02\/RX1000_reversed_rev-300x97.png 300w, https:\/\/idintl.com\/wp-content\/uploads\/2024\/02\/RX1000_reversed_rev-768x248.png 768w, https:\/\/idintl.com\/wp-content\/uploads\/2024\/02\/RX1000_reversed_rev-600x194.png 600w\" sizes=\"auto, (max-width: 1000px) 100vw, 1000px\" \/><\/div>\n\t\t<\/figure>\n\t<\/div>\n<\/div><\/div><\/div><\/div><div class=\"vc_row-full-width vc_clearfix\"><\/div>\n<\/div>","protected":false},"excerpt":{"rendered":"<p> [&#8230;]<\/p>\n<p><a class=\"btn btn-secondary understrap-read-more-link\" href=\"https:\/\/idintl.com\/it\/introducing-rx1000\/\">Read More&#8230;<span class=\"screen-reader-text\"> from Introducing RX1000<\/span><\/a><\/p>\n","protected":false},"author":1,"featured_media":7083,"parent":0,"menu_order":0,"comment_status":"closed","ping_status":"closed","template":"page-templates\/fullwidthpage-notitle.php","meta":{"footnotes":""},"class_list":["post-6030","page","type-page","status-publish","has-post-thumbnail","hentry"],"yoast_head":"<!-- This site is optimized with the Yoast SEO plugin v27.4 - https:\/\/yoast.com\/product\/yoast-seo-wordpress\/ -->\n<title>Introducing RX1000 - Identification International<\/title>\n<meta name=\"description\" content=\"Introducing RX1000: unlock the hidden data in every print. Get pore-level results with fast 1000 PPI scans.\" \/>\n<meta name=\"robots\" content=\"index, follow, max-snippet:-1, max-image-preview:large, max-video-preview:-1\" \/>\n<link rel=\"canonical\" href=\"https:\/\/idintl.com\/it\/presentazione-dellrx1000\/\" \/>\n<meta property=\"og:locale\" content=\"it_IT\" \/>\n<meta property=\"og:type\" content=\"article\" \/>\n<meta property=\"og:title\" content=\"Introducing RX1000 - Identification International\" \/>\n<meta property=\"og:description\" content=\"Introducing RX1000: unlock the hidden data in every print. Get pore-level results with fast 1000 PPI scans.\" \/>\n<meta property=\"og:url\" content=\"https:\/\/idintl.com\/it\/presentazione-dellrx1000\/\" \/>\n<meta property=\"og:site_name\" content=\"Identification International\" \/>\n<meta property=\"article:modified_time\" content=\"2025-11-26T20:51:36+00:00\" \/>\n<meta property=\"og:image\" content=\"https:\/\/idintl.com\/wp-content\/uploads\/2024\/06\/rx1000_new_wide_green.jpg\" \/>\n\t<meta property=\"og:image:width\" content=\"2500\" \/>\n\t<meta property=\"og:image:height\" content=\"1667\" \/>\n\t<meta property=\"og:image:type\" content=\"image\/jpeg\" \/>\n<meta name=\"twitter:card\" content=\"summary_large_image\" \/>\n<meta name=\"twitter:label1\" content=\"Est. reading time\" \/>\n\t<meta name=\"twitter:data1\" content=\"3 minuti\" \/>\n<script type=\"application\/ld+json\" class=\"yoast-schema-graph\">{\"@context\":\"https:\\\/\\\/schema.org\",\"@graph\":[{\"@type\":\"WebPage\",\"@id\":\"https:\\\/\\\/idintl.com\\\/introducing-rx1000\\\/\",\"url\":\"https:\\\/\\\/idintl.com\\\/introducing-rx1000\\\/\",\"name\":\"Introducing RX1000 - Identification International\",\"isPartOf\":{\"@id\":\"https:\\\/\\\/idintl.com\\\/#website\"},\"primaryImageOfPage\":{\"@id\":\"https:\\\/\\\/idintl.com\\\/introducing-rx1000\\\/#primaryimage\"},\"image\":{\"@id\":\"https:\\\/\\\/idintl.com\\\/introducing-rx1000\\\/#primaryimage\"},\"thumbnailUrl\":\"https:\\\/\\\/idintl.com\\\/wp-content\\\/uploads\\\/2024\\\/06\\\/rx1000_new_wide_green.jpg\",\"datePublished\":\"2023-08-15T19:53:21+00:00\",\"dateModified\":\"2025-11-26T20:51:36+00:00\",\"description\":\"Introducing RX1000: unlock the hidden data in every print. Get pore-level results with fast 1000 PPI scans.\",\"breadcrumb\":{\"@id\":\"https:\\\/\\\/idintl.com\\\/introducing-rx1000\\\/#breadcrumb\"},\"inLanguage\":\"it-IT\",\"potentialAction\":[{\"@type\":\"ReadAction\",\"target\":[\"https:\\\/\\\/idintl.com\\\/introducing-rx1000\\\/\"]}]},{\"@type\":\"ImageObject\",\"inLanguage\":\"it-IT\",\"@id\":\"https:\\\/\\\/idintl.com\\\/introducing-rx1000\\\/#primaryimage\",\"url\":\"https:\\\/\\\/idintl.com\\\/wp-content\\\/uploads\\\/2024\\\/06\\\/rx1000_new_wide_green.jpg\",\"contentUrl\":\"https:\\\/\\\/idintl.com\\\/wp-content\\\/uploads\\\/2024\\\/06\\\/rx1000_new_wide_green.jpg\",\"width\":2500,\"height\":1667,\"caption\":\"A photo of the RX1000 scanning a person's finger\"},{\"@type\":\"BreadcrumbList\",\"@id\":\"https:\\\/\\\/idintl.com\\\/introducing-rx1000\\\/#breadcrumb\",\"itemListElement\":[{\"@type\":\"ListItem\",\"position\":1,\"name\":\"Home\",\"item\":\"https:\\\/\\\/idintl.com\\\/\"},{\"@type\":\"ListItem\",\"position\":2,\"name\":\"Introducing RX1000\"}]},{\"@type\":\"WebSite\",\"@id\":\"https:\\\/\\\/idintl.com\\\/#website\",\"url\":\"https:\\\/\\\/idintl.com\\\/\",\"name\":\"Identification International\",\"description\":\"\",\"publisher\":{\"@id\":\"https:\\\/\\\/idintl.com\\\/#organization\"},\"potentialAction\":[{\"@type\":\"SearchAction\",\"target\":{\"@type\":\"EntryPoint\",\"urlTemplate\":\"https:\\\/\\\/idintl.com\\\/?s={search_term_string}\"},\"query-input\":{\"@type\":\"PropertyValueSpecification\",\"valueRequired\":true,\"valueName\":\"search_term_string\"}}],\"inLanguage\":\"it-IT\"},{\"@type\":\"Organization\",\"@id\":\"https:\\\/\\\/idintl.com\\\/#organization\",\"name\":\"Identification International\",\"url\":\"https:\\\/\\\/idintl.com\\\/\",\"logo\":{\"@type\":\"ImageObject\",\"inLanguage\":\"it-IT\",\"@id\":\"https:\\\/\\\/idintl.com\\\/#\\\/schema\\\/logo\\\/image\\\/\",\"url\":\"https:\\\/\\\/idintl.com\\\/wp-content\\\/uploads\\\/2019\\\/04\\\/i3_reversed@2x.png\",\"contentUrl\":\"https:\\\/\\\/idintl.com\\\/wp-content\\\/uploads\\\/2019\\\/04\\\/i3_reversed@2x.png\",\"width\":262,\"height\":276,\"caption\":\"Identification International\"},\"image\":{\"@id\":\"https:\\\/\\\/idintl.com\\\/#\\\/schema\\\/logo\\\/image\\\/\"}}]}<\/script>\n<!-- \/ Yoast SEO plugin. -->","yoast_head_json":{"title":"Presentazione di RX1000 - Identificazione Internazionale","description":"Presentazione di RX1000: sblocca i dati nascosti in ogni stampa. Ottenete risultati a livello dei pori con scansioni veloci a 1000 PPI.","robots":{"index":"index","follow":"follow","max-snippet":"max-snippet:-1","max-image-preview":"max-image-preview:large","max-video-preview":"max-video-preview:-1"},"canonical":"https:\/\/idintl.com\/it\/presentazione-dellrx1000\/","og_locale":"it_IT","og_type":"article","og_title":"Introducing RX1000 - Identification International","og_description":"Introducing RX1000: unlock the hidden data in every print. Get pore-level results with fast 1000 PPI scans.","og_url":"https:\/\/idintl.com\/it\/presentazione-dellrx1000\/","og_site_name":"Identification International","article_modified_time":"2025-11-26T20:51:36+00:00","og_image":[{"width":2500,"height":1667,"url":"https:\/\/idintl.com\/wp-content\/uploads\/2024\/06\/rx1000_new_wide_green.jpg","type":"image\/jpeg"}],"twitter_card":"summary_large_image","twitter_misc":{"Est. reading time":"3 minuti"},"schema":{"@context":"https:\/\/schema.org","@graph":[{"@type":"WebPage","@id":"https:\/\/idintl.com\/introducing-rx1000\/","url":"https:\/\/idintl.com\/introducing-rx1000\/","name":"Presentazione di RX1000 - Identificazione Internazionale","isPartOf":{"@id":"https:\/\/idintl.com\/#website"},"primaryImageOfPage":{"@id":"https:\/\/idintl.com\/introducing-rx1000\/#primaryimage"},"image":{"@id":"https:\/\/idintl.com\/introducing-rx1000\/#primaryimage"},"thumbnailUrl":"https:\/\/idintl.com\/wp-content\/uploads\/2024\/06\/rx1000_new_wide_green.jpg","datePublished":"2023-08-15T19:53:21+00:00","dateModified":"2025-11-26T20:51:36+00:00","description":"Presentazione di RX1000: sblocca i dati nascosti in ogni stampa. Ottenete risultati a livello dei pori con scansioni veloci a 1000 PPI.","breadcrumb":{"@id":"https:\/\/idintl.com\/introducing-rx1000\/#breadcrumb"},"inLanguage":"it-IT","potentialAction":[{"@type":"ReadAction","target":["https:\/\/idintl.com\/introducing-rx1000\/"]}]},{"@type":"ImageObject","inLanguage":"it-IT","@id":"https:\/\/idintl.com\/introducing-rx1000\/#primaryimage","url":"https:\/\/idintl.com\/wp-content\/uploads\/2024\/06\/rx1000_new_wide_green.jpg","contentUrl":"https:\/\/idintl.com\/wp-content\/uploads\/2024\/06\/rx1000_new_wide_green.jpg","width":2500,"height":1667,"caption":"A photo of the RX1000 scanning a person's finger"},{"@type":"BreadcrumbList","@id":"https:\/\/idintl.com\/introducing-rx1000\/#breadcrumb","itemListElement":[{"@type":"ListItem","position":1,"name":"Home","item":"https:\/\/idintl.com\/"},{"@type":"ListItem","position":2,"name":"Introducing RX1000"}]},{"@type":"WebSite","@id":"https:\/\/idintl.com\/#website","url":"https:\/\/idintl.com\/","name":"Identificazione Internazionale","description":"","publisher":{"@id":"https:\/\/idintl.com\/#organization"},"potentialAction":[{"@type":"SearchAction","target":{"@type":"EntryPoint","urlTemplate":"https:\/\/idintl.com\/?s={search_term_string}"},"query-input":{"@type":"PropertyValueSpecification","valueRequired":true,"valueName":"search_term_string"}}],"inLanguage":"it-IT"},{"@type":"Organization","@id":"https:\/\/idintl.com\/#organization","name":"Identificazione Internazionale","url":"https:\/\/idintl.com\/","logo":{"@type":"ImageObject","inLanguage":"it-IT","@id":"https:\/\/idintl.com\/#\/schema\/logo\/image\/","url":"https:\/\/idintl.com\/wp-content\/uploads\/2019\/04\/i3_reversed@2x.png","contentUrl":"https:\/\/idintl.com\/wp-content\/uploads\/2019\/04\/i3_reversed@2x.png","width":262,"height":276,"caption":"Identification International"},"image":{"@id":"https:\/\/idintl.com\/#\/schema\/logo\/image\/"}}]}},"_links":{"self":[{"href":"https:\/\/idintl.com\/it\/wp-json\/wp\/v2\/pages\/6030","targetHints":{"allow":["GET"]}}],"collection":[{"href":"https:\/\/idintl.com\/it\/wp-json\/wp\/v2\/pages"}],"about":[{"href":"https:\/\/idintl.com\/it\/wp-json\/wp\/v2\/types\/page"}],"author":[{"embeddable":true,"href":"https:\/\/idintl.com\/it\/wp-json\/wp\/v2\/users\/1"}],"replies":[{"embeddable":true,"href":"https:\/\/idintl.com\/it\/wp-json\/wp\/v2\/comments?post=6030"}],"version-history":[{"count":0,"href":"https:\/\/idintl.com\/it\/wp-json\/wp\/v2\/pages\/6030\/revisions"}],"wp:featuredmedia":[{"embeddable":true,"href":"https:\/\/idintl.com\/it\/wp-json\/wp\/v2\/media\/7083"}],"wp:attachment":[{"href":"https:\/\/idintl.com\/it\/wp-json\/wp\/v2\/media?parent=6030"}],"curies":[{"name":"wp","href":"https:\/\/api.w.org\/{rel}","templated":true}]}}