{"id":1939,"date":"2019-09-19T17:43:14","date_gmt":"2019-09-19T17:43:14","guid":{"rendered":"https:\/\/idintl.wpengine.com\/?post_type=product&#038;p=1939"},"modified":"2025-12-01T16:59:21","modified_gmt":"2025-12-01T16:59:21","slug":"terreno","status":"publish","type":"product","link":"https:\/\/idintl.com\/it\/product\/terrain\/","title":{"rendered":"Terrain"},"content":{"rendered":"<div class=\"wpb-content-wrapper\"><div class=\"vc_row wpb_row vc_row-fluid\"><div class=\"wpb_column vc_column_container vc_col-sm-8\"><div class=\"vc_column-inner\"><div class=\"wpb_wrapper\">\n\t<div class=\"wpb_video_widget wpb_content_element vc_clearfix   vc_video-aspect-ratio-169 vc_video-el-width-100 vc_video-align-left\" >\n\t\t<div class=\"wpb_wrapper\">\n\t\t\t\n\t\t\t<div class=\"wpb_video_wrapper\"><iframe loading=\"lazy\" title=\"Terrain_-_the_next_dimension_of_fingerprinting (1080p) English\" src=\"https:\/\/player.vimeo.com\/video\/1141635314?h=f2fb9d6aba&amp;dnt=1&amp;app_id=122963\" width=\"500\" height=\"281\" frameborder=\"0\" allow=\"autoplay; fullscreen; picture-in-picture; clipboard-write; encrypted-media; web-share\" referrerpolicy=\"strict-origin-when-cross-origin\"><\/iframe><\/div>\n\t\t<\/div>\n\t<\/div>\n\n\t<div class=\"wpb_text_column wpb_content_element\" >\n\t\t<div class=\"wpb_wrapper\">\n\t\t\t<h3>\ufeffUsalo come uno scanner certificato dall'FBI, preparandoti al futuro con immagini 3D<\/h3>\n<ul>\n<li>Le immagini a 500 ppi nel piano del vetro di scansione sono immagini 2D certificate dall'FBI.<\/li>\n<li>Risoluzione variabile continua sull'asse Z supera i 500 ppi di un fattore superiore a 100.<\/li>\n<li>Immagini 3D memorizzate in modo compatto come immagini BMP.<\/li>\n<li>\u00c8 necessaria una compressione senza perdita per evitare il degrado dei dati di profondit\u00e0.<\/li>\n<li>Innovazione, produzione e assistenza con sede negli Stati Uniti.<\/li>\n<\/ul>\n<h3>Supera i requisiti certificati dall'FBI catturando immagini 3D straordinarie<\/h3>\n<p class=\"translation-block\">Il Terrain offre la stessa alta qualit\u00e0 dei dispositivi digID, inclusi funzionalit\u00e0 e facilit\u00e0 d\u2019uso, catturando simultaneamente immagini 3D alla velocit\u00e0 di fotogrammi standard. Una volta salvate in formato BMP, le immagini 3D possono essere visualizzate utilizzando le utilit\u00e0 fornite nell\u2019<a href=\"https:\/\/idintl.com\/it\/product\/dispositivo-sdk\/\" target=\"_self\">SDK<\/a>.<\/p>\n<p class=\"translation-block\">Il Terrain si integra con\u00a0 <a href=\"\/it\/product\/invize-id\/\" target=\"_self\">inVize ID<\/a>, <a href=\"\/it\/product\/fpcheck\/\" target=\"_self\">FPCheck<\/a>\u00a0e altre applicazioni per contribuire a migliorare l\u2019elaborazione delle impronte digitali in ogni fase.<\/p>\n\n\t\t<\/div>\n\t<\/div>\n<div class=\"vc_separator wpb_content_element vc_separator_align_center vc_sep_width_100 vc_sep_pos_align_center vc_separator_no_text vc_sep_color_grey wpb_content_element  wpb_content_element\" ><span class=\"vc_sep_holder vc_sep_holder_l\"><span class=\"vc_sep_line\"><\/span><\/span><span class=\"vc_sep_holder vc_sep_holder_r\"><span class=\"vc_sep_line\"><\/span><\/span>\n<\/div>\n\t<div class=\"wpb_text_column wpb_content_element\" >\n\t\t<div class=\"wpb_wrapper\">\n\t\t\t<h4><strong>Norme e specifiche<\/strong><\/h4>\n\n\t\t<\/div>\n\t<\/div>\n<div class=\"vc_row wpb_row vc_inner vc_row-fluid\"><div class=\"wpb_column vc_column_container vc_col-sm-6\"><div class=\"vc_column-inner\"><div class=\"wpb_wrapper\">\n\t<div class=\"wpb_text_column wpb_content_element\" >\n\t\t<div class=\"wpb_wrapper\">\n\t\t\t<ul>\n<li>Risoluzione: 500 ppi sul piano del vetro (certificato FBI)<\/li>\n<li>Risoluzione variabile fino ai nanometri allontanandosi dal piano di appoggio<\/li>\n<li>Peso: 1.63 kg<\/li>\n<li>Taglia: 12.19 cm x 14.99 cm x 15.24 cm<\/li>\n<li>SDK disponibile con esempi di codice e codice di utilit\u00e0<\/li>\n<li>Dimensioni di acquisizione immagine configurabili<\/li>\n<li>Supporta USB 3 con un connettore di tipo C<\/li>\n<li>Pu\u00f2 essere utilizzato con un connettore USB 3 di tipo A tramite un adattatore<\/li>\n<li>Installazione senza driver per Windows 10 e 11<\/li>\n<li>Elevati fotogrammi al secondo per una cattura rapida<\/li>\n<\/ul>\n\n\t\t<\/div>\n\t<\/div>\n<\/div><\/div><\/div><div class=\"wpb_column vc_column_container vc_col-sm-6\"><div class=\"vc_column-inner\"><div class=\"wpb_wrapper\">\n\t<div class=\"wpb_text_column wpb_content_element\" >\n\t\t<div class=\"wpb_wrapper\">\n\t\t\t<ul>\n<li>Conforme RoHS<\/li>\n<li>Conforme alla Parte 15 della FCC e alla norma ICES-003<\/li>\n<li>Resistente alla corrosione<\/li>\n<li>Certificato CJIS Appendice F<\/li>\n<\/ul>\n\n\t\t<\/div>\n\t<\/div>\n<\/div><\/div><\/div><\/div><div class=\"vc_btn3-container vc_btn3-inline vc_do_btn\" ><a class=\"vc_general vc_btn3 vc_btn3-size-md vc_btn3-shape-square vc_btn3-style-outline vc_btn3-color-green\" href=\"\/it\/contatto\/\" title=\"Contattaci per maggiori informazioni\ufeff\">Contattaci per maggiori informazioni<\/a><\/div><\/div><\/div><\/div><div class=\"wpb_column vc_column_container vc_col-sm-4\"><div class=\"vc_column-inner\"><div class=\"wpb_wrapper\"><div class=\"vc_row wpb_row vc_inner vc_row-fluid vc_custom_1568840922219 vc_row-has-fill\"><div class=\"wpb_column vc_column_container vc_col-sm-12\"><div class=\"vc_column-inner\"><div class=\"wpb_wrapper\">\n\t<div class=\"wpb_text_column wpb_content_element\" >\n\t\t<div class=\"wpb_wrapper\">\n\t\t\t<h4><strong>Informazioni aggiuntive<\/strong><\/h4>\n<p><a href=\"https:\/\/idintl.com\/wp-content\/uploads\/2025\/11\/i3_terrain_20251125-EN.pdf\" target=\"_blank\" rel=\"noopener noreferrer\">Serie di livescan Terrain\u00a0<i class=\"fa fa-file-pdf-o\"><\/i><\/a> (604 KB)<\/p>\n<p><a href=\"https:\/\/idintl.com\/it\/brevetti\/\">Brevetti<\/a><\/p>\n\n\t\t<\/div>\n\t<\/div>\n<\/div><\/div><\/div><\/div><div class=\"vc_row wpb_row vc_inner vc_row-fluid vc_custom_1567786827077 vc_row-has-fill\"><div class=\"wpb_column vc_column_container vc_col-sm-12\"><div class=\"vc_column-inner\"><div class=\"wpb_wrapper\">\n\t<div class=\"wpb_text_column wpb_content_element\" >\n\t\t<div class=\"wpb_wrapper\">\n\t\t\t<h4><a href=\"https:\/\/idintl.com\/it\/supporto\/\"><b>Manutenzione e supporto<\/b><\/a><\/h4>\n<p>Ogni dispositivo Terrain \u00e8 coperto da una garanzia di un anno. A seconda delle esigenze della vostra azienda, sono disponibili estensioni di garanzia per garantire che il vostro dispositivo sia sempre protetto.<\/p>\n\n\t\t<\/div>\n\t<\/div>\n<div class=\"vc_btn3-container vc_btn3-inline vc_do_btn\" ><a class=\"vc_general vc_btn3 vc_btn3-size-md vc_btn3-shape-square vc_btn3-style-outline vc_btn3-color-green\" href=\"\/it\/contatto\/\" title=\"Contattaci per maggiori informazioni\ufeff\">Contattaci per maggiori informazioni<\/a><\/div><\/div><\/div><\/div><\/div><\/div><\/div><\/div><\/div>\n<\/div>","protected":false},"excerpt":{"rendered":"<h2><b>The next dimension of fingerprinting<\/b><\/h2>\n<p>Introducing the world\u2019s first high-resolution, FBI-certified livescan device capable of capturing 3D fingerprints. The Terrain series shares the physical dimensions of our popular legacy digID livescan series, augmenting the <a href=\"\/product\/digid-mini\/\">digID mini+<\/a> with new features.<\/p>\n<p><a class=\"vc_general vc_btn3 vc_btn3-size-lg vc_btn3-shape-square vc_btn3-style-outline vc_btn3-color-green\" title=\"Contact us to purchase\" href=\"\/contact\">Contact us to purchase<\/a> [&#8230;]<\/p>\n<p><a class=\"btn btn-secondary understrap-read-more-link\" href=\"https:\/\/idintl.com\/it\/product\/terrain\/\">Read More&#8230;<span class=\"screen-reader-text\"> from Terrain<\/span><\/a><\/p>\n","protected":false},"featured_media":1947,"template":"","meta":[],"product_brand":[],"product_cat":[17],"product_tag":[18,37],"class_list":{"0":"post-1939","1":"product","2":"type-product","3":"status-publish","4":"has-post-thumbnail","6":"product_cat-hardware","7":"product_tag-hardware","8":"product_tag-terrain","10":"first","11":"instock","12":"featured","13":"virtual","14":"taxable","15":"product-type-simple"},"yoast_head":"<!-- This site is optimized with the Yoast SEO plugin v27.4 - https:\/\/yoast.com\/product\/yoast-seo-wordpress\/ -->\n<title>Terrain - Identification International<\/title>\n<meta name=\"description\" content=\"i3\u2019s Terrian takes fingerprinting to the next dimension, capturing both FBI-certified 2D images and high-resolution 3D images. Compatible with USB 2 &amp; 3.\" \/>\n<meta name=\"robots\" content=\"index, follow, max-snippet:-1, max-image-preview:large, max-video-preview:-1\" \/>\n<link rel=\"canonical\" href=\"https:\/\/idintl.com\/it\/product\/terreno\/\" \/>\n<meta property=\"og:locale\" content=\"it_IT\" \/>\n<meta property=\"og:type\" content=\"article\" \/>\n<meta property=\"og:title\" content=\"Terrain - Identification International\" \/>\n<meta property=\"og:description\" content=\"i3\u2019s Terrian takes fingerprinting to the next dimension, capturing both FBI-certified 2D images and high-resolution 3D images. Compatible with USB 2 &amp; 3.\" \/>\n<meta property=\"og:url\" content=\"https:\/\/idintl.com\/it\/product\/terreno\/\" \/>\n<meta property=\"og:site_name\" content=\"Identification International\" \/>\n<meta property=\"article:modified_time\" content=\"2025-12-01T16:59:21+00:00\" \/>\n<meta property=\"og:image\" content=\"https:\/\/idintl.com\/wp-content\/uploads\/2019\/09\/terrain_white.jpg\" \/>\n\t<meta property=\"og:image:width\" content=\"1200\" \/>\n\t<meta property=\"og:image:height\" content=\"800\" \/>\n\t<meta property=\"og:image:type\" content=\"image\/jpeg\" \/>\n<meta name=\"twitter:card\" content=\"summary_large_image\" \/>\n<meta name=\"twitter:label1\" content=\"Est. reading time\" \/>\n\t<meta name=\"twitter:data1\" content=\"2 minuti\" \/>\n<script type=\"application\/ld+json\" class=\"yoast-schema-graph\">{\"@context\":\"https:\\\/\\\/schema.org\",\"@graph\":[{\"@type\":\"WebPage\",\"@id\":\"https:\\\/\\\/idintl.com\\\/product\\\/terrain\\\/\",\"url\":\"https:\\\/\\\/idintl.com\\\/product\\\/terrain\\\/\",\"name\":\"Terrain - Identification International\",\"isPartOf\":{\"@id\":\"https:\\\/\\\/idintl.com\\\/#website\"},\"primaryImageOfPage\":{\"@id\":\"https:\\\/\\\/idintl.com\\\/product\\\/terrain\\\/#primaryimage\"},\"image\":{\"@id\":\"https:\\\/\\\/idintl.com\\\/product\\\/terrain\\\/#primaryimage\"},\"thumbnailUrl\":\"https:\\\/\\\/idintl.com\\\/wp-content\\\/uploads\\\/2019\\\/09\\\/terrain_white.jpg\",\"datePublished\":\"2019-09-19T17:43:14+00:00\",\"dateModified\":\"2025-12-01T16:59:21+00:00\",\"description\":\"i3\u2019s Terrian takes fingerprinting to the next dimension, capturing both FBI-certified 2D images and high-resolution 3D images. Compatible with USB 2 & 3.\",\"breadcrumb\":{\"@id\":\"https:\\\/\\\/idintl.com\\\/product\\\/terrain\\\/#breadcrumb\"},\"inLanguage\":\"it-IT\",\"potentialAction\":[{\"@type\":\"ReadAction\",\"target\":[\"https:\\\/\\\/idintl.com\\\/product\\\/terrain\\\/\"]}]},{\"@type\":\"ImageObject\",\"inLanguage\":\"it-IT\",\"@id\":\"https:\\\/\\\/idintl.com\\\/product\\\/terrain\\\/#primaryimage\",\"url\":\"https:\\\/\\\/idintl.com\\\/wp-content\\\/uploads\\\/2019\\\/09\\\/terrain_white.jpg\",\"contentUrl\":\"https:\\\/\\\/idintl.com\\\/wp-content\\\/uploads\\\/2019\\\/09\\\/terrain_white.jpg\",\"width\":1200,\"height\":800,\"caption\":\"A photo of a Terrain livescan device\"},{\"@type\":\"BreadcrumbList\",\"@id\":\"https:\\\/\\\/idintl.com\\\/product\\\/terrain\\\/#breadcrumb\",\"itemListElement\":[{\"@type\":\"ListItem\",\"position\":1,\"name\":\"Home\",\"item\":\"https:\\\/\\\/idintl.com\\\/\"},{\"@type\":\"ListItem\",\"position\":2,\"name\":\"Shop\",\"item\":\"https:\\\/\\\/idintl.com\\\/shop\\\/\"},{\"@type\":\"ListItem\",\"position\":3,\"name\":\"Hardware\",\"item\":\"https:\\\/\\\/idintl.com\\\/product-category\\\/hardware\\\/\"},{\"@type\":\"ListItem\",\"position\":4,\"name\":\"Terrain\"}]},{\"@type\":\"WebSite\",\"@id\":\"https:\\\/\\\/idintl.com\\\/#website\",\"url\":\"https:\\\/\\\/idintl.com\\\/\",\"name\":\"Identification International\",\"description\":\"\",\"publisher\":{\"@id\":\"https:\\\/\\\/idintl.com\\\/#organization\"},\"potentialAction\":[{\"@type\":\"SearchAction\",\"target\":{\"@type\":\"EntryPoint\",\"urlTemplate\":\"https:\\\/\\\/idintl.com\\\/?s={search_term_string}\"},\"query-input\":{\"@type\":\"PropertyValueSpecification\",\"valueRequired\":true,\"valueName\":\"search_term_string\"}}],\"inLanguage\":\"it-IT\"},{\"@type\":\"Organization\",\"@id\":\"https:\\\/\\\/idintl.com\\\/#organization\",\"name\":\"Identification International\",\"url\":\"https:\\\/\\\/idintl.com\\\/\",\"logo\":{\"@type\":\"ImageObject\",\"inLanguage\":\"it-IT\",\"@id\":\"https:\\\/\\\/idintl.com\\\/#\\\/schema\\\/logo\\\/image\\\/\",\"url\":\"https:\\\/\\\/idintl.com\\\/wp-content\\\/uploads\\\/2019\\\/04\\\/i3_reversed@2x.png\",\"contentUrl\":\"https:\\\/\\\/idintl.com\\\/wp-content\\\/uploads\\\/2019\\\/04\\\/i3_reversed@2x.png\",\"width\":262,\"height\":276,\"caption\":\"Identification International\"},\"image\":{\"@id\":\"https:\\\/\\\/idintl.com\\\/#\\\/schema\\\/logo\\\/image\\\/\"}}]}<\/script>\n<!-- \/ Yoast SEO plugin. -->","yoast_head_json":{"title":"Terreno - Identificazione internazionale","description":"Terrian di i3 porta la rilevazione delle impronte digitali a una dimensione superiore, acquisendo sia immagini 2D certificate dall'FBI che immagini 3D ad alta risoluzione. Compatibile con USB 2 e 3.","robots":{"index":"index","follow":"follow","max-snippet":"max-snippet:-1","max-image-preview":"max-image-preview:large","max-video-preview":"max-video-preview:-1"},"canonical":"https:\/\/idintl.com\/it\/product\/terreno\/","og_locale":"it_IT","og_type":"article","og_title":"Terrain - Identification International","og_description":"i3\u2019s Terrian takes fingerprinting to the next dimension, capturing both FBI-certified 2D images and high-resolution 3D images. Compatible with USB 2 & 3.","og_url":"https:\/\/idintl.com\/it\/product\/terreno\/","og_site_name":"Identification International","article_modified_time":"2025-12-01T16:59:21+00:00","og_image":[{"width":1200,"height":800,"url":"https:\/\/idintl.com\/wp-content\/uploads\/2019\/09\/terrain_white.jpg","type":"image\/jpeg"}],"twitter_card":"summary_large_image","twitter_misc":{"Est. reading time":"2 minuti"},"schema":{"@context":"https:\/\/schema.org","@graph":[{"@type":"WebPage","@id":"https:\/\/idintl.com\/product\/terrain\/","url":"https:\/\/idintl.com\/product\/terrain\/","name":"Terreno - Identificazione internazionale","isPartOf":{"@id":"https:\/\/idintl.com\/#website"},"primaryImageOfPage":{"@id":"https:\/\/idintl.com\/product\/terrain\/#primaryimage"},"image":{"@id":"https:\/\/idintl.com\/product\/terrain\/#primaryimage"},"thumbnailUrl":"https:\/\/idintl.com\/wp-content\/uploads\/2019\/09\/terrain_white.jpg","datePublished":"2019-09-19T17:43:14+00:00","dateModified":"2025-12-01T16:59:21+00:00","description":"Terrian di i3 porta la rilevazione delle impronte digitali a una dimensione superiore, acquisendo sia immagini 2D certificate dall'FBI che immagini 3D ad alta risoluzione. Compatibile con USB 2 e 3.","breadcrumb":{"@id":"https:\/\/idintl.com\/product\/terrain\/#breadcrumb"},"inLanguage":"it-IT","potentialAction":[{"@type":"ReadAction","target":["https:\/\/idintl.com\/product\/terrain\/"]}]},{"@type":"ImageObject","inLanguage":"it-IT","@id":"https:\/\/idintl.com\/product\/terrain\/#primaryimage","url":"https:\/\/idintl.com\/wp-content\/uploads\/2019\/09\/terrain_white.jpg","contentUrl":"https:\/\/idintl.com\/wp-content\/uploads\/2019\/09\/terrain_white.jpg","width":1200,"height":800,"caption":"A photo of a Terrain livescan device"},{"@type":"BreadcrumbList","@id":"https:\/\/idintl.com\/product\/terrain\/#breadcrumb","itemListElement":[{"@type":"ListItem","position":1,"name":"Home","item":"https:\/\/idintl.com\/"},{"@type":"ListItem","position":2,"name":"Shop","item":"https:\/\/idintl.com\/shop\/"},{"@type":"ListItem","position":3,"name":"Hardware","item":"https:\/\/idintl.com\/product-category\/hardware\/"},{"@type":"ListItem","position":4,"name":"Terrain"}]},{"@type":"WebSite","@id":"https:\/\/idintl.com\/#website","url":"https:\/\/idintl.com\/","name":"Identificazione Internazionale","description":"","publisher":{"@id":"https:\/\/idintl.com\/#organization"},"potentialAction":[{"@type":"SearchAction","target":{"@type":"EntryPoint","urlTemplate":"https:\/\/idintl.com\/?s={search_term_string}"},"query-input":{"@type":"PropertyValueSpecification","valueRequired":true,"valueName":"search_term_string"}}],"inLanguage":"it-IT"},{"@type":"Organization","@id":"https:\/\/idintl.com\/#organization","name":"Identificazione Internazionale","url":"https:\/\/idintl.com\/","logo":{"@type":"ImageObject","inLanguage":"it-IT","@id":"https:\/\/idintl.com\/#\/schema\/logo\/image\/","url":"https:\/\/idintl.com\/wp-content\/uploads\/2019\/04\/i3_reversed@2x.png","contentUrl":"https:\/\/idintl.com\/wp-content\/uploads\/2019\/04\/i3_reversed@2x.png","width":262,"height":276,"caption":"Identification International"},"image":{"@id":"https:\/\/idintl.com\/#\/schema\/logo\/image\/"}}]}},"_links":{"self":[{"href":"https:\/\/idintl.com\/it\/wp-json\/wp\/v2\/product\/1939","targetHints":{"allow":["GET"]}}],"collection":[{"href":"https:\/\/idintl.com\/it\/wp-json\/wp\/v2\/product"}],"about":[{"href":"https:\/\/idintl.com\/it\/wp-json\/wp\/v2\/types\/product"}],"wp:featuredmedia":[{"embeddable":true,"href":"https:\/\/idintl.com\/it\/wp-json\/wp\/v2\/media\/1947"}],"wp:attachment":[{"href":"https:\/\/idintl.com\/it\/wp-json\/wp\/v2\/media?parent=1939"}],"wp:term":[{"taxonomy":"product_brand","embeddable":true,"href":"https:\/\/idintl.com\/it\/wp-json\/wp\/v2\/product_brand?post=1939"},{"taxonomy":"product_cat","embeddable":true,"href":"https:\/\/idintl.com\/it\/wp-json\/wp\/v2\/product_cat?post=1939"},{"taxonomy":"product_tag","embeddable":true,"href":"https:\/\/idintl.com\/it\/wp-json\/wp\/v2\/product_tag?post=1939"}],"curies":[{"name":"wp","href":"https:\/\/api.w.org\/{rel}","templated":true}]}}