{"id":6084,"date":"2023-08-18T20:15:35","date_gmt":"2023-08-18T20:15:35","guid":{"rendered":"https:\/\/idintl.com\/?page_id=6084"},"modified":"2025-11-10T18:41:11","modified_gmt":"2025-11-10T18:41:11","slug":"patentes","status":"publish","type":"page","link":"https:\/\/idintl.com\/pt\/patents\/","title":{"rendered":"Patentes"},"content":{"rendered":"<div class=\"wpb-content-wrapper\"><div class=\"vc_row wpb_row vc_row-fluid\"><div class=\"wpb_column vc_column_container vc_col-sm-12\"><div class=\"vc_column-inner\"><div class=\"wpb_wrapper\">\n\t<div class=\"wpb_text_column wpb_content_element\" >\n\t\t<div class=\"wpb_wrapper\">\n\t\t\t<table class=\"patent-table\" width=\"100%\">\n<tbody>\n<tr class=\"patent-table-header\">\n<td class=\"patent-table-l\" colspan=\"2\">Produto<\/td>\n<td class=\"patent-table-r\">N\u00fameros de patentes aplic\u00e1veis<\/td>\n<\/tr>\n<tr>\n<td><img loading=\"lazy\" decoding=\"async\" class=\"alignnone wp-image-7060 size-thumbnail\" src=\"https:\/\/idintl.com\/wp-content\/uploads\/2024\/06\/rx1000_cutout-150x150.png\" alt=\"Uma foto do dispositivo RX1000\" width=\"150\" height=\"150\" srcset=\"https:\/\/idintl.com\/wp-content\/uploads\/2024\/06\/rx1000_cutout-150x150.png 150w, https:\/\/idintl.com\/wp-content\/uploads\/2024\/06\/rx1000_cutout-300x300.png 300w, https:\/\/idintl.com\/wp-content\/uploads\/2024\/06\/rx1000_cutout-768x768.png 768w, https:\/\/idintl.com\/wp-content\/uploads\/2024\/06\/rx1000_cutout-600x600.png 600w, https:\/\/idintl.com\/wp-content\/uploads\/2024\/06\/rx1000_cutout-100x100.png 100w, https:\/\/idintl.com\/wp-content\/uploads\/2024\/06\/rx1000_cutout.png 800w\" sizes=\"auto, (max-width: 150px) 100vw, 150px\" \/><\/td>\n<td><a href=\"https:\/\/idintl.com\/pt\/apresentando-a-rx1000\/\"><strong>RX1000<\/strong><\/a><\/td>\n<td>US 7,812,936, US 7,822,236, US 8,068,646, US 8,077,934, US 8,520,911, US 8,542,890, US 8,768,013, US 9,064,139, US 10,740,902, US 11,600,106 e patentes pendentes<\/td>\n<\/tr>\n<tr>\n<td><img loading=\"lazy\" decoding=\"async\" class=\"alignnone wp-image-1947 size-thumbnail\" src=\"https:\/\/idintl.com\/wp-content\/uploads\/2019\/09\/terrain_white-150x150.jpg\" alt=\"Uma foto de um dispositivo Terrain Livescan\" width=\"150\" height=\"150\" srcset=\"https:\/\/idintl.com\/wp-content\/uploads\/2019\/09\/terrain_white-150x150.jpg 150w, https:\/\/idintl.com\/wp-content\/uploads\/2019\/09\/terrain_white-300x300.jpg 300w, https:\/\/idintl.com\/wp-content\/uploads\/2019\/09\/terrain_white-100x100.jpg 100w\" sizes=\"auto, (max-width: 150px) 100vw, 150px\" \/><\/td>\n<td><a href=\"https:\/\/idintl.com\/pt\/produto\/terreno\/\"><strong>Terrain<\/strong><\/a><\/td>\n<td>US 7.822.236, US 8.068.646, US 8.077.934, US 8.520.911, US 8.542.890, US 8.768.013, US 9.064.139, US 10.740.902, US 11.600.106<\/td>\n<\/tr>\n<tr>\n<td><img loading=\"lazy\" decoding=\"async\" class=\"alignnone wp-image-1949 size-thumbnail\" src=\"https:\/\/idintl.com\/wp-content\/uploads\/2019\/09\/terrainx_white-1-150x150.jpg\" alt=\"Uma foto de um dispositivo TerrainX livescan\" width=\"150\" height=\"150\" srcset=\"https:\/\/idintl.com\/wp-content\/uploads\/2019\/09\/terrainx_white-1-150x150.jpg 150w, https:\/\/idintl.com\/wp-content\/uploads\/2019\/09\/terrainx_white-1-300x300.jpg 300w, https:\/\/idintl.com\/wp-content\/uploads\/2019\/09\/terrainx_white-1-100x100.jpg 100w\" sizes=\"auto, (max-width: 150px) 100vw, 150px\" \/><\/td>\n<td><a href=\"https:\/\/idintl.com\/pt\/produto\/terrainx\/\"><strong>TerrainX<\/strong><\/a><\/td>\n<td>US 7.822.236, US 8.068.646, US 8.077.934, US 8.520.911, US 8.542.890, US 8.768.013, US 9.064.139, US 10.740.902, US 11.600.106<\/td>\n<\/tr>\n<tr>\n<td><img loading=\"lazy\" decoding=\"async\" class=\"alignnone wp-image-1368 size-thumbnail\" src=\"https:\/\/idintl.com\/wp-content\/uploads\/2019\/09\/i3_mini_trasp-1-150x150.png\" alt=\"Uma foto do digID mini+\" width=\"150\" height=\"150\" srcset=\"https:\/\/idintl.com\/wp-content\/uploads\/2019\/09\/i3_mini_trasp-1-150x150.png 150w, https:\/\/idintl.com\/wp-content\/uploads\/2019\/09\/i3_mini_trasp-1-300x300.png 300w, https:\/\/idintl.com\/wp-content\/uploads\/2019\/09\/i3_mini_trasp-1-100x100.png 100w\" sizes=\"auto, (max-width: 150px) 100vw, 150px\" \/><\/td>\n<td><a href=\"https:\/\/idintl.com\/pt\/produto\/digid-mini\/\"><strong>digID mini+<\/strong><\/a><\/td>\n<td>US 7.822.236, US 8.068.646, US 8.077.934, US 8.520.911, US 8.542.890, US 8.768.013, US 9.064.139<\/td>\n<\/tr>\n<tr>\n<td><img loading=\"lazy\" decoding=\"async\" class=\"wp-image-1364 size-thumbnail\" src=\"https:\/\/idintl.com\/wp-content\/uploads\/2019\/09\/i3_rugged_green-150x150.jpg\" alt=\"Uma foto de um dispositivo digID rugged+\" width=\"150\" height=\"150\" srcset=\"https:\/\/idintl.com\/wp-content\/uploads\/2019\/09\/i3_rugged_green-150x150.jpg 150w, https:\/\/idintl.com\/wp-content\/uploads\/2019\/09\/i3_rugged_green-300x300.jpg 300w, https:\/\/idintl.com\/wp-content\/uploads\/2019\/09\/i3_rugged_green-100x100.jpg 100w\" sizes=\"auto, (max-width: 150px) 100vw, 150px\" \/><\/td>\n<td><a href=\"https:\/\/idintl.com\/pt\/produto\/robusto-digid\/\"><strong>digiD rugged+<\/strong><\/a><\/td>\n<td>US 7.822.236, US 8.068.646, US 8.077.934, US 8.520.911, US 8.542.890, US 8.768.013, US 9.064.139<\/td>\n<\/tr>\n<\/tbody>\n<\/table>\n\n\t\t<\/div>\n\t<\/div>\n<\/div><\/div><\/div><\/div>\n<\/div>","protected":false},"excerpt":{"rendered":"<p> [&#8230;]<\/p>\n<p><a class=\"btn btn-secondary understrap-read-more-link\" href=\"https:\/\/idintl.com\/pt\/patents\/\">Leia mais&#8230;<span class=\"screen-reader-text\"> from Patents<\/span><\/a><\/p>\n","protected":false},"author":1,"featured_media":1422,"parent":0,"menu_order":0,"comment_status":"closed","ping_status":"closed","template":"","meta":{"footnotes":""},"class_list":["post-6084","page","type-page","status-publish","has-post-thumbnail","hentry"],"yoast_head":"<!-- This site is optimized with the Yoast SEO plugin v27.4 - https:\/\/yoast.com\/product\/yoast-seo-wordpress\/ -->\n<title>Patents - Identification International<\/title>\n<meta name=\"description\" content=\"Our technology is patented and protected under US patent law. For reference purposes, i3 provides all patent numbers as issued by the US PTO.\" \/>\n<meta name=\"robots\" content=\"index, follow, max-snippet:-1, max-image-preview:large, max-video-preview:-1\" \/>\n<link rel=\"canonical\" href=\"https:\/\/idintl.com\/pt\/patentes\/\" \/>\n<meta property=\"og:locale\" content=\"pt_BR\" \/>\n<meta property=\"og:type\" content=\"article\" \/>\n<meta property=\"og:title\" content=\"Patents - Identification International\" \/>\n<meta property=\"og:description\" content=\"Our technology is patented and protected under US patent law. For reference purposes, i3 provides all patent numbers as issued by the US PTO.\" \/>\n<meta property=\"og:url\" content=\"https:\/\/idintl.com\/pt\/patentes\/\" \/>\n<meta property=\"og:site_name\" content=\"Identification International\" \/>\n<meta property=\"article:modified_time\" content=\"2025-11-10T18:41:11+00:00\" \/>\n<meta property=\"og:image\" content=\"https:\/\/idintl.com\/wp-content\/uploads\/2019\/05\/rugged_on_truck.jpg\" \/>\n\t<meta property=\"og:image:width\" content=\"1200\" \/>\n\t<meta property=\"og:image:height\" content=\"800\" \/>\n\t<meta property=\"og:image:type\" content=\"image\/jpeg\" \/>\n<meta name=\"twitter:card\" content=\"summary_large_image\" \/>\n<meta name=\"twitter:label1\" content=\"Est. reading time\" \/>\n\t<meta name=\"twitter:data1\" content=\"2 minutos\" \/>\n<script type=\"application\/ld+json\" class=\"yoast-schema-graph\">{\"@context\":\"https:\\\/\\\/schema.org\",\"@graph\":[{\"@type\":\"WebPage\",\"@id\":\"https:\\\/\\\/idintl.com\\\/patents\\\/\",\"url\":\"https:\\\/\\\/idintl.com\\\/patents\\\/\",\"name\":\"Patents - Identification International\",\"isPartOf\":{\"@id\":\"https:\\\/\\\/idintl.com\\\/#website\"},\"primaryImageOfPage\":{\"@id\":\"https:\\\/\\\/idintl.com\\\/patents\\\/#primaryimage\"},\"image\":{\"@id\":\"https:\\\/\\\/idintl.com\\\/patents\\\/#primaryimage\"},\"thumbnailUrl\":\"https:\\\/\\\/idintl.com\\\/wp-content\\\/uploads\\\/2019\\\/05\\\/rugged_on_truck.jpg\",\"datePublished\":\"2023-08-18T20:15:35+00:00\",\"dateModified\":\"2025-11-10T18:41:11+00:00\",\"description\":\"Our technology is patented and protected under US patent law. For reference purposes, i3 provides all patent numbers as issued by the US PTO.\",\"breadcrumb\":{\"@id\":\"https:\\\/\\\/idintl.com\\\/patents\\\/#breadcrumb\"},\"inLanguage\":\"pt-BR\",\"potentialAction\":[{\"@type\":\"ReadAction\",\"target\":[\"https:\\\/\\\/idintl.com\\\/patents\\\/\"]}]},{\"@type\":\"ImageObject\",\"inLanguage\":\"pt-BR\",\"@id\":\"https:\\\/\\\/idintl.com\\\/patents\\\/#primaryimage\",\"url\":\"https:\\\/\\\/idintl.com\\\/wp-content\\\/uploads\\\/2019\\\/05\\\/rugged_on_truck.jpg\",\"contentUrl\":\"https:\\\/\\\/idintl.com\\\/wp-content\\\/uploads\\\/2019\\\/05\\\/rugged_on_truck.jpg\",\"width\":1200,\"height\":800,\"caption\":\"A photo of digID rugged+ on the bed of a truck\"},{\"@type\":\"BreadcrumbList\",\"@id\":\"https:\\\/\\\/idintl.com\\\/patents\\\/#breadcrumb\",\"itemListElement\":[{\"@type\":\"ListItem\",\"position\":1,\"name\":\"Home\",\"item\":\"https:\\\/\\\/idintl.com\\\/\"},{\"@type\":\"ListItem\",\"position\":2,\"name\":\"Patents\"}]},{\"@type\":\"WebSite\",\"@id\":\"https:\\\/\\\/idintl.com\\\/#website\",\"url\":\"https:\\\/\\\/idintl.com\\\/\",\"name\":\"Identification International\",\"description\":\"\",\"publisher\":{\"@id\":\"https:\\\/\\\/idintl.com\\\/#organization\"},\"potentialAction\":[{\"@type\":\"SearchAction\",\"target\":{\"@type\":\"EntryPoint\",\"urlTemplate\":\"https:\\\/\\\/idintl.com\\\/?s={search_term_string}\"},\"query-input\":{\"@type\":\"PropertyValueSpecification\",\"valueRequired\":true,\"valueName\":\"search_term_string\"}}],\"inLanguage\":\"pt-BR\"},{\"@type\":\"Organization\",\"@id\":\"https:\\\/\\\/idintl.com\\\/#organization\",\"name\":\"Identification International\",\"url\":\"https:\\\/\\\/idintl.com\\\/\",\"logo\":{\"@type\":\"ImageObject\",\"inLanguage\":\"pt-BR\",\"@id\":\"https:\\\/\\\/idintl.com\\\/#\\\/schema\\\/logo\\\/image\\\/\",\"url\":\"https:\\\/\\\/idintl.com\\\/wp-content\\\/uploads\\\/2019\\\/04\\\/i3_reversed@2x.png\",\"contentUrl\":\"https:\\\/\\\/idintl.com\\\/wp-content\\\/uploads\\\/2019\\\/04\\\/i3_reversed@2x.png\",\"width\":262,\"height\":276,\"caption\":\"Identification International\"},\"image\":{\"@id\":\"https:\\\/\\\/idintl.com\\\/#\\\/schema\\\/logo\\\/image\\\/\"}}]}<\/script>\n<!-- \/ Yoast SEO plugin. -->","yoast_head_json":{"title":"Patentes - Identification International","description":"Nossa tecnologia \u00e9 patenteada e protegida pela lei de patentes dos EUA. Para fins de refer\u00eancia, a i3 fornece todos os n\u00fameros de patentes conforme emitidos pelo PTO dos EUA.","robots":{"index":"index","follow":"follow","max-snippet":"max-snippet:-1","max-image-preview":"max-image-preview:large","max-video-preview":"max-video-preview:-1"},"canonical":"https:\/\/idintl.com\/pt\/patentes\/","og_locale":"pt_BR","og_type":"article","og_title":"Patents - Identification International","og_description":"Our technology is patented and protected under US patent law. For reference purposes, i3 provides all patent numbers as issued by the US PTO.","og_url":"https:\/\/idintl.com\/pt\/patentes\/","og_site_name":"Identification International","article_modified_time":"2025-11-10T18:41:11+00:00","og_image":[{"width":1200,"height":800,"url":"https:\/\/idintl.com\/wp-content\/uploads\/2019\/05\/rugged_on_truck.jpg","type":"image\/jpeg"}],"twitter_card":"summary_large_image","twitter_misc":{"Est. reading time":"2 minutos"},"schema":{"@context":"https:\/\/schema.org","@graph":[{"@type":"WebPage","@id":"https:\/\/idintl.com\/patents\/","url":"https:\/\/idintl.com\/patents\/","name":"Patentes - Identification International","isPartOf":{"@id":"https:\/\/idintl.com\/#website"},"primaryImageOfPage":{"@id":"https:\/\/idintl.com\/patents\/#primaryimage"},"image":{"@id":"https:\/\/idintl.com\/patents\/#primaryimage"},"thumbnailUrl":"https:\/\/idintl.com\/wp-content\/uploads\/2019\/05\/rugged_on_truck.jpg","datePublished":"2023-08-18T20:15:35+00:00","dateModified":"2025-11-10T18:41:11+00:00","description":"Nossa tecnologia \u00e9 patenteada e protegida pela lei de patentes dos EUA. Para fins de refer\u00eancia, a i3 fornece todos os n\u00fameros de patentes conforme emitidos pelo PTO dos EUA.","breadcrumb":{"@id":"https:\/\/idintl.com\/patents\/#breadcrumb"},"inLanguage":"pt-BR","potentialAction":[{"@type":"ReadAction","target":["https:\/\/idintl.com\/patents\/"]}]},{"@type":"ImageObject","inLanguage":"pt-BR","@id":"https:\/\/idintl.com\/patents\/#primaryimage","url":"https:\/\/idintl.com\/wp-content\/uploads\/2019\/05\/rugged_on_truck.jpg","contentUrl":"https:\/\/idintl.com\/wp-content\/uploads\/2019\/05\/rugged_on_truck.jpg","width":1200,"height":800,"caption":"A photo of digID rugged+ on the bed of a truck"},{"@type":"BreadcrumbList","@id":"https:\/\/idintl.com\/patents\/#breadcrumb","itemListElement":[{"@type":"ListItem","position":1,"name":"Home","item":"https:\/\/idintl.com\/"},{"@type":"ListItem","position":2,"name":"Patents"}]},{"@type":"WebSite","@id":"https:\/\/idintl.com\/#website","url":"https:\/\/idintl.com\/","name":"Identifica\u00e7\u00e3o Internacional","description":"","publisher":{"@id":"https:\/\/idintl.com\/#organization"},"potentialAction":[{"@type":"SearchAction","target":{"@type":"EntryPoint","urlTemplate":"https:\/\/idintl.com\/?s={search_term_string}"},"query-input":{"@type":"PropertyValueSpecification","valueRequired":true,"valueName":"search_term_string"}}],"inLanguage":"pt-BR"},{"@type":"Organization","@id":"https:\/\/idintl.com\/#organization","name":"Identifica\u00e7\u00e3o Internacional","url":"https:\/\/idintl.com\/","logo":{"@type":"ImageObject","inLanguage":"pt-BR","@id":"https:\/\/idintl.com\/#\/schema\/logo\/image\/","url":"https:\/\/idintl.com\/wp-content\/uploads\/2019\/04\/i3_reversed@2x.png","contentUrl":"https:\/\/idintl.com\/wp-content\/uploads\/2019\/04\/i3_reversed@2x.png","width":262,"height":276,"caption":"Identification International"},"image":{"@id":"https:\/\/idintl.com\/#\/schema\/logo\/image\/"}}]}},"_links":{"self":[{"href":"https:\/\/idintl.com\/pt\/wp-json\/wp\/v2\/pages\/6084","targetHints":{"allow":["GET"]}}],"collection":[{"href":"https:\/\/idintl.com\/pt\/wp-json\/wp\/v2\/pages"}],"about":[{"href":"https:\/\/idintl.com\/pt\/wp-json\/wp\/v2\/types\/page"}],"author":[{"embeddable":true,"href":"https:\/\/idintl.com\/pt\/wp-json\/wp\/v2\/users\/1"}],"replies":[{"embeddable":true,"href":"https:\/\/idintl.com\/pt\/wp-json\/wp\/v2\/comments?post=6084"}],"version-history":[{"count":0,"href":"https:\/\/idintl.com\/pt\/wp-json\/wp\/v2\/pages\/6084\/revisions"}],"wp:featuredmedia":[{"embeddable":true,"href":"https:\/\/idintl.com\/pt\/wp-json\/wp\/v2\/media\/1422"}],"wp:attachment":[{"href":"https:\/\/idintl.com\/pt\/wp-json\/wp\/v2\/media?parent=6084"}],"curies":[{"name":"wp","href":"https:\/\/api.w.org\/{rel}","templated":true}]}}