{"id":855,"date":"2019-05-30T17:55:46","date_gmt":"2019-05-30T17:55:46","guid":{"rendered":"https:\/\/idintl.wpengine.com\/?page_id=855"},"modified":"2025-11-24T21:06:08","modified_gmt":"2025-11-24T21:06:08","slug":"suporte","status":"publish","type":"page","link":"https:\/\/idintl.com\/pt\/support\/","title":{"rendered":"Suporte"},"content":{"rendered":"<div class=\"wpb-content-wrapper\"><div data-vc-full-width=\"true\" data-vc-full-width-temp=\"true\" data-vc-full-width-init=\"false\" class=\"vc_row wpb_row vc_row-fluid vc_column-gap-15 vc_row-o-equal-height vc_row-flex\"><div class=\"wpb_column vc_column_container vc_col-sm-6\"><div class=\"vc_column-inner\"><div class=\"wpb_wrapper\">\n\t<div class=\"wpb_text_column wpb_content_element vc_custom_1559240067529 open-nav-list page-top-section\" >\n\t\t<div class=\"wpb_wrapper\">\n\t\t\t<p>Voc\u00ea assumiu o compromisso com os produtos e\/ou servi\u00e7os da i3 - n\u00f3s lhe agradecemos! E tamb\u00e9m sabemos que voc\u00ea pode precisar de ajuda.<\/p>\n\n\t\t<\/div>\n\t<\/div>\n\n\t<div class=\"wpb_text_column wpb_content_element vc_custom_1567720468056\" >\n\t\t<div class=\"wpb_wrapper\">\n\t\t\t<p><span style=\"font-weight: 400;\">Nossa equipe de suporte \u00e9 focada no cliente e nos orgulhamos de conhecer nossos produtos por dentro e por fora. Al\u00e9m de manter nossos sistemas funcionando sem problemas, colaboramos com nossos clientes para garantir que suas necessidades de seguran\u00e7a sejam atendidas.\u00a0\u00a0<\/span><\/p>\n<p><span style=\"font-weight: 400;\">Se tiver d\u00favidas sobre o seu caso espec\u00edfico, entre em contato conosco. Nosso objetivo \u00e9 garantir que voc\u00ea fique totalmente satisfeito com os produtos e servi\u00e7os oferecidos pela i3.<\/span><\/p>\n\n\t\t<\/div>\n\t<\/div>\n<div class=\"vc_separator wpb_content_element vc_separator_align_center vc_sep_width_100 vc_sep_pos_align_center vc_separator_no_text vc_sep_color_grey wpb_content_element  wpb_content_element\" ><span class=\"vc_sep_holder vc_sep_holder_l\"><span class=\"vc_sep_line\"><\/span><\/span><span class=\"vc_sep_holder vc_sep_holder_r\"><span class=\"vc_sep_line\"><\/span><\/span>\n<\/div>\n\t<div class=\"wpb_text_column wpb_content_element vc_custom_1764018362223\" >\n\t\t<div class=\"wpb_wrapper\">\n\t\t\t<h4>Precisa de respostas r\u00e1pidas?<br \/>\nEntre em contato conosco <a class=\"c-link\" href=\"tel:1-540-953-1365\" target=\"_blank\" rel=\"noopener noreferrer\">+1 540-953-1365<\/a>.<\/h4>\n\n\t\t<\/div>\n\t<\/div>\n<div class=\"vc_btn3-container vc_btn3-inline vc_do_btn\" ><a class=\"vc_general vc_btn3 vc_btn3-size-lg vc_btn3-shape-square vc_btn3-style-outline vc_btn3-color-green\" href=\"\/pt\/contato\/\" title=\"Entre em contato conosco\">Entre em contato conosco<\/a><\/div><div class=\"vc_row wpb_row vc_inner vc_row-fluid\"><div class=\"wpb_column vc_column_container vc_col-sm-6\"><div class=\"vc_column-inner\"><div class=\"wpb_wrapper\"><\/div><\/div><\/div><div class=\"wpb_column vc_column_container vc_col-sm-6\"><div class=\"vc_column-inner\"><div class=\"wpb_wrapper\"><\/div><\/div><\/div><\/div><\/div><\/div><\/div><div class=\"wpb_column vc_column_container vc_col-sm-6 vc_col-has-fill\"><div class=\"vc_column-inner vc_custom_1567655430760\"><div class=\"wpb_wrapper\">\n\t<div  class=\"wpb_single_image wpb_content_element vc_align_left wpb_content_element  shadow-image\">\n\t\t\n\t\t<figure class=\"wpb_wrapper vc_figure\">\n\t\t\t<div class=\"vc_single_image-wrapper   vc_box_border_grey\"><img loading=\"lazy\" decoding=\"async\" width=\"640\" height=\"433\" src=\"https:\/\/idintl.com\/wp-content\/uploads\/2019\/05\/contact_header_image-e1568121886918-1024x692.jpg\" class=\"vc_single_image-img attachment-large\" alt=\"Uma imagem de uma pessoa de suporte ao telefone\" title=\"imagem do cabe\u00e7alho do contato\" srcset=\"https:\/\/idintl.com\/wp-content\/uploads\/2019\/05\/contact_header_image-e1568121886918-1024x692.jpg 1024w, https:\/\/idintl.com\/wp-content\/uploads\/2019\/05\/contact_header_image-e1568121886918-600x406.jpg 600w, https:\/\/idintl.com\/wp-content\/uploads\/2019\/05\/contact_header_image-e1568121886918-300x203.jpg 300w, https:\/\/idintl.com\/wp-content\/uploads\/2019\/05\/contact_header_image-e1568121886918-768x519.jpg 768w, https:\/\/idintl.com\/wp-content\/uploads\/2019\/05\/contact_header_image-e1568121886918.jpg 1598w\" sizes=\"auto, (max-width: 640px) 100vw, 640px\" \/><\/div>\n\t\t<\/figure>\n\t<\/div>\n<\/div><\/div><\/div><\/div><div class=\"vc_row-full-width vc_clearfix\"><\/div><div class=\"vc_row wpb_row vc_row-fluid vc_custom_1560453486536\"><div class=\"wpb_column vc_column_container vc_col-sm-12\"><div class=\"vc_column-inner\"><div class=\"wpb_wrapper\"><\/div><\/div><\/div><\/div>\n<\/div>","protected":false},"excerpt":{"rendered":"<p> [&#8230;]<\/p>\n<p><a class=\"btn btn-secondary understrap-read-more-link\" href=\"https:\/\/idintl.com\/pt\/support\/\">Leia mais&#8230;<span class=\"screen-reader-text\"> from Support<\/span><\/a><\/p>\n","protected":false},"author":1,"featured_media":866,"parent":0,"menu_order":0,"comment_status":"closed","ping_status":"closed","template":"page-templates\/fullwidthpage.php","meta":{"footnotes":""},"class_list":["post-855","page","type-page","status-publish","has-post-thumbnail","hentry"],"yoast_head":"<!-- This site is optimized with the Yoast SEO plugin v27.2 - https:\/\/yoast.com\/product\/yoast-seo-wordpress\/ -->\n<title>Support - Identification International<\/title>\n<meta name=\"description\" content=\"i3 packages its hardware, software and services so they can be applied to large cross-sections of government and industry.\" \/>\n<meta name=\"robots\" content=\"index, follow, max-snippet:-1, max-image-preview:large, max-video-preview:-1\" \/>\n<link rel=\"canonical\" href=\"https:\/\/idintl.com\/pt\/suporte\/\" \/>\n<meta property=\"og:locale\" content=\"pt_BR\" \/>\n<meta property=\"og:type\" content=\"article\" \/>\n<meta property=\"og:title\" content=\"Support - Identification International\" \/>\n<meta property=\"og:description\" content=\"i3 packages its hardware, software and services so they can be applied to large cross-sections of government and industry.\" \/>\n<meta property=\"og:url\" content=\"https:\/\/idintl.com\/pt\/suporte\/\" \/>\n<meta property=\"og:site_name\" content=\"Identification International\" \/>\n<meta property=\"article:modified_time\" content=\"2025-11-24T21:06:08+00:00\" \/>\n<meta property=\"og:image\" content=\"https:\/\/idintl.com\/wp-content\/uploads\/2019\/05\/contact_header_image-e1568121886918.jpg\" \/>\n\t<meta property=\"og:image:width\" content=\"1598\" \/>\n\t<meta property=\"og:image:height\" content=\"1080\" \/>\n\t<meta property=\"og:image:type\" content=\"image\/jpeg\" \/>\n<meta name=\"twitter:card\" content=\"summary_large_image\" \/>\n<meta name=\"twitter:label1\" content=\"Est. reading time\" \/>\n\t<meta name=\"twitter:data1\" content=\"1 minuto\" \/>\n<script type=\"application\/ld+json\" class=\"yoast-schema-graph\">{\"@context\":\"https:\/\/schema.org\",\"@graph\":[{\"@type\":\"WebPage\",\"@id\":\"https:\/\/idintl.com\/support\/\",\"url\":\"https:\/\/idintl.com\/support\/\",\"name\":\"Support - Identification International\",\"isPartOf\":{\"@id\":\"https:\/\/idintl.com\/#website\"},\"primaryImageOfPage\":{\"@id\":\"https:\/\/idintl.com\/support\/#primaryimage\"},\"image\":{\"@id\":\"https:\/\/idintl.com\/support\/#primaryimage\"},\"thumbnailUrl\":\"https:\/\/idintl.com\/wp-content\/uploads\/2019\/05\/contact_header_image-e1568121886918.jpg\",\"datePublished\":\"2019-05-30T17:55:46+00:00\",\"dateModified\":\"2025-11-24T21:06:08+00:00\",\"description\":\"i3 packages its hardware, software and services so they can be applied to large cross-sections of government and industry.\",\"breadcrumb\":{\"@id\":\"https:\/\/idintl.com\/support\/#breadcrumb\"},\"inLanguage\":\"pt-BR\",\"potentialAction\":[{\"@type\":\"ReadAction\",\"target\":[\"https:\/\/idintl.com\/support\/\"]}]},{\"@type\":\"ImageObject\",\"inLanguage\":\"pt-BR\",\"@id\":\"https:\/\/idintl.com\/support\/#primaryimage\",\"url\":\"https:\/\/idintl.com\/wp-content\/uploads\/2019\/05\/contact_header_image-e1568121886918.jpg\",\"contentUrl\":\"https:\/\/idintl.com\/wp-content\/uploads\/2019\/05\/contact_header_image-e1568121886918.jpg\",\"width\":1598,\"height\":1080,\"caption\":\"An image of a support person on the phone\"},{\"@type\":\"BreadcrumbList\",\"@id\":\"https:\/\/idintl.com\/support\/#breadcrumb\",\"itemListElement\":[{\"@type\":\"ListItem\",\"position\":1,\"name\":\"Home\",\"item\":\"https:\/\/idintl.com\/\"},{\"@type\":\"ListItem\",\"position\":2,\"name\":\"Support\"}]},{\"@type\":\"WebSite\",\"@id\":\"https:\/\/idintl.com\/#website\",\"url\":\"https:\/\/idintl.com\/\",\"name\":\"Identification International\",\"description\":\"\",\"publisher\":{\"@id\":\"https:\/\/idintl.com\/#organization\"},\"potentialAction\":[{\"@type\":\"SearchAction\",\"target\":{\"@type\":\"EntryPoint\",\"urlTemplate\":\"https:\/\/idintl.com\/?s={search_term_string}\"},\"query-input\":{\"@type\":\"PropertyValueSpecification\",\"valueRequired\":true,\"valueName\":\"search_term_string\"}}],\"inLanguage\":\"pt-BR\"},{\"@type\":\"Organization\",\"@id\":\"https:\/\/idintl.com\/#organization\",\"name\":\"Identification International\",\"url\":\"https:\/\/idintl.com\/\",\"logo\":{\"@type\":\"ImageObject\",\"inLanguage\":\"pt-BR\",\"@id\":\"https:\/\/idintl.com\/#\/schema\/logo\/image\/\",\"url\":\"https:\/\/idintl.com\/wp-content\/uploads\/2019\/04\/i3_reversed@2x.png\",\"contentUrl\":\"https:\/\/idintl.com\/wp-content\/uploads\/2019\/04\/i3_reversed@2x.png\",\"width\":262,\"height\":276,\"caption\":\"Identification International\"},\"image\":{\"@id\":\"https:\/\/idintl.com\/#\/schema\/logo\/image\/\"}}]}<\/script>\n<!-- \/ Yoast SEO plugin. -->","yoast_head_json":{"title":"Suporte - Identification International","description":"A i3 empacota seu hardware, software e servi\u00e7os para que possam ser aplicados a grandes setores do governo e da ind\u00fastria.","robots":{"index":"index","follow":"follow","max-snippet":"max-snippet:-1","max-image-preview":"max-image-preview:large","max-video-preview":"max-video-preview:-1"},"canonical":"https:\/\/idintl.com\/pt\/suporte\/","og_locale":"pt_BR","og_type":"article","og_title":"Support - Identification International","og_description":"i3 packages its hardware, software and services so they can be applied to large cross-sections of government and industry.","og_url":"https:\/\/idintl.com\/pt\/suporte\/","og_site_name":"Identification International","article_modified_time":"2025-11-24T21:06:08+00:00","og_image":[{"width":1598,"height":1080,"url":"https:\/\/idintl.com\/wp-content\/uploads\/2019\/05\/contact_header_image-e1568121886918.jpg","type":"image\/jpeg"}],"twitter_card":"summary_large_image","twitter_misc":{"Est. reading time":"1 minuto"},"schema":{"@context":"https:\/\/schema.org","@graph":[{"@type":"WebPage","@id":"https:\/\/idintl.com\/support\/","url":"https:\/\/idintl.com\/support\/","name":"Suporte - Identification International","isPartOf":{"@id":"https:\/\/idintl.com\/#website"},"primaryImageOfPage":{"@id":"https:\/\/idintl.com\/support\/#primaryimage"},"image":{"@id":"https:\/\/idintl.com\/support\/#primaryimage"},"thumbnailUrl":"https:\/\/idintl.com\/wp-content\/uploads\/2019\/05\/contact_header_image-e1568121886918.jpg","datePublished":"2019-05-30T17:55:46+00:00","dateModified":"2025-11-24T21:06:08+00:00","description":"A i3 empacota seu hardware, software e servi\u00e7os para que possam ser aplicados a grandes setores do governo e da ind\u00fastria.","breadcrumb":{"@id":"https:\/\/idintl.com\/support\/#breadcrumb"},"inLanguage":"pt-BR","potentialAction":[{"@type":"ReadAction","target":["https:\/\/idintl.com\/support\/"]}]},{"@type":"ImageObject","inLanguage":"pt-BR","@id":"https:\/\/idintl.com\/support\/#primaryimage","url":"https:\/\/idintl.com\/wp-content\/uploads\/2019\/05\/contact_header_image-e1568121886918.jpg","contentUrl":"https:\/\/idintl.com\/wp-content\/uploads\/2019\/05\/contact_header_image-e1568121886918.jpg","width":1598,"height":1080,"caption":"An image of a support person on the phone"},{"@type":"BreadcrumbList","@id":"https:\/\/idintl.com\/support\/#breadcrumb","itemListElement":[{"@type":"ListItem","position":1,"name":"Home","item":"https:\/\/idintl.com\/"},{"@type":"ListItem","position":2,"name":"Support"}]},{"@type":"WebSite","@id":"https:\/\/idintl.com\/#website","url":"https:\/\/idintl.com\/","name":"Identifica\u00e7\u00e3o Internacional","description":"","publisher":{"@id":"https:\/\/idintl.com\/#organization"},"potentialAction":[{"@type":"SearchAction","target":{"@type":"EntryPoint","urlTemplate":"https:\/\/idintl.com\/?s={search_term_string}"},"query-input":{"@type":"PropertyValueSpecification","valueRequired":true,"valueName":"search_term_string"}}],"inLanguage":"pt-BR"},{"@type":"Organization","@id":"https:\/\/idintl.com\/#organization","name":"Identifica\u00e7\u00e3o Internacional","url":"https:\/\/idintl.com\/","logo":{"@type":"ImageObject","inLanguage":"pt-BR","@id":"https:\/\/idintl.com\/#\/schema\/logo\/image\/","url":"https:\/\/idintl.com\/wp-content\/uploads\/2019\/04\/i3_reversed@2x.png","contentUrl":"https:\/\/idintl.com\/wp-content\/uploads\/2019\/04\/i3_reversed@2x.png","width":262,"height":276,"caption":"Identification International"},"image":{"@id":"https:\/\/idintl.com\/#\/schema\/logo\/image\/"}}]}},"_links":{"self":[{"href":"https:\/\/idintl.com\/pt\/wp-json\/wp\/v2\/pages\/855","targetHints":{"allow":["GET"]}}],"collection":[{"href":"https:\/\/idintl.com\/pt\/wp-json\/wp\/v2\/pages"}],"about":[{"href":"https:\/\/idintl.com\/pt\/wp-json\/wp\/v2\/types\/page"}],"author":[{"embeddable":true,"href":"https:\/\/idintl.com\/pt\/wp-json\/wp\/v2\/users\/1"}],"replies":[{"embeddable":true,"href":"https:\/\/idintl.com\/pt\/wp-json\/wp\/v2\/comments?post=855"}],"version-history":[{"count":0,"href":"https:\/\/idintl.com\/pt\/wp-json\/wp\/v2\/pages\/855\/revisions"}],"wp:featuredmedia":[{"embeddable":true,"href":"https:\/\/idintl.com\/pt\/wp-json\/wp\/v2\/media\/866"}],"wp:attachment":[{"href":"https:\/\/idintl.com\/pt\/wp-json\/wp\/v2\/media?parent=855"}],"curies":[{"name":"wp","href":"https:\/\/api.w.org\/{rel}","templated":true}]}}