{"id":938,"date":"2019-05-31T20:09:25","date_gmt":"2019-05-31T20:09:25","guid":{"rendered":"https:\/\/idintl.wpengine.com\/?page_id=938"},"modified":"2023-02-22T18:52:22","modified_gmt":"2023-02-22T18:52:22","slug":"servicos","status":"publish","type":"page","link":"https:\/\/idintl.com\/pt\/services\/","title":{"rendered":"Servi\u00e7os"},"content":{"rendered":"<div class=\"wpb-content-wrapper\"><div data-vc-full-width=\"true\" data-vc-full-width-temp=\"true\" data-vc-full-width-init=\"false\" class=\"vc_row wpb_row vc_row-fluid page-top-section vc_custom_1567702506658 vc_column-gap-15 vc_row-o-equal-height vc_row-flex\"><div class=\"wpb_column vc_column_container vc_col-sm-8\"><div class=\"vc_column-inner\"><div class=\"wpb_wrapper\"><div class=\"vc_row wpb_row vc_inner vc_row-fluid\"><div class=\"wpb_column vc_column_container vc_col-sm-10\"><div class=\"vc_column-inner\"><div class=\"wpb_wrapper\">\n\t<div class=\"wpb_text_column wpb_content_element\" >\n\t\t<div class=\"wpb_wrapper\">\n\t\t\t<p><span style=\"font-weight: 400;\">A i3 complementa suas ofertas de produtos com v\u00e1rias ofertas de servi\u00e7os auxiliares.<\/span><\/p>\n\n\t\t<\/div>\n\t<\/div>\n<\/div><\/div><\/div><div class=\"wpb_column vc_column_container vc_col-sm-2\"><div class=\"vc_column-inner\"><div class=\"wpb_wrapper\"><\/div><\/div><\/div><\/div><\/div><\/div><\/div><div class=\"wpb_column vc_column_container vc_col-sm-4 vc_col-has-fill\"><div class=\"vc_column-inner vc_custom_1567702313399\"><div class=\"wpb_wrapper\"><\/div><\/div><\/div><\/div><div class=\"vc_row-full-width vc_clearfix\"><\/div><div data-vc-full-width=\"true\" data-vc-full-width-temp=\"true\" data-vc-full-width-init=\"false\" class=\"vc_row wpb_row vc_row-fluid page-top-section vc_custom_1567702474278 vc_row-has-fill vc_column-gap-15 vc_row-o-equal-height vc_row-o-content-middle vc_row-flex\"><div class=\"wpb_column vc_column_container vc_col-sm-6 vc_col-has-fill\"><div class=\"vc_column-inner vc_custom_1559067399906\"><div class=\"wpb_wrapper\">\n\t<div  class=\"wpb_single_image wpb_content_element vc_align_left wpb_content_element\">\n\t\t\n\t\t<figure class=\"wpb_wrapper vc_figure\">\n\t\t\t<div class=\"vc_single_image-wrapper   vc_box_border_grey\"><img loading=\"lazy\" decoding=\"async\" width=\"640\" height=\"427\" src=\"https:\/\/idintl.com\/wp-content\/uploads\/2019\/09\/fpcheck_blue-1024x683.jpg\" class=\"vc_single_image-img attachment-large\" alt=\"Uma foto de um laptop executando o FPCheck\" title=\"fpcheck_blue\" srcset=\"https:\/\/idintl.com\/wp-content\/uploads\/2019\/09\/fpcheck_blue-1024x683.jpg 1024w, https:\/\/idintl.com\/wp-content\/uploads\/2019\/09\/fpcheck_blue-600x400.jpg 600w, https:\/\/idintl.com\/wp-content\/uploads\/2019\/09\/fpcheck_blue-300x200.jpg 300w, https:\/\/idintl.com\/wp-content\/uploads\/2019\/09\/fpcheck_blue-768x512.jpg 768w, https:\/\/idintl.com\/wp-content\/uploads\/2019\/09\/fpcheck_blue.jpg 1200w\" sizes=\"auto, (max-width: 640px) 100vw, 640px\" \/><\/div>\n\t\t<\/figure>\n\t<\/div>\n<\/div><\/div><\/div><div class=\"wpb_column vc_column_container vc_col-sm-6\"><div class=\"vc_column-inner\"><div class=\"wpb_wrapper\">\n\t<div class=\"wpb_text_column wpb_content_element\" >\n\t\t<div class=\"wpb_wrapper\">\n\t\t\t<h2><a href=\"https:\/\/idintl.com\/pt\/produto\/fpcheck\/\"><strong>FPCheck (somente nos EUA)<\/strong><\/a><\/h2>\n<p><span style=\"font-weight: 400;\">Uma abordagem de pagamento por transa\u00e7\u00e3o para verifica\u00e7\u00f5es de antecedentes de impress\u00f5es digitais de candidatos.<\/span><\/p>\n<p><a href=\"https:\/\/idintl.com\/pt\/produto\/fpcheck\/\">Explore o FPCheck<\/a><\/p>\n\n\t\t<\/div>\n\t<\/div>\n<\/div><\/div><\/div><\/div><div class=\"vc_row-full-width vc_clearfix\"><\/div><div data-vc-full-width=\"true\" data-vc-full-width-temp=\"true\" data-vc-full-width-init=\"false\" class=\"vc_row wpb_row vc_row-fluid vc_custom_1567702480086 vc_column-gap-15 vc_row-o-equal-height vc_row-o-content-middle vc_row-flex\"><div class=\"wpb_column vc_column_container vc_col-sm-6 vc_col-has-fill\"><div class=\"vc_column-inner vc_custom_1567702063660\"><div class=\"wpb_wrapper\">\n\t<div  class=\"wpb_single_image wpb_content_element vc_align_left wpb_content_element\">\n\t\t\n\t\t<figure class=\"wpb_wrapper vc_figure\">\n\t\t\t<div class=\"vc_single_image-wrapper   vc_box_border_grey\"><img loading=\"lazy\" decoding=\"async\" width=\"640\" height=\"433\" src=\"https:\/\/idintl.com\/wp-content\/uploads\/2019\/05\/contact_header_image-e1568121886918-1024x692.jpg\" class=\"vc_single_image-img attachment-large\" alt=\"Uma imagem de uma pessoa de suporte ao telefone\" title=\"imagem do cabe\u00e7alho do contato\" srcset=\"https:\/\/idintl.com\/wp-content\/uploads\/2019\/05\/contact_header_image-e1568121886918-1024x692.jpg 1024w, https:\/\/idintl.com\/wp-content\/uploads\/2019\/05\/contact_header_image-e1568121886918-600x406.jpg 600w, https:\/\/idintl.com\/wp-content\/uploads\/2019\/05\/contact_header_image-e1568121886918-300x203.jpg 300w, https:\/\/idintl.com\/wp-content\/uploads\/2019\/05\/contact_header_image-e1568121886918-768x519.jpg 768w, https:\/\/idintl.com\/wp-content\/uploads\/2019\/05\/contact_header_image-e1568121886918.jpg 1598w\" sizes=\"auto, (max-width: 640px) 100vw, 640px\" \/><\/div>\n\t\t<\/figure>\n\t<\/div>\n<\/div><\/div><\/div><div class=\"wpb_column vc_column_container vc_col-sm-6\"><div class=\"vc_column-inner\"><div class=\"wpb_wrapper\">\n\t<div class=\"wpb_text_column wpb_content_element\" >\n\t\t<div class=\"wpb_wrapper\">\n\t\t\t<h2><a href=\"https:\/\/idintl.com\/pt\/suporte\/\"><strong>Manuten\u00e7\u00e3o e suporte<\/strong><\/a><\/h2>\n<p><span style=\"font-weight: 400;\">Temos op\u00e7\u00f5es de manuten\u00e7\u00e3o e suporte para todas as situa\u00e7\u00f5es e muitas op\u00e7\u00f5es de garantia estendida. Se tiver d\u00favidas, entre em contato com nossa equipe de suporte.<\/span><\/p>\n<p><a href=\"https:\/\/idintl.com\/pt\/suporte\/\">Explore a manuten\u00e7\u00e3o e o suporte<\/a><\/p>\n\n\t\t<\/div>\n\t<\/div>\n<\/div><\/div><\/div><\/div><div class=\"vc_row-full-width vc_clearfix\"><\/div><div data-vc-full-width=\"true\" data-vc-full-width-temp=\"true\" data-vc-full-width-init=\"false\" class=\"vc_row wpb_row vc_row-fluid page-top-section vc_custom_1567702484901 vc_row-has-fill vc_column-gap-15 vc_row-o-equal-height vc_row-o-content-middle vc_row-flex\"><div class=\"wpb_column vc_column_container vc_col-sm-6 vc_col-has-fill\"><div class=\"vc_column-inner vc_custom_1559067871076\"><div class=\"wpb_wrapper\">\n\t<div  class=\"wpb_single_image wpb_content_element vc_align_center wpb_content_element\">\n\t\t\n\t\t<figure class=\"wpb_wrapper vc_figure\">\n\t\t\t<div class=\"vc_single_image-wrapper   vc_box_border_grey\"><img loading=\"lazy\" decoding=\"async\" width=\"300\" height=\"300\" src=\"https:\/\/idintl.com\/wp-content\/uploads\/2019\/09\/icon_services_transp-1-300x300.png\" class=\"vc_single_image-img attachment-medium\" alt=\"Um \u00edcone para projetos especiais\" title=\"icon_services_transp\" srcset=\"https:\/\/idintl.com\/wp-content\/uploads\/2019\/09\/icon_services_transp-1-300x300.png 300w, https:\/\/idintl.com\/wp-content\/uploads\/2019\/09\/icon_services_transp-1-100x100.png 100w, https:\/\/idintl.com\/wp-content\/uploads\/2019\/09\/icon_services_transp-1-600x600.png 600w, https:\/\/idintl.com\/wp-content\/uploads\/2019\/09\/icon_services_transp-1-150x150.png 150w, https:\/\/idintl.com\/wp-content\/uploads\/2019\/09\/icon_services_transp-1-768x768.png 768w, https:\/\/idintl.com\/wp-content\/uploads\/2019\/09\/icon_services_transp-1.png 800w\" sizes=\"auto, (max-width: 300px) 100vw, 300px\" \/><\/div>\n\t\t<\/figure>\n\t<\/div>\n<\/div><\/div><\/div><div class=\"wpb_column vc_column_container vc_col-sm-6\"><div class=\"vc_column-inner\"><div class=\"wpb_wrapper\">\n\t<div class=\"wpb_text_column wpb_content_element\" >\n\t\t<div class=\"wpb_wrapper\">\n\t\t\t<h2><a href=\"https:\/\/idintl.com\/pt\/produto\/projetos-especiais\/\"><strong>Projetos especiais<\/strong><\/a><\/h2>\n<p><span style=\"font-weight: 400;\">N\u00f3s nos engajamos<\/span> <span style=\"font-weight: 400;\">em projetos especiais para dar suporte a novos requisitos, desenvolver novos produtos e aprimorar hardware, software ou servi\u00e7os.<\/span><\/p>\n<p><a href=\"https:\/\/idintl.com\/pt\/produto\/projetos-especiais\/\">Explore projetos especiais<\/a><\/p>\n\n\t\t<\/div>\n\t<\/div>\n<\/div><\/div><\/div><\/div><div class=\"vc_row-full-width vc_clearfix\"><\/div><div class=\"vc_row wpb_row vc_row-fluid vc_custom_1567702101542\"><div class=\"wpb_column vc_column_container vc_col-sm-12\"><div class=\"vc_column-inner\"><div class=\"wpb_wrapper\"><section class=\"vc_cta3-container\"><div class=\"vc_general vc_do_cta3 vc_cta3 i3-cta-center vc_cta3-style-classic vc_cta3-shape-square vc_cta3-align-center vc_cta3-color-classic vc_cta3-icon-size-md vc_cta3-actions-bottom\"><div class=\"vc_cta3_content-container\"><div class=\"vc_cta3-content\"><header class=\"vc_cta3-content-header\"><h2>Como a i3 pode atend\u00ea-lo?<\/h2><\/header><p>Entre em contato conosco para iniciar uma conversa sobre o acesso aos nossos servi\u00e7os de biometria.<\/p>\n<\/div><div class=\"vc_cta3-actions\"><div class=\"vc_btn3-container vc_btn3-center vc_do_btn\" ><a class=\"vc_general vc_btn3 vc_btn3-size-md vc_btn3-shape-square vc_btn3-style-outline vc_btn3-color-green\" href=\"http:\/\/idintl.com\/pt\/contato\/\" title=\"Contato\">Entre em contato conosco<\/a><\/div><\/div><\/div><\/div><\/section><\/div><\/div><\/div><\/div>\n<\/div>","protected":false},"excerpt":{"rendered":"<p> [&#8230;]<\/p>\n<p><a class=\"btn btn-secondary understrap-read-more-link\" href=\"https:\/\/idintl.com\/pt\/services\/\">Leia mais&#8230;<span class=\"screen-reader-text\"> from Services<\/span><\/a><\/p>\n","protected":false},"author":1,"featured_media":1502,"parent":0,"menu_order":0,"comment_status":"closed","ping_status":"closed","template":"page-templates\/fullwidthpage.php","meta":{"footnotes":""},"class_list":["post-938","page","type-page","status-publish","has-post-thumbnail","hentry"],"yoast_head":"<!-- This site is optimized with the Yoast SEO plugin v27.4 - https:\/\/yoast.com\/product\/yoast-seo-wordpress\/ -->\n<title>Services - Identification International<\/title>\n<meta name=\"description\" content=\"Our services include a transaction-fee-based applicant background check service called FPCheck, special project services, and maintenance and support services.\" \/>\n<meta name=\"robots\" content=\"index, follow, max-snippet:-1, max-image-preview:large, max-video-preview:-1\" \/>\n<link rel=\"canonical\" href=\"https:\/\/idintl.com\/pt\/servicos\/\" \/>\n<meta property=\"og:locale\" content=\"pt_BR\" \/>\n<meta property=\"og:type\" content=\"article\" \/>\n<meta property=\"og:title\" content=\"Services - Identification International\" \/>\n<meta property=\"og:description\" content=\"Our services include a transaction-fee-based applicant background check service called FPCheck, special project services, and maintenance and support services.\" \/>\n<meta property=\"og:url\" content=\"https:\/\/idintl.com\/pt\/servicos\/\" \/>\n<meta property=\"og:site_name\" content=\"Identification International\" \/>\n<meta property=\"article:modified_time\" content=\"2023-02-22T18:52:22+00:00\" \/>\n<meta property=\"og:image\" content=\"https:\/\/idintl.com\/wp-content\/uploads\/2019\/09\/mini_fp.jpg\" \/>\n\t<meta property=\"og:image:width\" content=\"1200\" \/>\n\t<meta property=\"og:image:height\" content=\"800\" \/>\n\t<meta property=\"og:image:type\" content=\"image\/jpeg\" \/>\n<meta name=\"twitter:card\" content=\"summary_large_image\" \/>\n<meta name=\"twitter:label1\" content=\"Est. reading time\" \/>\n\t<meta name=\"twitter:data1\" content=\"4 minutos\" \/>\n<script type=\"application\/ld+json\" class=\"yoast-schema-graph\">{\"@context\":\"https:\\\/\\\/schema.org\",\"@graph\":[{\"@type\":\"WebPage\",\"@id\":\"https:\\\/\\\/idintl.com\\\/services\\\/\",\"url\":\"https:\\\/\\\/idintl.com\\\/services\\\/\",\"name\":\"Services - Identification International\",\"isPartOf\":{\"@id\":\"https:\\\/\\\/idintl.com\\\/#website\"},\"primaryImageOfPage\":{\"@id\":\"https:\\\/\\\/idintl.com\\\/services\\\/#primaryimage\"},\"image\":{\"@id\":\"https:\\\/\\\/idintl.com\\\/services\\\/#primaryimage\"},\"thumbnailUrl\":\"https:\\\/\\\/idintl.com\\\/wp-content\\\/uploads\\\/2019\\\/09\\\/mini_fp.jpg\",\"datePublished\":\"2019-05-31T20:09:25+00:00\",\"dateModified\":\"2023-02-22T18:52:22+00:00\",\"description\":\"Our services include a transaction-fee-based applicant background check service called FPCheck, special project services, and maintenance and support services.\",\"breadcrumb\":{\"@id\":\"https:\\\/\\\/idintl.com\\\/services\\\/#breadcrumb\"},\"inLanguage\":\"pt-BR\",\"potentialAction\":[{\"@type\":\"ReadAction\",\"target\":[\"https:\\\/\\\/idintl.com\\\/services\\\/\"]}]},{\"@type\":\"ImageObject\",\"inLanguage\":\"pt-BR\",\"@id\":\"https:\\\/\\\/idintl.com\\\/services\\\/#primaryimage\",\"url\":\"https:\\\/\\\/idintl.com\\\/wp-content\\\/uploads\\\/2019\\\/09\\\/mini_fp.jpg\",\"contentUrl\":\"https:\\\/\\\/idintl.com\\\/wp-content\\\/uploads\\\/2019\\\/09\\\/mini_fp.jpg\",\"width\":1200,\"height\":800,\"caption\":\"A photo of FPCheck running on a laptop\"},{\"@type\":\"BreadcrumbList\",\"@id\":\"https:\\\/\\\/idintl.com\\\/services\\\/#breadcrumb\",\"itemListElement\":[{\"@type\":\"ListItem\",\"position\":1,\"name\":\"Home\",\"item\":\"https:\\\/\\\/idintl.com\\\/\"},{\"@type\":\"ListItem\",\"position\":2,\"name\":\"Services\"}]},{\"@type\":\"WebSite\",\"@id\":\"https:\\\/\\\/idintl.com\\\/#website\",\"url\":\"https:\\\/\\\/idintl.com\\\/\",\"name\":\"Identification International\",\"description\":\"\",\"publisher\":{\"@id\":\"https:\\\/\\\/idintl.com\\\/#organization\"},\"potentialAction\":[{\"@type\":\"SearchAction\",\"target\":{\"@type\":\"EntryPoint\",\"urlTemplate\":\"https:\\\/\\\/idintl.com\\\/?s={search_term_string}\"},\"query-input\":{\"@type\":\"PropertyValueSpecification\",\"valueRequired\":true,\"valueName\":\"search_term_string\"}}],\"inLanguage\":\"pt-BR\"},{\"@type\":\"Organization\",\"@id\":\"https:\\\/\\\/idintl.com\\\/#organization\",\"name\":\"Identification International\",\"url\":\"https:\\\/\\\/idintl.com\\\/\",\"logo\":{\"@type\":\"ImageObject\",\"inLanguage\":\"pt-BR\",\"@id\":\"https:\\\/\\\/idintl.com\\\/#\\\/schema\\\/logo\\\/image\\\/\",\"url\":\"https:\\\/\\\/idintl.com\\\/wp-content\\\/uploads\\\/2019\\\/04\\\/i3_reversed@2x.png\",\"contentUrl\":\"https:\\\/\\\/idintl.com\\\/wp-content\\\/uploads\\\/2019\\\/04\\\/i3_reversed@2x.png\",\"width\":262,\"height\":276,\"caption\":\"Identification International\"},\"image\":{\"@id\":\"https:\\\/\\\/idintl.com\\\/#\\\/schema\\\/logo\\\/image\\\/\"}}]}<\/script>\n<!-- \/ Yoast SEO plugin. -->","yoast_head_json":{"title":"Servi\u00e7os - Identification International","description":"Nossos servi\u00e7os incluem um servi\u00e7o de verifica\u00e7\u00e3o de antecedentes de candidatos baseado em taxas de transa\u00e7\u00e3o chamado FPCheck, servi\u00e7os de projetos especiais e servi\u00e7os de manuten\u00e7\u00e3o e suporte.","robots":{"index":"index","follow":"follow","max-snippet":"max-snippet:-1","max-image-preview":"max-image-preview:large","max-video-preview":"max-video-preview:-1"},"canonical":"https:\/\/idintl.com\/pt\/servicos\/","og_locale":"pt_BR","og_type":"article","og_title":"Services - Identification International","og_description":"Our services include a transaction-fee-based applicant background check service called FPCheck, special project services, and maintenance and support services.","og_url":"https:\/\/idintl.com\/pt\/servicos\/","og_site_name":"Identification International","article_modified_time":"2023-02-22T18:52:22+00:00","og_image":[{"width":1200,"height":800,"url":"https:\/\/idintl.com\/wp-content\/uploads\/2019\/09\/mini_fp.jpg","type":"image\/jpeg"}],"twitter_card":"summary_large_image","twitter_misc":{"Est. reading time":"4 minutos"},"schema":{"@context":"https:\/\/schema.org","@graph":[{"@type":"WebPage","@id":"https:\/\/idintl.com\/services\/","url":"https:\/\/idintl.com\/services\/","name":"Servi\u00e7os - Identification International","isPartOf":{"@id":"https:\/\/idintl.com\/#website"},"primaryImageOfPage":{"@id":"https:\/\/idintl.com\/services\/#primaryimage"},"image":{"@id":"https:\/\/idintl.com\/services\/#primaryimage"},"thumbnailUrl":"https:\/\/idintl.com\/wp-content\/uploads\/2019\/09\/mini_fp.jpg","datePublished":"2019-05-31T20:09:25+00:00","dateModified":"2023-02-22T18:52:22+00:00","description":"Nossos servi\u00e7os incluem um servi\u00e7o de verifica\u00e7\u00e3o de antecedentes de candidatos baseado em taxas de transa\u00e7\u00e3o chamado FPCheck, servi\u00e7os de projetos especiais e servi\u00e7os de manuten\u00e7\u00e3o e suporte.","breadcrumb":{"@id":"https:\/\/idintl.com\/services\/#breadcrumb"},"inLanguage":"pt-BR","potentialAction":[{"@type":"ReadAction","target":["https:\/\/idintl.com\/services\/"]}]},{"@type":"ImageObject","inLanguage":"pt-BR","@id":"https:\/\/idintl.com\/services\/#primaryimage","url":"https:\/\/idintl.com\/wp-content\/uploads\/2019\/09\/mini_fp.jpg","contentUrl":"https:\/\/idintl.com\/wp-content\/uploads\/2019\/09\/mini_fp.jpg","width":1200,"height":800,"caption":"A photo of FPCheck running on a laptop"},{"@type":"BreadcrumbList","@id":"https:\/\/idintl.com\/services\/#breadcrumb","itemListElement":[{"@type":"ListItem","position":1,"name":"Home","item":"https:\/\/idintl.com\/"},{"@type":"ListItem","position":2,"name":"Services"}]},{"@type":"WebSite","@id":"https:\/\/idintl.com\/#website","url":"https:\/\/idintl.com\/","name":"Identifica\u00e7\u00e3o Internacional","description":"","publisher":{"@id":"https:\/\/idintl.com\/#organization"},"potentialAction":[{"@type":"SearchAction","target":{"@type":"EntryPoint","urlTemplate":"https:\/\/idintl.com\/?s={search_term_string}"},"query-input":{"@type":"PropertyValueSpecification","valueRequired":true,"valueName":"search_term_string"}}],"inLanguage":"pt-BR"},{"@type":"Organization","@id":"https:\/\/idintl.com\/#organization","name":"Identifica\u00e7\u00e3o Internacional","url":"https:\/\/idintl.com\/","logo":{"@type":"ImageObject","inLanguage":"pt-BR","@id":"https:\/\/idintl.com\/#\/schema\/logo\/image\/","url":"https:\/\/idintl.com\/wp-content\/uploads\/2019\/04\/i3_reversed@2x.png","contentUrl":"https:\/\/idintl.com\/wp-content\/uploads\/2019\/04\/i3_reversed@2x.png","width":262,"height":276,"caption":"Identification International"},"image":{"@id":"https:\/\/idintl.com\/#\/schema\/logo\/image\/"}}]}},"_links":{"self":[{"href":"https:\/\/idintl.com\/pt\/wp-json\/wp\/v2\/pages\/938","targetHints":{"allow":["GET"]}}],"collection":[{"href":"https:\/\/idintl.com\/pt\/wp-json\/wp\/v2\/pages"}],"about":[{"href":"https:\/\/idintl.com\/pt\/wp-json\/wp\/v2\/types\/page"}],"author":[{"embeddable":true,"href":"https:\/\/idintl.com\/pt\/wp-json\/wp\/v2\/users\/1"}],"replies":[{"embeddable":true,"href":"https:\/\/idintl.com\/pt\/wp-json\/wp\/v2\/comments?post=938"}],"version-history":[{"count":0,"href":"https:\/\/idintl.com\/pt\/wp-json\/wp\/v2\/pages\/938\/revisions"}],"wp:featuredmedia":[{"embeddable":true,"href":"https:\/\/idintl.com\/pt\/wp-json\/wp\/v2\/media\/1502"}],"wp:attachment":[{"href":"https:\/\/idintl.com\/pt\/wp-json\/wp\/v2\/media?parent=938"}],"curies":[{"name":"wp","href":"https:\/\/api.w.org\/{rel}","templated":true}]}}