{"id":1445,"date":"2019-05-30T15:12:38","date_gmt":"2019-05-30T15:12:38","guid":{"rendered":"https:\/\/idintl.wpengine.com\/?post_type=product&#038;p=1445"},"modified":"2023-03-06T21:42:37","modified_gmt":"2023-03-06T21:42:37","slug":"invize-enterprise","status":"publish","type":"product","link":"https:\/\/idintl.com\/pt\/product\/invize-enterprise\/","title":{"rendered":"inVize Enterprise"},"content":{"rendered":"<div class=\"wpb-content-wrapper\"><div class=\"vc_row wpb_row vc_row-fluid\"><div class=\"wpb_column vc_column_container vc_col-sm-12\"><div class=\"vc_column-inner\"><div class=\"wpb_wrapper\">\n\t<div class=\"wpb_text_column wpb_content_element\" >\n\t\t<div class=\"wpb_wrapper\">\n\t\t\t<p>A inVize Enterprise pode ser usada em v\u00e1rios cen\u00e1rios:<\/p>\n<ul>\n<li>Digitaliza\u00e7\u00e3o de cart\u00f5es de impress\u00f5es digitais durante a digita\u00e7\u00e3o de dados demogr\u00e1ficos.<\/li>\n<li>Disponibilizar dados de transa\u00e7\u00f5es de impress\u00f5es digitais para v\u00e1rias partes em diferentes locais.<\/li>\n<li>Processamento de verifica\u00e7\u00f5es de antecedentes de candidatos.<\/li>\n<li>Processamento de aplicativos na aplica\u00e7\u00e3o da lei.<\/li>\n<\/ul>\n\n\t\t<\/div>\n\t<\/div>\n<\/div><\/div><\/div><\/div><div class=\"vc_row wpb_row vc_row-fluid\"><div class=\"wpb_column vc_column_container vc_col-sm-12\"><div class=\"vc_column-inner\"><div class=\"wpb_wrapper\"><div class=\"vc_btn3-container vc_btn3-inline vc_do_btn\" ><a class=\"vc_general vc_btn3 vc_btn3-size-md vc_btn3-shape-square vc_btn3-style-outline vc_btn3-color-green\" href=\"\/pt\/contato\/\" title=\"Entre em contato conosco para obter mais informa\u00e7\u00f5es\">Entre em contato conosco para obter mais informa\u00e7\u00f5es<\/a><\/div><\/div><\/div><\/div><\/div>\n<\/div>","protected":false},"excerpt":{"rendered":"<h2><b>Manage fingerprint transactions<\/b><\/h2>\n<p>inVize Enterprise manages fingerprint transactions across multiple copies of <a href=\"https:\/\/idintl.com\/product\/invize-id\/\">inVize ID<\/a> that utilize a common enterprise database. Since all fingerprint and demographic data is stored on a single master database, successful use of this system depends on a solid network infrastructure that has access to the database at all times.<\/p>\n<p><a class=\"vc_general vc_btn3 vc_btn3-size-lg vc_btn3-shape-square vc_btn3-style-outline vc_btn3-color-green\" title=\"Contact us to purchase\" href=\"\/contact\">Contact us to purchase<\/a> [&#8230;]<\/p>\n<p><a class=\"btn btn-secondary understrap-read-more-link\" href=\"https:\/\/idintl.com\/pt\/product\/invize-enterprise\/\">Leia mais&#8230;<span class=\"screen-reader-text\"> from inVize Enterprise<\/span><\/a><\/p>\n","protected":false},"featured_media":1476,"template":"","meta":[],"product_brand":[],"product_cat":[21],"product_tag":[26,25],"class_list":{"0":"post-1445","1":"product","2":"type-product","3":"status-publish","4":"has-post-thumbnail","6":"product_cat-software","7":"product_tag-invize","8":"product_tag-software","10":"first","11":"instock","12":"featured","13":"virtual","14":"taxable","15":"product-type-simple"},"yoast_head":"<!-- This site is optimized with the Yoast SEO plugin v27.5 - https:\/\/yoast.com\/product\/yoast-seo-wordpress\/ -->\n<title>inVize Enterprise - Identification International<\/title>\n<meta name=\"description\" content=\"inVize ID Enterprise manages your fingerprint transactions across multiple copies of inVize ID using a common enterprise database. Windows 7\u201310 compatible.\" \/>\n<meta name=\"robots\" content=\"index, follow, max-snippet:-1, max-image-preview:large, max-video-preview:-1\" \/>\n<link rel=\"canonical\" href=\"https:\/\/idintl.com\/pt\/produto\/invize-enterprise\/\" \/>\n<meta property=\"og:locale\" content=\"pt_BR\" \/>\n<meta property=\"og:type\" content=\"article\" \/>\n<meta property=\"og:title\" content=\"inVize Enterprise - Identification International\" \/>\n<meta property=\"og:description\" content=\"inVize ID Enterprise manages your fingerprint transactions across multiple copies of inVize ID using a common enterprise database. Windows 7\u201310 compatible.\" \/>\n<meta property=\"og:url\" content=\"https:\/\/idintl.com\/pt\/produto\/invize-enterprise\/\" \/>\n<meta property=\"og:site_name\" content=\"Identification International\" \/>\n<meta property=\"article:modified_time\" content=\"2023-03-06T21:42:37+00:00\" \/>\n<meta property=\"og:image\" content=\"https:\/\/idintl.com\/wp-content\/uploads\/2019\/05\/fp_connect_icon.png\" \/>\n\t<meta property=\"og:image:width\" content=\"800\" \/>\n\t<meta property=\"og:image:height\" content=\"800\" \/>\n\t<meta property=\"og:image:type\" content=\"image\/png\" \/>\n<meta name=\"twitter:card\" content=\"summary_large_image\" \/>\n<meta name=\"twitter:label1\" content=\"Est. reading time\" \/>\n\t<meta name=\"twitter:data1\" content=\"1 minuto\" \/>\n<script type=\"application\/ld+json\" class=\"yoast-schema-graph\">{\"@context\":\"https:\\\/\\\/schema.org\",\"@graph\":[{\"@type\":\"WebPage\",\"@id\":\"https:\\\/\\\/idintl.com\\\/product\\\/invize-enterprise\\\/\",\"url\":\"https:\\\/\\\/idintl.com\\\/product\\\/invize-enterprise\\\/\",\"name\":\"inVize Enterprise - Identification International\",\"isPartOf\":{\"@id\":\"https:\\\/\\\/idintl.com\\\/#website\"},\"primaryImageOfPage\":{\"@id\":\"https:\\\/\\\/idintl.com\\\/product\\\/invize-enterprise\\\/#primaryimage\"},\"image\":{\"@id\":\"https:\\\/\\\/idintl.com\\\/product\\\/invize-enterprise\\\/#primaryimage\"},\"thumbnailUrl\":\"https:\\\/\\\/idintl.com\\\/wp-content\\\/uploads\\\/2019\\\/05\\\/fp_connect_icon.png\",\"datePublished\":\"2019-05-30T15:12:38+00:00\",\"dateModified\":\"2023-03-06T21:42:37+00:00\",\"description\":\"inVize ID Enterprise manages your fingerprint transactions across multiple copies of inVize ID using a common enterprise database. Windows 7\u201310 compatible.\",\"breadcrumb\":{\"@id\":\"https:\\\/\\\/idintl.com\\\/product\\\/invize-enterprise\\\/#breadcrumb\"},\"inLanguage\":\"pt-BR\",\"potentialAction\":[{\"@type\":\"ReadAction\",\"target\":[\"https:\\\/\\\/idintl.com\\\/product\\\/invize-enterprise\\\/\"]}]},{\"@type\":\"ImageObject\",\"inLanguage\":\"pt-BR\",\"@id\":\"https:\\\/\\\/idintl.com\\\/product\\\/invize-enterprise\\\/#primaryimage\",\"url\":\"https:\\\/\\\/idintl.com\\\/wp-content\\\/uploads\\\/2019\\\/05\\\/fp_connect_icon.png\",\"contentUrl\":\"https:\\\/\\\/idintl.com\\\/wp-content\\\/uploads\\\/2019\\\/05\\\/fp_connect_icon.png\",\"width\":800,\"height\":800,\"caption\":\"An icon for inVize Enterprise\"},{\"@type\":\"BreadcrumbList\",\"@id\":\"https:\\\/\\\/idintl.com\\\/product\\\/invize-enterprise\\\/#breadcrumb\",\"itemListElement\":[{\"@type\":\"ListItem\",\"position\":1,\"name\":\"Home\",\"item\":\"https:\\\/\\\/idintl.com\\\/\"},{\"@type\":\"ListItem\",\"position\":2,\"name\":\"Shop\",\"item\":\"https:\\\/\\\/idintl.com\\\/shop\\\/\"},{\"@type\":\"ListItem\",\"position\":3,\"name\":\"Software\",\"item\":\"https:\\\/\\\/idintl.com\\\/product-category\\\/software\\\/\"},{\"@type\":\"ListItem\",\"position\":4,\"name\":\"inVize Enterprise\"}]},{\"@type\":\"WebSite\",\"@id\":\"https:\\\/\\\/idintl.com\\\/#website\",\"url\":\"https:\\\/\\\/idintl.com\\\/\",\"name\":\"Identification International\",\"description\":\"\",\"publisher\":{\"@id\":\"https:\\\/\\\/idintl.com\\\/#organization\"},\"potentialAction\":[{\"@type\":\"SearchAction\",\"target\":{\"@type\":\"EntryPoint\",\"urlTemplate\":\"https:\\\/\\\/idintl.com\\\/?s={search_term_string}\"},\"query-input\":{\"@type\":\"PropertyValueSpecification\",\"valueRequired\":true,\"valueName\":\"search_term_string\"}}],\"inLanguage\":\"pt-BR\"},{\"@type\":\"Organization\",\"@id\":\"https:\\\/\\\/idintl.com\\\/#organization\",\"name\":\"Identification International\",\"url\":\"https:\\\/\\\/idintl.com\\\/\",\"logo\":{\"@type\":\"ImageObject\",\"inLanguage\":\"pt-BR\",\"@id\":\"https:\\\/\\\/idintl.com\\\/#\\\/schema\\\/logo\\\/image\\\/\",\"url\":\"https:\\\/\\\/idintl.com\\\/wp-content\\\/uploads\\\/2019\\\/04\\\/i3_reversed@2x.png\",\"contentUrl\":\"https:\\\/\\\/idintl.com\\\/wp-content\\\/uploads\\\/2019\\\/04\\\/i3_reversed@2x.png\",\"width\":262,\"height\":276,\"caption\":\"Identification International\"},\"image\":{\"@id\":\"https:\\\/\\\/idintl.com\\\/#\\\/schema\\\/logo\\\/image\\\/\"}}]}<\/script>\n<!-- \/ Yoast SEO plugin. -->","yoast_head_json":{"title":"inVize Enterprise - Identifica\u00e7\u00e3o Internacional","description":"A inVize ID Enterprise gerencia suas transa\u00e7\u00f5es de impress\u00f5es digitais em v\u00e1rias c\u00f3pias da inVize ID usando um banco de dados corporativo comum. Compat\u00edvel com Windows 7-10.","robots":{"index":"index","follow":"follow","max-snippet":"max-snippet:-1","max-image-preview":"max-image-preview:large","max-video-preview":"max-video-preview:-1"},"canonical":"https:\/\/idintl.com\/pt\/produto\/invize-enterprise\/","og_locale":"pt_BR","og_type":"article","og_title":"inVize Enterprise - Identification International","og_description":"inVize ID Enterprise manages your fingerprint transactions across multiple copies of inVize ID using a common enterprise database. Windows 7\u201310 compatible.","og_url":"https:\/\/idintl.com\/pt\/produto\/invize-enterprise\/","og_site_name":"Identification International","article_modified_time":"2023-03-06T21:42:37+00:00","og_image":[{"width":800,"height":800,"url":"https:\/\/idintl.com\/wp-content\/uploads\/2019\/05\/fp_connect_icon.png","type":"image\/png"}],"twitter_card":"summary_large_image","twitter_misc":{"Est. reading time":"1 minuto"},"schema":{"@context":"https:\/\/schema.org","@graph":[{"@type":"WebPage","@id":"https:\/\/idintl.com\/product\/invize-enterprise\/","url":"https:\/\/idintl.com\/product\/invize-enterprise\/","name":"inVize Enterprise - Identifica\u00e7\u00e3o Internacional","isPartOf":{"@id":"https:\/\/idintl.com\/#website"},"primaryImageOfPage":{"@id":"https:\/\/idintl.com\/product\/invize-enterprise\/#primaryimage"},"image":{"@id":"https:\/\/idintl.com\/product\/invize-enterprise\/#primaryimage"},"thumbnailUrl":"https:\/\/idintl.com\/wp-content\/uploads\/2019\/05\/fp_connect_icon.png","datePublished":"2019-05-30T15:12:38+00:00","dateModified":"2023-03-06T21:42:37+00:00","description":"A inVize ID Enterprise gerencia suas transa\u00e7\u00f5es de impress\u00f5es digitais em v\u00e1rias c\u00f3pias da inVize ID usando um banco de dados corporativo comum. Compat\u00edvel com Windows 7-10.","breadcrumb":{"@id":"https:\/\/idintl.com\/product\/invize-enterprise\/#breadcrumb"},"inLanguage":"pt-BR","potentialAction":[{"@type":"ReadAction","target":["https:\/\/idintl.com\/product\/invize-enterprise\/"]}]},{"@type":"ImageObject","inLanguage":"pt-BR","@id":"https:\/\/idintl.com\/product\/invize-enterprise\/#primaryimage","url":"https:\/\/idintl.com\/wp-content\/uploads\/2019\/05\/fp_connect_icon.png","contentUrl":"https:\/\/idintl.com\/wp-content\/uploads\/2019\/05\/fp_connect_icon.png","width":800,"height":800,"caption":"An icon for inVize Enterprise"},{"@type":"BreadcrumbList","@id":"https:\/\/idintl.com\/product\/invize-enterprise\/#breadcrumb","itemListElement":[{"@type":"ListItem","position":1,"name":"Home","item":"https:\/\/idintl.com\/"},{"@type":"ListItem","position":2,"name":"Shop","item":"https:\/\/idintl.com\/shop\/"},{"@type":"ListItem","position":3,"name":"Software","item":"https:\/\/idintl.com\/product-category\/software\/"},{"@type":"ListItem","position":4,"name":"inVize Enterprise"}]},{"@type":"WebSite","@id":"https:\/\/idintl.com\/#website","url":"https:\/\/idintl.com\/","name":"Identifica\u00e7\u00e3o Internacional","description":"","publisher":{"@id":"https:\/\/idintl.com\/#organization"},"potentialAction":[{"@type":"SearchAction","target":{"@type":"EntryPoint","urlTemplate":"https:\/\/idintl.com\/?s={search_term_string}"},"query-input":{"@type":"PropertyValueSpecification","valueRequired":true,"valueName":"search_term_string"}}],"inLanguage":"pt-BR"},{"@type":"Organization","@id":"https:\/\/idintl.com\/#organization","name":"Identifica\u00e7\u00e3o Internacional","url":"https:\/\/idintl.com\/","logo":{"@type":"ImageObject","inLanguage":"pt-BR","@id":"https:\/\/idintl.com\/#\/schema\/logo\/image\/","url":"https:\/\/idintl.com\/wp-content\/uploads\/2019\/04\/i3_reversed@2x.png","contentUrl":"https:\/\/idintl.com\/wp-content\/uploads\/2019\/04\/i3_reversed@2x.png","width":262,"height":276,"caption":"Identification International"},"image":{"@id":"https:\/\/idintl.com\/#\/schema\/logo\/image\/"}}]}},"_links":{"self":[{"href":"https:\/\/idintl.com\/pt\/wp-json\/wp\/v2\/product\/1445","targetHints":{"allow":["GET"]}}],"collection":[{"href":"https:\/\/idintl.com\/pt\/wp-json\/wp\/v2\/product"}],"about":[{"href":"https:\/\/idintl.com\/pt\/wp-json\/wp\/v2\/types\/product"}],"wp:featuredmedia":[{"embeddable":true,"href":"https:\/\/idintl.com\/pt\/wp-json\/wp\/v2\/media\/1476"}],"wp:attachment":[{"href":"https:\/\/idintl.com\/pt\/wp-json\/wp\/v2\/media?parent=1445"}],"wp:term":[{"taxonomy":"product_brand","embeddable":true,"href":"https:\/\/idintl.com\/pt\/wp-json\/wp\/v2\/product_brand?post=1445"},{"taxonomy":"product_cat","embeddable":true,"href":"https:\/\/idintl.com\/pt\/wp-json\/wp\/v2\/product_cat?post=1445"},{"taxonomy":"product_tag","embeddable":true,"href":"https:\/\/idintl.com\/pt\/wp-json\/wp\/v2\/product_tag?post=1445"}],"curies":[{"name":"wp","href":"https:\/\/api.w.org\/{rel}","templated":true}]}}