{"id":449,"date":"2019-05-20T15:23:27","date_gmt":"2019-05-20T15:23:27","guid":{"rendered":"https:\/\/idintl.wpengine.com\/?post_type=product&#038;p=449"},"modified":"2025-12-01T18:04:18","modified_gmt":"2025-12-01T18:04:18","slug":"digid-mini","status":"publish","type":"product","link":"https:\/\/idintl.com\/pt\/product\/digid-mini\/","title":{"rendered":"digID mini+"},"content":{"rendered":"<div class=\"wpb-content-wrapper\"><div class=\"vc_row wpb_row vc_row-fluid\"><div class=\"wpb_column vc_column_container vc_col-sm-8\"><div class=\"vc_column-inner\"><div class=\"wpb_wrapper\">\n\t<div class=\"wpb_text_column wpb_content_element\" >\n\t\t<div class=\"wpb_wrapper\">\n\t\t\t<h3>Uma op\u00e7\u00e3o inteligente do setor para profissionais de seguran\u00e7a<\/h3>\n<ul>\n<li style=\"font-weight: 400;\"><span style=\"font-weight: 400;\">Captura consistente de impress\u00f5es digitais com qualidade forense.<\/span><\/li>\n<li style=\"font-weight: 400;\"><span style=\"font-weight: 400;\">Conex\u00e3o \u00fanica patenteada com certifica\u00e7\u00e3o USB-IF.<\/span><\/li>\n<li><span style=\"font-weight: 400;\">Funciona em portas USB 2 e USB 3 no Windows 7 a 11.<\/span><\/li>\n<li style=\"font-weight: 400;\"><span style=\"font-weight: 400;\">Exame de vida FAP 60 certificado pelo FBI.<\/span><\/li>\n<li style=\"font-weight: 400;\"><span style=\"font-weight: 400;\">Fabrica\u00e7\u00e3o e suporte com base nos EUA.<\/span><\/li>\n<li style=\"font-weight: 400;\"><span style=\"font-weight: 400;\">Simplificado para uma captura r\u00e1pida e f\u00e1cil.<\/span><\/li>\n<li><span style=\"font-weight: 400;\">Furos de montagem pr\u00e9-perfurados na placa de base.<\/span><\/li>\n<\/ul>\n<p><span style=\"font-weight: 400;\">Built to go where you need it, the digID mini+ weighed less than four pounds and operated via a single power, data, and control interface as described in our U.S. patent numbers 7,822,236 and 8,077,934.<\/span><\/p>\n<h3>Exceder os mais altos padr\u00f5es<\/h3>\n<p><span style=\"font-weight: 400;\">The digID mini+ was made from high-quality optical components for excellent image quality.<\/span><\/p>\n<p><span style=\"font-weight: 400;\">The device provided feedback on fingerprint capture progress, fingerprint capture anomalies, and platen clean\/clear issues<\/span> <span style=\"font-weight: 400;\">to enable smart host applications. An auto-calibration mechanism ensured the device maintained FBI-quality standards in a transparent manner.<\/span><\/p>\n<p><span style=\"font-weight: 400;\">When coupled with i3\u2019s <a href=\"https:\/\/idintl.com\/pt\/produto\/invize-id\/\">ID inVize<\/a>, sequence checking, handedness detection, hand orientation, and multiple image quality metrics enhanced the ability to capture optimal scans every time.<\/span><\/p>\n\n\t\t<\/div>\n\t<\/div>\n<div class=\"vc_separator wpb_content_element vc_separator_align_center vc_sep_width_100 vc_sep_pos_align_center vc_separator_no_text vc_sep_color_grey wpb_content_element  wpb_content_element\" ><span class=\"vc_sep_holder vc_sep_holder_l\"><span class=\"vc_sep_line\"><\/span><\/span><span class=\"vc_sep_holder vc_sep_holder_r\"><span class=\"vc_sep_line\"><\/span><\/span>\n<\/div>\n\t<div class=\"wpb_text_column wpb_content_element\" >\n\t\t<div class=\"wpb_wrapper\">\n\t\t\t<h4><strong>Padr\u00f5es e especifica\u00e7\u00f5es<\/strong><\/h4>\n\n\t\t<\/div>\n\t<\/div>\n<div class=\"vc_row wpb_row vc_inner vc_row-fluid\"><div class=\"wpb_column vc_column_container vc_col-sm-6\"><div class=\"vc_column-inner\"><div class=\"wpb_wrapper\">\n\t<div class=\"wpb_text_column wpb_content_element\" >\n\t\t<div class=\"wpb_wrapper\">\n\t\t\t<ul>\n<li>Resolu\u00e7\u00e3o: 500 PPI.<\/li>\n<li>Peso: 3,6 lbs \/ 1,63 kg.<\/li>\n<li>Tamanho: 4,8\u201d x 5,9\u201d x 6\u201d \/ 12,1 x 15 x 15,2 cm.<\/li>\n<li class=\"translation-block\"><a href=\"https:\/\/idintl.com\/pt\/produto\/sdk-do-dispositivo\/\" target=\"_self\">SDK<\/a> dispon\u00edvel com exemplos de codifica\u00e7\u00e3o.<\/li>\n<\/ul>\n\n\t\t<\/div>\n\t<\/div>\n<\/div><\/div><\/div><div class=\"wpb_column vc_column_container vc_col-sm-6\"><div class=\"vc_column-inner\"><div class=\"wpb_wrapper\">\n\t<div class=\"wpb_text_column wpb_content_element\" >\n\t\t<div class=\"wpb_wrapper\">\n\t\t\t<ul>\n<li>Compat\u00edvel com USB 2.0 e 3.0 para conectores Tipo A e Tipo C<\/li>\n<li>Drivers para Windows 7, 8, 8.1, 10 e 11.<\/li>\n<li>Compat\u00edvel com RoHS.<\/li>\n<li>Certifica\u00e7\u00e3o FCC, UL e CE por meio da marca T\u00dcV CUE.<\/li>\n<li><span style=\"font-weight: 400;\">Certifica\u00e7\u00e3o CJIS IAFIS Ap\u00eandice F e NGI IQS.<\/span><\/li>\n<\/ul>\n\n\t\t<\/div>\n\t<\/div>\n<\/div><\/div><\/div><\/div><div class=\"vc_btn3-container vc_btn3-inline vc_do_btn\" ><a class=\"vc_general vc_btn3 vc_btn3-size-md vc_btn3-shape-square vc_btn3-style-outline vc_btn3-color-green\" href=\"\/pt\/contato\/\" title=\"Entre em contato conosco para obter mais informa\u00e7\u00f5es\">Entre em contato conosco para obter mais informa\u00e7\u00f5es<\/a><\/div><\/div><\/div><\/div><div class=\"wpb_column vc_column_container vc_col-sm-4\"><div class=\"vc_column-inner\"><div class=\"wpb_wrapper\"><div class=\"vc_row wpb_row vc_inner vc_row-fluid vc_custom_1568206898994 vc_row-has-fill\"><div class=\"wpb_column vc_column_container vc_col-sm-12\"><div class=\"vc_column-inner\"><div class=\"wpb_wrapper\">\n\t<div class=\"wpb_text_column wpb_content_element\" >\n\t\t<div class=\"wpb_wrapper\">\n\t\t\t<h4><b>Informa\u00e7\u00f5es adicionais<\/b><\/h4>\n<p><a href=\"\/wp-content\/uploads\/2022\/03\/i3_flyer_digID_22.pdf\" target=\"_blank\" rel=\"noopener noreferrer\">livescans da s\u00e9rie digID <i class=\"fa fa-file-pdf-o\"><\/i><\/a> (562 KB)<\/p>\n<p><a href=\"https:\/\/idintl.com\/pt\/patentes\/\">Patentes<\/a><\/p>\n\n\t\t<\/div>\n\t<\/div>\n<\/div><\/div><\/div><\/div><div class=\"vc_row wpb_row vc_inner vc_row-fluid vc_custom_1567786827077 vc_row-has-fill\"><div class=\"wpb_column vc_column_container vc_col-sm-12\"><div class=\"vc_column-inner\"><div class=\"wpb_wrapper\">\n\t<div class=\"wpb_text_column wpb_content_element\" >\n\t\t<div class=\"wpb_wrapper\">\n\t\t\t<h4><a href=\"https:\/\/idintl.com\/pt\/suporte\/\"><b>Manuten\u00e7\u00e3o e suporte<\/b><\/a><\/h4>\n<p><span style=\"font-weight: 400;\">Each digID device came with a one-year warranty. Depending on your company\u2019s needs, warranty extensions were available to ensure your device was always protected.<\/span><\/p>\n\n\t\t<\/div>\n\t<\/div>\n<div class=\"vc_btn3-container vc_btn3-inline vc_do_btn\" ><a class=\"vc_general vc_btn3 vc_btn3-size-md vc_btn3-shape-square vc_btn3-style-outline vc_btn3-color-green\" href=\"\/pt\/contato\/\" title=\"Entre em contato conosco para obter mais informa\u00e7\u00f5es\">Entre em contato com nossa equipe de suporte<\/a><\/div><\/div><\/div><\/div><\/div><\/div><\/div><\/div><\/div>\n<\/div>","protected":false},"excerpt":{"rendered":"<h2><b>Forensic-quality fingerprint capture<\/b><\/h2>\n<p>No longer in production and superseded by our <a href=\"https:\/\/idintl.com\/product\/terrain\/\">Terrain<\/a> device, the digID mini+ was portable and durable with excellent scan quality. Manufactured to capture forensic-quality fingerprints in almost any environment, the digID mini+ was used for criminal and applicant fingerprinting workflows,<span style=\"font-weight: 400;\"> including slaps, rolls and flats requirements. <\/span>It was our most popular 10-print device prior to replacement by the <a href=\"https:\/\/idintl.com\/product\/terrain\/\">Terrain<\/a>.<\/p>\n<p><a class=\"vc_general vc_btn3 vc_btn3-size-lg vc_btn3-shape-square vc_btn3-style-outline vc_btn3-color-green\" title=\"Contact us to purchase\" href=\"\/contact\">Contact us to purchase<\/a> [&#8230;]<\/p>\n<p><a class=\"btn btn-secondary understrap-read-more-link\" href=\"https:\/\/idintl.com\/pt\/product\/digid-mini\/\">Leia mais&#8230;<span class=\"screen-reader-text\"> from digID mini+<\/span><\/a><\/p>\n","protected":false},"featured_media":1390,"template":"","meta":[],"product_brand":[],"product_cat":[17],"product_tag":[19,18],"class_list":{"0":"post-449","1":"product","2":"type-product","3":"status-publish","4":"has-post-thumbnail","6":"product_cat-hardware","7":"product_tag-digid","8":"product_tag-hardware","10":"first","11":"outofstock","12":"featured","13":"virtual","14":"taxable","15":"product-type-simple"},"yoast_head":"<!-- This site is optimized with the Yoast SEO plugin v27.5 - https:\/\/yoast.com\/product\/yoast-seo-wordpress\/ -->\n<title>digID mini+ - Identification International<\/title>\n<meta name=\"description\" content=\"i3&#039;s digID mini+ was used for criminal and applicant fingerprinting workflows. It was our most popular 10-print device prior to being superseded by our new scanner, the Terrain. Compatible with USB 2 &amp; 3.\" \/>\n<meta name=\"robots\" content=\"index, follow, max-snippet:-1, max-image-preview:large, max-video-preview:-1\" \/>\n<link rel=\"canonical\" href=\"https:\/\/idintl.com\/pt\/produto\/digid-mini\/\" \/>\n<meta property=\"og:locale\" content=\"pt_BR\" \/>\n<meta property=\"og:type\" content=\"article\" \/>\n<meta property=\"og:title\" content=\"digID mini+ - Identification International\" \/>\n<meta property=\"og:description\" content=\"i3&#039;s digID mini+ was used for criminal and applicant fingerprinting workflows. It was our most popular 10-print device prior to being superseded by our new scanner, the Terrain. Compatible with USB 2 &amp; 3.\" \/>\n<meta property=\"og:url\" content=\"https:\/\/idintl.com\/pt\/produto\/digid-mini\/\" \/>\n<meta property=\"og:site_name\" content=\"Identification International\" \/>\n<meta property=\"article:modified_time\" content=\"2025-12-01T18:04:18+00:00\" \/>\n<meta property=\"og:image\" content=\"https:\/\/idintl.com\/wp-content\/uploads\/2019\/05\/i3_mini_green.jpg\" \/>\n\t<meta property=\"og:image:width\" content=\"1200\" \/>\n\t<meta property=\"og:image:height\" content=\"800\" \/>\n\t<meta property=\"og:image:type\" content=\"image\/jpeg\" \/>\n<meta name=\"twitter:card\" content=\"summary_large_image\" \/>\n<meta name=\"twitter:label1\" content=\"Est. reading time\" \/>\n\t<meta name=\"twitter:data1\" content=\"2 minutos\" \/>\n<script type=\"application\/ld+json\" class=\"yoast-schema-graph\">{\"@context\":\"https:\\\/\\\/schema.org\",\"@graph\":[{\"@type\":\"WebPage\",\"@id\":\"https:\\\/\\\/idintl.com\\\/product\\\/digid-mini\\\/\",\"url\":\"https:\\\/\\\/idintl.com\\\/product\\\/digid-mini\\\/\",\"name\":\"digID mini+ - Identification International\",\"isPartOf\":{\"@id\":\"https:\\\/\\\/idintl.com\\\/#website\"},\"primaryImageOfPage\":{\"@id\":\"https:\\\/\\\/idintl.com\\\/product\\\/digid-mini\\\/#primaryimage\"},\"image\":{\"@id\":\"https:\\\/\\\/idintl.com\\\/product\\\/digid-mini\\\/#primaryimage\"},\"thumbnailUrl\":\"https:\\\/\\\/idintl.com\\\/wp-content\\\/uploads\\\/2019\\\/05\\\/i3_mini_green.jpg\",\"datePublished\":\"2019-05-20T15:23:27+00:00\",\"dateModified\":\"2025-12-01T18:04:18+00:00\",\"description\":\"i3's digID mini+ was used for criminal and applicant fingerprinting workflows. It was our most popular 10-print device prior to being superseded by our new scanner, the Terrain. Compatible with USB 2 & 3.\",\"breadcrumb\":{\"@id\":\"https:\\\/\\\/idintl.com\\\/product\\\/digid-mini\\\/#breadcrumb\"},\"inLanguage\":\"pt-BR\",\"potentialAction\":[{\"@type\":\"ReadAction\",\"target\":[\"https:\\\/\\\/idintl.com\\\/product\\\/digid-mini\\\/\"]}]},{\"@type\":\"ImageObject\",\"inLanguage\":\"pt-BR\",\"@id\":\"https:\\\/\\\/idintl.com\\\/product\\\/digid-mini\\\/#primaryimage\",\"url\":\"https:\\\/\\\/idintl.com\\\/wp-content\\\/uploads\\\/2019\\\/05\\\/i3_mini_green.jpg\",\"contentUrl\":\"https:\\\/\\\/idintl.com\\\/wp-content\\\/uploads\\\/2019\\\/05\\\/i3_mini_green.jpg\",\"width\":1200,\"height\":800,\"caption\":\"A photo of a digID mini+\"},{\"@type\":\"BreadcrumbList\",\"@id\":\"https:\\\/\\\/idintl.com\\\/product\\\/digid-mini\\\/#breadcrumb\",\"itemListElement\":[{\"@type\":\"ListItem\",\"position\":1,\"name\":\"Home\",\"item\":\"https:\\\/\\\/idintl.com\\\/\"},{\"@type\":\"ListItem\",\"position\":2,\"name\":\"Shop\",\"item\":\"https:\\\/\\\/idintl.com\\\/shop\\\/\"},{\"@type\":\"ListItem\",\"position\":3,\"name\":\"Hardware\",\"item\":\"https:\\\/\\\/idintl.com\\\/product-category\\\/hardware\\\/\"},{\"@type\":\"ListItem\",\"position\":4,\"name\":\"digID mini+\"}]},{\"@type\":\"WebSite\",\"@id\":\"https:\\\/\\\/idintl.com\\\/#website\",\"url\":\"https:\\\/\\\/idintl.com\\\/\",\"name\":\"Identification International\",\"description\":\"\",\"publisher\":{\"@id\":\"https:\\\/\\\/idintl.com\\\/#organization\"},\"potentialAction\":[{\"@type\":\"SearchAction\",\"target\":{\"@type\":\"EntryPoint\",\"urlTemplate\":\"https:\\\/\\\/idintl.com\\\/?s={search_term_string}\"},\"query-input\":{\"@type\":\"PropertyValueSpecification\",\"valueRequired\":true,\"valueName\":\"search_term_string\"}}],\"inLanguage\":\"pt-BR\"},{\"@type\":\"Organization\",\"@id\":\"https:\\\/\\\/idintl.com\\\/#organization\",\"name\":\"Identification International\",\"url\":\"https:\\\/\\\/idintl.com\\\/\",\"logo\":{\"@type\":\"ImageObject\",\"inLanguage\":\"pt-BR\",\"@id\":\"https:\\\/\\\/idintl.com\\\/#\\\/schema\\\/logo\\\/image\\\/\",\"url\":\"https:\\\/\\\/idintl.com\\\/wp-content\\\/uploads\\\/2019\\\/04\\\/i3_reversed@2x.png\",\"contentUrl\":\"https:\\\/\\\/idintl.com\\\/wp-content\\\/uploads\\\/2019\\\/04\\\/i3_reversed@2x.png\",\"width\":262,\"height\":276,\"caption\":\"Identification International\"},\"image\":{\"@id\":\"https:\\\/\\\/idintl.com\\\/#\\\/schema\\\/logo\\\/image\\\/\"}}]}<\/script>\n<!-- \/ Yoast SEO plugin. -->","yoast_head_json":{"title":"digID mini+ - Identification International","description":"i3's digID mini+ was used for criminal and applicant fingerprinting workflows. It was our most popular 10-print device prior to being superseded by our new scanner, the Terrain. Compatible with USB 2 & 3.","robots":{"index":"index","follow":"follow","max-snippet":"max-snippet:-1","max-image-preview":"max-image-preview:large","max-video-preview":"max-video-preview:-1"},"canonical":"https:\/\/idintl.com\/pt\/produto\/digid-mini\/","og_locale":"pt_BR","og_type":"article","og_title":"digID mini+ - Identification International","og_description":"i3's digID mini+ was used for criminal and applicant fingerprinting workflows. It was our most popular 10-print device prior to being superseded by our new scanner, the Terrain. Compatible with USB 2 & 3.","og_url":"https:\/\/idintl.com\/pt\/produto\/digid-mini\/","og_site_name":"Identification International","article_modified_time":"2025-12-01T18:04:18+00:00","og_image":[{"width":1200,"height":800,"url":"https:\/\/idintl.com\/wp-content\/uploads\/2019\/05\/i3_mini_green.jpg","type":"image\/jpeg"}],"twitter_card":"summary_large_image","twitter_misc":{"Est. reading time":"2 minutos"},"schema":{"@context":"https:\/\/schema.org","@graph":[{"@type":"WebPage","@id":"https:\/\/idintl.com\/product\/digid-mini\/","url":"https:\/\/idintl.com\/product\/digid-mini\/","name":"digID mini+ - Identification International","isPartOf":{"@id":"https:\/\/idintl.com\/#website"},"primaryImageOfPage":{"@id":"https:\/\/idintl.com\/product\/digid-mini\/#primaryimage"},"image":{"@id":"https:\/\/idintl.com\/product\/digid-mini\/#primaryimage"},"thumbnailUrl":"https:\/\/idintl.com\/wp-content\/uploads\/2019\/05\/i3_mini_green.jpg","datePublished":"2019-05-20T15:23:27+00:00","dateModified":"2025-12-01T18:04:18+00:00","description":"i3's digID mini+ was used for criminal and applicant fingerprinting workflows. It was our most popular 10-print device prior to being superseded by our new scanner, the Terrain. Compatible with USB 2 & 3.","breadcrumb":{"@id":"https:\/\/idintl.com\/product\/digid-mini\/#breadcrumb"},"inLanguage":"pt-BR","potentialAction":[{"@type":"ReadAction","target":["https:\/\/idintl.com\/product\/digid-mini\/"]}]},{"@type":"ImageObject","inLanguage":"pt-BR","@id":"https:\/\/idintl.com\/product\/digid-mini\/#primaryimage","url":"https:\/\/idintl.com\/wp-content\/uploads\/2019\/05\/i3_mini_green.jpg","contentUrl":"https:\/\/idintl.com\/wp-content\/uploads\/2019\/05\/i3_mini_green.jpg","width":1200,"height":800,"caption":"A photo of a digID mini+"},{"@type":"BreadcrumbList","@id":"https:\/\/idintl.com\/product\/digid-mini\/#breadcrumb","itemListElement":[{"@type":"ListItem","position":1,"name":"Home","item":"https:\/\/idintl.com\/"},{"@type":"ListItem","position":2,"name":"Shop","item":"https:\/\/idintl.com\/shop\/"},{"@type":"ListItem","position":3,"name":"Hardware","item":"https:\/\/idintl.com\/product-category\/hardware\/"},{"@type":"ListItem","position":4,"name":"digID mini+"}]},{"@type":"WebSite","@id":"https:\/\/idintl.com\/#website","url":"https:\/\/idintl.com\/","name":"Identifica\u00e7\u00e3o Internacional","description":"","publisher":{"@id":"https:\/\/idintl.com\/#organization"},"potentialAction":[{"@type":"SearchAction","target":{"@type":"EntryPoint","urlTemplate":"https:\/\/idintl.com\/?s={search_term_string}"},"query-input":{"@type":"PropertyValueSpecification","valueRequired":true,"valueName":"search_term_string"}}],"inLanguage":"pt-BR"},{"@type":"Organization","@id":"https:\/\/idintl.com\/#organization","name":"Identifica\u00e7\u00e3o Internacional","url":"https:\/\/idintl.com\/","logo":{"@type":"ImageObject","inLanguage":"pt-BR","@id":"https:\/\/idintl.com\/#\/schema\/logo\/image\/","url":"https:\/\/idintl.com\/wp-content\/uploads\/2019\/04\/i3_reversed@2x.png","contentUrl":"https:\/\/idintl.com\/wp-content\/uploads\/2019\/04\/i3_reversed@2x.png","width":262,"height":276,"caption":"Identification International"},"image":{"@id":"https:\/\/idintl.com\/#\/schema\/logo\/image\/"}}]}},"_links":{"self":[{"href":"https:\/\/idintl.com\/pt\/wp-json\/wp\/v2\/product\/449","targetHints":{"allow":["GET"]}}],"collection":[{"href":"https:\/\/idintl.com\/pt\/wp-json\/wp\/v2\/product"}],"about":[{"href":"https:\/\/idintl.com\/pt\/wp-json\/wp\/v2\/types\/product"}],"wp:featuredmedia":[{"embeddable":true,"href":"https:\/\/idintl.com\/pt\/wp-json\/wp\/v2\/media\/1390"}],"wp:attachment":[{"href":"https:\/\/idintl.com\/pt\/wp-json\/wp\/v2\/media?parent=449"}],"wp:term":[{"taxonomy":"product_brand","embeddable":true,"href":"https:\/\/idintl.com\/pt\/wp-json\/wp\/v2\/product_brand?post=449"},{"taxonomy":"product_cat","embeddable":true,"href":"https:\/\/idintl.com\/pt\/wp-json\/wp\/v2\/product_cat?post=449"},{"taxonomy":"product_tag","embeddable":true,"href":"https:\/\/idintl.com\/pt\/wp-json\/wp\/v2\/product_tag?post=449"}],"curies":[{"name":"wp","href":"https:\/\/api.w.org\/{rel}","templated":true}]}}