{"id":512,"date":"2019-05-20T19:31:36","date_gmt":"2019-05-20T19:31:36","guid":{"rendered":"https:\/\/idintl.wpengine.com\/?post_type=product&#038;p=512"},"modified":"2025-12-01T18:10:12","modified_gmt":"2025-12-01T18:10:12","slug":"digid-xs","status":"publish","type":"product","link":"https:\/\/idintl.com\/pt\/product\/digid-xs\/","title":{"rendered":"digID XS"},"content":{"rendered":"<div class=\"wpb-content-wrapper\"><div class=\"vc_row wpb_row vc_row-fluid\"><div class=\"wpb_column vc_column_container vc_col-sm-12\"><div class=\"vc_column-inner\"><div class=\"wpb_wrapper\"><\/div><\/div><\/div><\/div><div class=\"vc_row wpb_row vc_row-fluid\"><div class=\"wpb_column vc_column_container vc_col-sm-8\"><div class=\"vc_column-inner\"><div class=\"wpb_wrapper\">\n\t<div class=\"wpb_text_column wpb_content_element\" >\n\t\t<div class=\"wpb_wrapper\">\n\t\t\t<p><span style=\"font-weight: 400;\">No longer in production and superseded by our <a href=\"https:\/\/idintl.com\/pt\/produto\/terreno\/\">Terrain<\/a> series, the digID XS was Equipped with a hardened bolted cover, this device was protected from the hazards of your mission. A sealed exterior and coated circuitry made the XS resistant to water and corrosion, while the cover blocked unwanted light.<\/span><\/p>\n<ul>\n<li style=\"font-weight: 400;\"><span style=\"font-weight: 400;\">Patented single connection USB interface for power, data, and control<\/span><\/li>\n<li style=\"font-weight: 400;\"><span style=\"font-weight: 400;\">FBI Appendix F certified<\/span><\/li>\n<li style=\"font-weight: 400;\"><span style=\"font-weight: 400;\">Designed and tested to MIL-STD-810F durability specifications<\/span><\/li>\n<li style=\"font-weight: 400;\"><span style=\"font-weight: 400;\">Designed for extreme environments<\/span><\/li>\n<li style=\"font-weight: 400;\"><span style=\"font-weight: 400;\">Assembled in the United States using primarily U.S. sourced parts<\/span><\/li>\n<li style=\"font-weight: 400;\"><span style=\"font-weight: 400;\">Runs on all Windows desktop and server operating systems since Windows XP \u2013 both 32-bit and 64-bit platforms.<\/span><\/li>\n<\/ul>\n<p><span style=\"font-weight: 400;\">Each digID device came with a one-year warranty and one-year maintenance and support plan as part of the purchase. Depending on your company\u2019s needs, maintenance and support extensions were available to ensure your device was always protected. <\/span><\/p>\n<p><span style=\"font-weight: 400;\">Contact a member of our sales team for additional information.<\/span><\/p>\n\n\t\t<\/div>\n\t<\/div>\n\n\t<div class=\"wpb_text_column wpb_content_element\" >\n\t\t<div class=\"wpb_wrapper\">\n\t\t\t<h3 style=\"text-align: center;\">Entre em contato conosco<\/h3>\n\n\t\t<\/div>\n\t<\/div>\n\n<div class=\"wpcf7 no-js\" id=\"wpcf7-f897-o1\" lang=\"en-US\" dir=\"ltr\" data-wpcf7-id=\"897\">\n<div class=\"screen-reader-response\"><p role=\"status\" aria-live=\"polite\" aria-atomic=\"true\"><\/p> <ul><\/ul><\/div>\n<form action=\"\/pt\/wp-json\/wp\/v2\/product\/512#wpcf7-f897-o1\" method=\"post\" class=\"wpcf7-form init\" aria-label=\"Contact form\" novalidate=\"novalidate\" data-status=\"init\" data-trp-original-action=\"\/pt\/wp-json\/wp\/v2\/product\/512#wpcf7-f897-o1\">\n<fieldset class=\"hidden-fields-container\"><input type=\"hidden\" name=\"_wpcf7\" value=\"897\" \/><input type=\"hidden\" name=\"_wpcf7_version\" value=\"6.1.5\" \/><input type=\"hidden\" name=\"_wpcf7_locale\" value=\"en_US\" \/><input type=\"hidden\" name=\"_wpcf7_unit_tag\" value=\"wpcf7-f897-o1\" \/><input type=\"hidden\" name=\"_wpcf7_container_post\" value=\"0\" \/><input type=\"hidden\" name=\"_wpcf7_posted_data_hash\" value=\"\" \/><input type=\"hidden\" name=\"_wpcf7_recaptcha_response\" value=\"\" \/>\n<\/fieldset>\n<div class=\"row\">\n\t<div class=\"col-sm-6\">\n\t\t<p><label> Primeiro nome (obrigat\u00f3rio)<br \/>\n<span class=\"wpcf7-form-control-wrap\" data-name=\"your-firstname\"><input size=\"40\" maxlength=\"400\" class=\"wpcf7-form-control wpcf7-text wpcf7-validates-as-required\" aria-required=\"true\" aria-invalid=\"false\" value=\"\" type=\"text\" name=\"your-firstname\" \/><\/span> <\/label>\n\t\t<\/p>\n\t<\/div>\n\t<div  class=\"col-sm-6\">\n\t\t<p><label> Sobrenome (obrigat\u00f3rio)<br \/>\n<span class=\"wpcf7-form-control-wrap\" data-name=\"your-lastname\"><input size=\"40\" maxlength=\"400\" class=\"wpcf7-form-control wpcf7-text wpcf7-validates-as-required\" aria-required=\"true\" aria-invalid=\"false\" value=\"\" type=\"text\" name=\"your-lastname\" \/><\/span> <\/label>\n\t\t<\/p>\n\t<\/div>\n<\/div>\n<p><label> E-mail (obrigat\u00f3rio)<br \/>\n<span class=\"wpcf7-form-control-wrap\" data-name=\"your-email\"><input size=\"40\" maxlength=\"400\" class=\"wpcf7-form-control wpcf7-email wpcf7-validates-as-required wpcf7-text wpcf7-validates-as-email\" aria-required=\"true\" aria-invalid=\"false\" value=\"\" type=\"email\" name=\"your-email\" \/><\/span> <\/label>\n<\/p>\n<p><label> Assunto (obrigat\u00f3rio)<br \/>\n<span class=\"wpcf7-form-control-wrap\" data-name=\"your-subject\"><input size=\"40\" maxlength=\"400\" class=\"wpcf7-form-control wpcf7-text wpcf7-validates-as-required\" aria-required=\"true\" aria-invalid=\"false\" value=\"\" type=\"text\" name=\"your-subject\" \/><\/span> <\/label>\n<\/p>\n<p><label> Mensagem (obrigat\u00f3rio)<br \/>\n<span class=\"wpcf7-form-control-wrap\" data-name=\"your-message\"><textarea cols=\"40\" rows=\"10\" maxlength=\"2000\" class=\"wpcf7-form-control wpcf7-textarea wpcf7-validates-as-required\" aria-required=\"true\" aria-invalid=\"false\" name=\"your-message\"><\/textarea><\/span> <\/label>\n<\/p>\n\n<p><input class=\"wpcf7-form-control wpcf7-submit has-spinner\" type=\"submit\" value=\"Enviar\" \/>\n<\/p><div class=\"wpcf7-response-output\" aria-hidden=\"true\"><\/div>\n<input type=\"hidden\" name=\"trp-form-language\" value=\"pt\"\/><\/form>\n<\/div>\n<\/div><\/div><\/div><div class=\"wpb_column vc_column_container vc_col-sm-4 vc_col-has-fill\"><div class=\"vc_column-inner vc_custom_1558548490973\"><div class=\"wpb_wrapper\">\n\t<div class=\"wpb_text_column wpb_content_element\" >\n\t\t<div class=\"wpb_wrapper\">\n\t\t\t<h4><b>Padr\u00f5es e especifica\u00e7\u00f5es<\/b><\/h4>\n<ul>\n<li style=\"font-weight: 400;\"><span style=\"font-weight: 400;\">Resolution: 500 PPI<\/span><\/li>\n<li style=\"font-weight: 400;\"><span style=\"font-weight: 400;\"><a href=\"https:\/\/idintl.com\/pt\/produto\/sdk-do-dispositivo\/\">SDK<\/a> available with coding examples<\/span><\/li>\n<li style=\"font-weight: 400;\"><span style=\"font-weight: 400;\">Windows 7, 8, 8.1, and 10 drivers<\/span><\/li>\n<li style=\"font-weight: 400;\"><span style=\"font-weight: 400;\">Compat\u00edvel com RoHS<\/span><\/li>\n<li style=\"font-weight: 400;\"><span style=\"font-weight: 400;\">FCC, UL, and CE certified via the TU\u0308V CUE mark<\/span><\/li>\n<li style=\"font-weight: 400;\"><span style=\"font-weight: 400;\">CJIS IAFIS Appendix F and NGI IQS certified <\/span><\/li>\n<li style=\"font-weight: 400;\"><span style=\"font-weight: 400;\">3.6lbs \/ 1.63 kg <\/span><\/li>\n<li style=\"font-weight: 400;\"><span style=\"font-weight: 400;\">4.8\u201d x 5.9\u201d x 6\u201d \/12.1 x 15 x 15.2 cm <\/span><\/li>\n<\/ul>\n<h4><b>Informa\u00e7\u00f5es adicionais<\/b><\/h4>\n<p><a href=\"\/wp-content\/uploads\/2019\/05\/i3_flyer_digID_web.pdf\">livescans da s\u00e9rie digID <i class=\"fa fa-file-pdf-o\"><\/i><\/a><\/p>\n<h4><a href=\"https:\/\/idintl.com\/pt\/suporte\/\"><b>Manuten\u00e7\u00e3o e suporte<\/b><\/a><\/h4>\n<p><span style=\"font-weight: 400;\">Each digID device comes with a one-year warranty and a one-year maintenance and support plan. Depending on your company\u2019s needs, maintenance and support extensions are available to ensure your device is always protected.<\/span><\/p>\n<p><span style=\"font-weight: 400;\">Contact a member of our<\/span><a href=\"http:\/\/sales@idintl.com\/pt\/\"> <span style=\"font-weight: 400;\">sales team<\/span><\/a><span style=\"font-weight: 400;\"> for additional information.<\/span><\/p>\n\n\t\t<\/div>\n\t<\/div>\n<\/div><\/div><\/div><\/div>\n<\/div>","protected":false},"excerpt":{"rendered":"<h3><b>Excellence in the harshest environments<\/b><\/h3>\n<p><span style=\"font-weight: 400;\">For those operating under extreme conditions, our legacy digID XS, was the first military standard 810F (MIL-STD-810F) certified device. Designed to operate on the front lines, the digID XS was our most durable device. With no moving parts, a sealed polymer casing, and shock-absorbing reinforcements, the digID XS was built to go anywhere. <\/span> [&#8230;]<\/p>\n<p><a class=\"btn btn-secondary understrap-read-more-link\" href=\"https:\/\/idintl.com\/pt\/product\/digid-xs\/\">Leia mais&#8230;<span class=\"screen-reader-text\"> from digID XS<\/span><\/a><\/p>\n","protected":false},"featured_media":517,"template":"","meta":[],"product_brand":[],"product_cat":[17],"product_tag":[19,18],"class_list":{"0":"post-512","1":"product","2":"type-product","3":"status-publish","4":"has-post-thumbnail","6":"product_cat-hardware","7":"product_tag-digid","8":"product_tag-hardware","10":"first","11":"outofstock","12":"featured","13":"taxable","14":"shipping-taxable","15":"product-type-simple"},"yoast_head":"<!-- This site is optimized with the Yoast SEO plugin v27.4 - https:\/\/yoast.com\/product\/yoast-seo-wordpress\/ -->\n<title>digID XS - Identification International<\/title>\n<meta name=\"robots\" content=\"index, follow, max-snippet:-1, max-image-preview:large, max-video-preview:-1\" \/>\n<link rel=\"canonical\" href=\"https:\/\/idintl.com\/pt\/produto\/digid-xs\/\" \/>\n<meta property=\"og:locale\" content=\"pt_BR\" \/>\n<meta property=\"og:type\" content=\"article\" \/>\n<meta property=\"og:title\" content=\"digID XS - Identification International\" \/>\n<meta property=\"og:description\" content=\"Excellence in the harshest environments For those operating under extreme conditions, our legacy digID XS, was the first military standard 810F (MIL-STD-810F) certified device. Designed to operate on the front lines, the digID XS was our most durable device. With no moving parts, a sealed polymer casing, and shock-absorbing reinforcements, the digID XS was built to go anywhere. [...]Leia mais... from digID XS\" \/>\n<meta property=\"og:url\" content=\"https:\/\/idintl.com\/pt\/produto\/digid-xs\/\" \/>\n<meta property=\"og:site_name\" content=\"Identification International\" \/>\n<meta property=\"article:modified_time\" content=\"2025-12-01T18:10:12+00:00\" \/>\n<meta property=\"og:image\" content=\"https:\/\/idintl.com\/wp-content\/uploads\/2019\/05\/digid-xs-wet.jpg\" \/>\n\t<meta property=\"og:image:width\" content=\"500\" \/>\n\t<meta property=\"og:image:height\" content=\"332\" \/>\n\t<meta property=\"og:image:type\" content=\"image\/jpeg\" \/>\n<meta name=\"twitter:card\" content=\"summary_large_image\" \/>\n<meta name=\"twitter:label1\" content=\"Est. reading time\" \/>\n\t<meta name=\"twitter:data1\" content=\"2 minutos\" \/>\n<script type=\"application\/ld+json\" class=\"yoast-schema-graph\">{\"@context\":\"https:\\\/\\\/schema.org\",\"@graph\":[{\"@type\":\"WebPage\",\"@id\":\"https:\\\/\\\/idintl.com\\\/product\\\/digid-xs\\\/\",\"url\":\"https:\\\/\\\/idintl.com\\\/product\\\/digid-xs\\\/\",\"name\":\"digID XS - Identification International\",\"isPartOf\":{\"@id\":\"https:\\\/\\\/idintl.com\\\/#website\"},\"primaryImageOfPage\":{\"@id\":\"https:\\\/\\\/idintl.com\\\/product\\\/digid-xs\\\/#primaryimage\"},\"image\":{\"@id\":\"https:\\\/\\\/idintl.com\\\/product\\\/digid-xs\\\/#primaryimage\"},\"thumbnailUrl\":\"https:\\\/\\\/idintl.com\\\/wp-content\\\/uploads\\\/2019\\\/05\\\/digid-xs-wet.jpg\",\"datePublished\":\"2019-05-20T19:31:36+00:00\",\"dateModified\":\"2025-12-01T18:10:12+00:00\",\"breadcrumb\":{\"@id\":\"https:\\\/\\\/idintl.com\\\/product\\\/digid-xs\\\/#breadcrumb\"},\"inLanguage\":\"pt-BR\",\"potentialAction\":[{\"@type\":\"ReadAction\",\"target\":[\"https:\\\/\\\/idintl.com\\\/product\\\/digid-xs\\\/\"]}]},{\"@type\":\"ImageObject\",\"inLanguage\":\"pt-BR\",\"@id\":\"https:\\\/\\\/idintl.com\\\/product\\\/digid-xs\\\/#primaryimage\",\"url\":\"https:\\\/\\\/idintl.com\\\/wp-content\\\/uploads\\\/2019\\\/05\\\/digid-xs-wet.jpg\",\"contentUrl\":\"https:\\\/\\\/idintl.com\\\/wp-content\\\/uploads\\\/2019\\\/05\\\/digid-xs-wet.jpg\",\"width\":500,\"height\":332},{\"@type\":\"BreadcrumbList\",\"@id\":\"https:\\\/\\\/idintl.com\\\/product\\\/digid-xs\\\/#breadcrumb\",\"itemListElement\":[{\"@type\":\"ListItem\",\"position\":1,\"name\":\"Home\",\"item\":\"https:\\\/\\\/idintl.com\\\/\"},{\"@type\":\"ListItem\",\"position\":2,\"name\":\"Shop\",\"item\":\"https:\\\/\\\/idintl.com\\\/shop\\\/\"},{\"@type\":\"ListItem\",\"position\":3,\"name\":\"Hardware\",\"item\":\"https:\\\/\\\/idintl.com\\\/product-category\\\/hardware\\\/\"},{\"@type\":\"ListItem\",\"position\":4,\"name\":\"digID XS\"}]},{\"@type\":\"WebSite\",\"@id\":\"https:\\\/\\\/idintl.com\\\/#website\",\"url\":\"https:\\\/\\\/idintl.com\\\/\",\"name\":\"Identification International\",\"description\":\"\",\"publisher\":{\"@id\":\"https:\\\/\\\/idintl.com\\\/#organization\"},\"potentialAction\":[{\"@type\":\"SearchAction\",\"target\":{\"@type\":\"EntryPoint\",\"urlTemplate\":\"https:\\\/\\\/idintl.com\\\/?s={search_term_string}\"},\"query-input\":{\"@type\":\"PropertyValueSpecification\",\"valueRequired\":true,\"valueName\":\"search_term_string\"}}],\"inLanguage\":\"pt-BR\"},{\"@type\":\"Organization\",\"@id\":\"https:\\\/\\\/idintl.com\\\/#organization\",\"name\":\"Identification International\",\"url\":\"https:\\\/\\\/idintl.com\\\/\",\"logo\":{\"@type\":\"ImageObject\",\"inLanguage\":\"pt-BR\",\"@id\":\"https:\\\/\\\/idintl.com\\\/#\\\/schema\\\/logo\\\/image\\\/\",\"url\":\"https:\\\/\\\/idintl.com\\\/wp-content\\\/uploads\\\/2019\\\/04\\\/i3_reversed@2x.png\",\"contentUrl\":\"https:\\\/\\\/idintl.com\\\/wp-content\\\/uploads\\\/2019\\\/04\\\/i3_reversed@2x.png\",\"width\":262,\"height\":276,\"caption\":\"Identification International\"},\"image\":{\"@id\":\"https:\\\/\\\/idintl.com\\\/#\\\/schema\\\/logo\\\/image\\\/\"}}]}<\/script>\n<!-- \/ Yoast SEO plugin. -->","yoast_head_json":{"title":"digID XS - Identification International","robots":{"index":"index","follow":"follow","max-snippet":"max-snippet:-1","max-image-preview":"max-image-preview:large","max-video-preview":"max-video-preview:-1"},"canonical":"https:\/\/idintl.com\/pt\/produto\/digid-xs\/","og_locale":"pt_BR","og_type":"article","og_title":"digID XS - Identification International","og_description":"Excellence in the harshest environments For those operating under extreme conditions, our legacy digID XS, was the first military standard 810F (MIL-STD-810F) certified device. Designed to operate on the front lines, the digID XS was our most durable device. With no moving parts, a sealed polymer casing, and shock-absorbing reinforcements, the digID XS was built to go anywhere. [...]Leia mais... from digID XS","og_url":"https:\/\/idintl.com\/pt\/produto\/digid-xs\/","og_site_name":"Identification International","article_modified_time":"2025-12-01T18:10:12+00:00","og_image":[{"width":500,"height":332,"url":"https:\/\/idintl.com\/wp-content\/uploads\/2019\/05\/digid-xs-wet.jpg","type":"image\/jpeg"}],"twitter_card":"summary_large_image","twitter_misc":{"Est. reading time":"2 minutos"},"schema":{"@context":"https:\/\/schema.org","@graph":[{"@type":"WebPage","@id":"https:\/\/idintl.com\/product\/digid-xs\/","url":"https:\/\/idintl.com\/product\/digid-xs\/","name":"digID XS - Identification International","isPartOf":{"@id":"https:\/\/idintl.com\/#website"},"primaryImageOfPage":{"@id":"https:\/\/idintl.com\/product\/digid-xs\/#primaryimage"},"image":{"@id":"https:\/\/idintl.com\/product\/digid-xs\/#primaryimage"},"thumbnailUrl":"https:\/\/idintl.com\/wp-content\/uploads\/2019\/05\/digid-xs-wet.jpg","datePublished":"2019-05-20T19:31:36+00:00","dateModified":"2025-12-01T18:10:12+00:00","breadcrumb":{"@id":"https:\/\/idintl.com\/product\/digid-xs\/#breadcrumb"},"inLanguage":"pt-BR","potentialAction":[{"@type":"ReadAction","target":["https:\/\/idintl.com\/product\/digid-xs\/"]}]},{"@type":"ImageObject","inLanguage":"pt-BR","@id":"https:\/\/idintl.com\/product\/digid-xs\/#primaryimage","url":"https:\/\/idintl.com\/wp-content\/uploads\/2019\/05\/digid-xs-wet.jpg","contentUrl":"https:\/\/idintl.com\/wp-content\/uploads\/2019\/05\/digid-xs-wet.jpg","width":500,"height":332},{"@type":"BreadcrumbList","@id":"https:\/\/idintl.com\/product\/digid-xs\/#breadcrumb","itemListElement":[{"@type":"ListItem","position":1,"name":"Home","item":"https:\/\/idintl.com\/"},{"@type":"ListItem","position":2,"name":"Shop","item":"https:\/\/idintl.com\/shop\/"},{"@type":"ListItem","position":3,"name":"Hardware","item":"https:\/\/idintl.com\/product-category\/hardware\/"},{"@type":"ListItem","position":4,"name":"digID XS"}]},{"@type":"WebSite","@id":"https:\/\/idintl.com\/#website","url":"https:\/\/idintl.com\/","name":"Identifica\u00e7\u00e3o Internacional","description":"","publisher":{"@id":"https:\/\/idintl.com\/#organization"},"potentialAction":[{"@type":"SearchAction","target":{"@type":"EntryPoint","urlTemplate":"https:\/\/idintl.com\/?s={search_term_string}"},"query-input":{"@type":"PropertyValueSpecification","valueRequired":true,"valueName":"search_term_string"}}],"inLanguage":"pt-BR"},{"@type":"Organization","@id":"https:\/\/idintl.com\/#organization","name":"Identifica\u00e7\u00e3o Internacional","url":"https:\/\/idintl.com\/","logo":{"@type":"ImageObject","inLanguage":"pt-BR","@id":"https:\/\/idintl.com\/#\/schema\/logo\/image\/","url":"https:\/\/idintl.com\/wp-content\/uploads\/2019\/04\/i3_reversed@2x.png","contentUrl":"https:\/\/idintl.com\/wp-content\/uploads\/2019\/04\/i3_reversed@2x.png","width":262,"height":276,"caption":"Identification International"},"image":{"@id":"https:\/\/idintl.com\/#\/schema\/logo\/image\/"}}]}},"_links":{"self":[{"href":"https:\/\/idintl.com\/pt\/wp-json\/wp\/v2\/product\/512","targetHints":{"allow":["GET"]}}],"collection":[{"href":"https:\/\/idintl.com\/pt\/wp-json\/wp\/v2\/product"}],"about":[{"href":"https:\/\/idintl.com\/pt\/wp-json\/wp\/v2\/types\/product"}],"wp:featuredmedia":[{"embeddable":true,"href":"https:\/\/idintl.com\/pt\/wp-json\/wp\/v2\/media\/517"}],"wp:attachment":[{"href":"https:\/\/idintl.com\/pt\/wp-json\/wp\/v2\/media?parent=512"}],"wp:term":[{"taxonomy":"product_brand","embeddable":true,"href":"https:\/\/idintl.com\/pt\/wp-json\/wp\/v2\/product_brand?post=512"},{"taxonomy":"product_cat","embeddable":true,"href":"https:\/\/idintl.com\/pt\/wp-json\/wp\/v2\/product_cat?post=512"},{"taxonomy":"product_tag","embeddable":true,"href":"https:\/\/idintl.com\/pt\/wp-json\/wp\/v2\/product_tag?post=512"}],"curies":[{"name":"wp","href":"https:\/\/api.w.org\/{rel}","templated":true}]}}