{"id":834,"date":"2019-05-30T15:02:12","date_gmt":"2019-05-30T15:02:12","guid":{"rendered":"https:\/\/idintl.wpengine.com\/?post_type=product&#038;p=834"},"modified":"2025-11-26T19:54:01","modified_gmt":"2025-11-26T19:54:01","slug":"invize-id","status":"publish","type":"product","link":"https:\/\/idintl.com\/pt\/product\/invize-id\/","title":{"rendered":"ID inVize"},"content":{"rendered":"<div class=\"wpb-content-wrapper\"><div class=\"vc_row wpb_row vc_row-fluid\"><div class=\"wpb_column vc_column_container vc_col-sm-8\"><div class=\"vc_column-inner\"><div class=\"wpb_wrapper\">\n\t<div class=\"wpb_text_column wpb_content_element\" >\n\t\t<div class=\"wpb_wrapper\">\n\t\t\t<h3><b>Gerenciamento simples e eficiente de impress\u00f5es digitais <\/b><\/h3>\n<p><span style=\"font-weight: 400;\">O InVize ID oferece configura\u00e7\u00f5es mais avan\u00e7adas para dar suporte a uma gama din\u00e2mica de requisitos que v\u00e3o desde a defesa nacional at\u00e9 casos de uso de entidades comerciais.\u00a0<\/span><\/p>\n<h3><span style=\"font-weight: 400;\">Recursos do inVize ID:<\/span><\/h3>\n<ul>\n<li style=\"font-weight: 400;\"><span style=\"font-weight: 400;\">Interface simples e intuitiva.<\/span><\/li>\n<li style=\"font-weight: 400;\"><span style=\"font-weight: 400;\">Tipos de transa\u00e7\u00e3o pr\u00e9-configurados.<\/span><\/li>\n<li style=\"font-weight: 400;\"><span style=\"font-weight: 400;\">Captura e envio de impress\u00f5es digitais usando livescans e scanners de cart\u00e3o.<\/span><\/li>\n<li style=\"font-weight: 400;\"><span style=\"font-weight: 400;\">Integra\u00e7\u00e3o com scanners de palma selecionados.<\/span><\/li>\n<li style=\"font-weight: 400;\"><span style=\"font-weight: 400;\">Impress\u00e3o de cart\u00f5es com impress\u00e3o digital.<\/span><\/li>\n<li style=\"font-weight: 400;\"><span style=\"font-weight: 400;\">Captura de fotos.<\/span><\/li>\n<li style=\"font-weight: 400;\"><span style=\"font-weight: 400;\">Coleta de assinatura digital.<\/span><\/li>\n<li style=\"font-weight: 400;\"><span style=\"font-weight: 400;\">Importa\u00e7\u00e3o de dados demogr\u00e1ficos.<\/span><\/li>\n<li style=\"font-weight: 400;\"><span style=\"font-weight: 400;\">Configura\u00e7\u00f5es detalhadas de usu\u00e1rios e trilhas de auditoria.\u00a0<\/span><\/li>\n<\/ul>\n<h3><b>Entrada de dados facilitada <\/b><\/h3>\n<p><span style=\"font-weight: 400;\">Os dados demogr\u00e1ficos podem ser inseridos por:<\/span><\/p>\n<ul>\n<li style=\"font-weight: 400;\"><span style=\"font-weight: 400;\">Digita\u00e7\u00e3o manual.<\/span><\/li>\n<li style=\"font-weight: 400;\"><span style=\"font-weight: 400;\">Leitura de um c\u00f3digo de barras 2-D.<\/span><\/li>\n<li style=\"font-weight: 400;\"><span style=\"font-weight: 400;\">Leitura de uma fita magn\u00e9tica.<\/span><\/li>\n<li style=\"font-weight: 400;\"><span style=\"font-weight: 400;\">Importa\u00e7\u00e3o autom\u00e1tica de dados demogr\u00e1ficos de uma fonte de terceiros.<\/span><\/li>\n<\/ul>\n<p><span style=\"font-weight: 400;\">Os campos s\u00e3o verificados automaticamente com base em regras de edi\u00e7\u00e3o detalhadas para minimizar os erros de entrada de dados.<\/span><\/p>\n<h3><b>Leitura r\u00e1pida de impress\u00f5es digitais<\/b><\/h3>\n<p><span style=\"font-weight: 400;\">O inVize ID suporta dois modos de escaneamento: <\/span><\/p>\n<ul>\n<li style=\"font-weight: 400;\"><span style=\"font-weight: 400;\">Leitura em tempo real para capturar tapas e transa\u00e7\u00f5es de rolagem ou planas.<\/span><\/li>\n<li style=\"font-weight: 400;\"><span style=\"font-weight: 400;\">Convers\u00e3o de cart\u00f5es de impress\u00f5es digitais.<\/span><\/li>\n<\/ul>\n<p><span style=\"font-weight: 400;\">As m\u00e9tricas de qualidade incluem qualidade de imagem e verifica\u00e7\u00f5es de sequ\u00eancia, conforme apropriado.<\/span><\/p>\n<p><span style=\"font-weight: 400;\">Como todos os scanners compat\u00edveis podem ser conectados simultaneamente ao seu computador, alternar entre a digitaliza\u00e7\u00e3o de cart\u00f5es e a digitaliza\u00e7\u00e3o em tempo real \u00e9 r\u00e1pido e f\u00e1cil.<\/span><\/p>\n<h3><b>Transmiss\u00e3o ass\u00edncrona<\/b><\/h3>\n<p><span style=\"font-weight: 400;\">Depois de coletar os dados demogr\u00e1ficos e digitalizar as impress\u00f5es digitais, voc\u00ea pode enviar eletronicamente as informa\u00e7\u00f5es para uma c\u00e2mara de compensa\u00e7\u00e3o. A inVize ID oferece suporte ao envio eletr\u00f4nico para dezenas de c\u00e2maras de compensa\u00e7\u00e3o, suportando mais de 100 tipos de transa\u00e7\u00f5es diferentes.<\/span><\/p>\n<p><span style=\"font-weight: 400;\">O inVize ID \u00e9 executado em todos os sistemas operacionais Windows de desktop e servidor compat\u00edveis.<\/span><\/p>\n\n\t\t<\/div>\n\t<\/div>\n<div class=\"vc_separator wpb_content_element vc_separator_align_center vc_sep_width_100 vc_sep_pos_align_center vc_separator_no_text vc_sep_color_grey wpb_content_element  wpb_content_element\" ><span class=\"vc_sep_holder vc_sep_holder_l\"><span class=\"vc_sep_line\"><\/span><\/span><span class=\"vc_sep_holder vc_sep_holder_r\"><span class=\"vc_sep_line\"><\/span><\/span>\n<\/div><div class=\"vc_row wpb_row vc_inner vc_row-fluid\"><div class=\"wpb_column vc_column_container vc_col-sm-6\"><div class=\"vc_column-inner\"><div class=\"wpb_wrapper\">\n\t<div class=\"wpb_text_column wpb_content_element\" >\n\t\t<div class=\"wpb_wrapper\">\n\t\t\t<h4><b>Padr\u00f5es e especifica\u00e7\u00f5es<\/b><\/h4>\n<ul>\n<li style=\"font-weight: 400;\"><span style=\"font-weight: 400;\">Formato de arquivo padr\u00e3o EBTS.<\/span><\/li>\n<li style=\"font-weight: 400;\"><span style=\"font-weight: 400;\">CJIS EFTS 7.x, EBTS 8.x, 9.x e 10.x.<\/span><\/li>\n<li style=\"font-weight: 400;\"><span style=\"font-weight: 400;\">Compacta\u00e7\u00e3o WSQ certificada pelo NIST.<\/span><\/li>\n<li style=\"font-weight: 400;\"><span style=\"font-weight: 400;\">Compat\u00edvel com o Windows 7 a 11.<\/span><\/li>\n<li style=\"font-weight: 400;\"><span style=\"font-weight: 400;\">Feedback em tempo real sobre a qualidade da impress\u00e3o digital.<\/span><\/li>\n<li style=\"font-weight: 400;\"><span style=\"font-weight: 400;\">Valida\u00e7\u00e3o autom\u00e1tica de dados demogr\u00e1ficos.<\/span><\/li>\n<\/ul>\n\n\t\t<\/div>\n\t<\/div>\n<\/div><\/div><\/div><div class=\"wpb_column vc_column_container vc_col-sm-6\"><div class=\"vc_column-inner\"><div class=\"wpb_wrapper\">\n\t<div class=\"wpb_text_column wpb_content_element\" >\n\t\t<div class=\"wpb_wrapper\">\n\t\t\t<h4><b>Requisitos<\/b><\/h4>\n<ul>\n<li style=\"font-weight: 400;\"><span style=\"font-weight: 400;\">Processador i3 ou mais recente.<\/span><\/li>\n<li style=\"font-weight: 400;\"><span style=\"font-weight: 400;\">8 GB de RAM, 20 GB de espa\u00e7o no disco r\u00edgido.<\/span><\/li>\n<\/ul>\n\n\t\t<\/div>\n\t<\/div>\n<\/div><\/div><\/div><\/div><div class=\"vc_btn3-container vc_btn3-inline vc_do_btn\" ><a class=\"vc_general vc_btn3 vc_btn3-size-md vc_btn3-shape-square vc_btn3-style-outline vc_btn3-color-green\" href=\"\/pt\/contato\/\" title=\"Entre em contato conosco para obter mais informa\u00e7\u00f5es\">Entre em contato conosco para obter mais informa\u00e7\u00f5es<\/a><\/div><\/div><\/div><\/div><div class=\"wpb_column vc_column_container vc_col-sm-4 vc_col-has-fill\"><div class=\"vc_column-inner vc_custom_1558548490973\"><div class=\"wpb_wrapper\">\n\t<div class=\"wpb_text_column wpb_content_element\" >\n\t\t<div class=\"wpb_wrapper\">\n\t\t\t<h4><b>Informa\u00e7\u00f5es adicionais <\/b><\/h4>\n<p><a href=\"https:\/\/idintl.com\/wp-content\/uploads\/2025\/11\/i3_flyer_invizeID_20251124.pdf\" target=\"_blank\" rel=\"noopener noreferrer\">Planilha de ID da inVize <i class=\"fa fa-file-pdf-o\"><\/i><\/a> (771 KB)<\/p>\n\n\t\t<\/div>\n\t<\/div>\n<\/div><\/div><\/div><\/div>\n<\/div>","protected":false},"excerpt":{"rendered":"<h2>Securely manage fingerprint transactions<\/h2>\n<p>Collect, capture, submit\u2014<span style=\"font-weight: 400;\">inVize ID is an efficient, easy-to-use way to verify personal identity and check criminal history. The inVize ID application collects demographic data and captures fingerprint scans, then electronically submits this data to the appropriate background check authority.<\/span><\/p>\n<p><a class=\"vc_general vc_btn3 vc_btn3-size-lg vc_btn3-shape-square vc_btn3-style-outline vc_btn3-color-green\" title=\"Contact us to purchase\" href=\"\/contact\">Contact us to purchase<\/a> [&#8230;]<\/p>\n<p><a class=\"btn btn-secondary understrap-read-more-link\" href=\"https:\/\/idintl.com\/pt\/product\/invize-id\/\">Leia mais&#8230;<span class=\"screen-reader-text\"> from inVize ID<\/span><\/a><\/p>\n","protected":false},"featured_media":1470,"template":"","meta":[],"product_brand":[],"product_cat":[21],"product_tag":[26,25],"class_list":{"0":"post-834","1":"product","2":"type-product","3":"status-publish","4":"has-post-thumbnail","6":"product_cat-software","7":"product_tag-invize","8":"product_tag-software","10":"first","11":"instock","12":"featured","13":"virtual","14":"taxable","15":"product-type-simple"},"yoast_head":"<!-- This site is optimized with the Yoast SEO plugin v27.5 - https:\/\/yoast.com\/product\/yoast-seo-wordpress\/ -->\n<title>inVize ID - Identification International<\/title>\n<meta name=\"description\" content=\"inVize ID collects demographic data, captures fingerprint scans, and electronically submits data to the appropriate authority. Supported on Windows 7\u201310.\" \/>\n<meta name=\"robots\" content=\"index, follow, max-snippet:-1, max-image-preview:large, max-video-preview:-1\" \/>\n<link rel=\"canonical\" href=\"https:\/\/idintl.com\/pt\/produto\/invize-id\/\" \/>\n<meta property=\"og:locale\" content=\"pt_BR\" \/>\n<meta property=\"og:type\" content=\"article\" \/>\n<meta property=\"og:title\" content=\"inVize ID - Identification International\" \/>\n<meta property=\"og:description\" content=\"inVize ID collects demographic data, captures fingerprint scans, and electronically submits data to the appropriate authority. Supported on Windows 7\u201310.\" \/>\n<meta property=\"og:url\" content=\"https:\/\/idintl.com\/pt\/produto\/invize-id\/\" \/>\n<meta property=\"og:site_name\" content=\"Identification International\" \/>\n<meta property=\"article:modified_time\" content=\"2025-11-26T19:54:01+00:00\" \/>\n<meta property=\"og:image\" content=\"https:\/\/idintl.com\/wp-content\/uploads\/2019\/05\/rugged_invize.jpg\" \/>\n\t<meta property=\"og:image:width\" content=\"1200\" \/>\n\t<meta property=\"og:image:height\" content=\"800\" \/>\n\t<meta property=\"og:image:type\" content=\"image\/jpeg\" \/>\n<meta name=\"twitter:card\" content=\"summary_large_image\" \/>\n<meta name=\"twitter:label1\" content=\"Est. reading time\" \/>\n\t<meta name=\"twitter:data1\" content=\"2 minutos\" \/>\n<script type=\"application\/ld+json\" class=\"yoast-schema-graph\">{\"@context\":\"https:\\\/\\\/schema.org\",\"@graph\":[{\"@type\":\"WebPage\",\"@id\":\"https:\\\/\\\/idintl.com\\\/product\\\/invize-id\\\/\",\"url\":\"https:\\\/\\\/idintl.com\\\/product\\\/invize-id\\\/\",\"name\":\"inVize ID - Identification International\",\"isPartOf\":{\"@id\":\"https:\\\/\\\/idintl.com\\\/#website\"},\"primaryImageOfPage\":{\"@id\":\"https:\\\/\\\/idintl.com\\\/product\\\/invize-id\\\/#primaryimage\"},\"image\":{\"@id\":\"https:\\\/\\\/idintl.com\\\/product\\\/invize-id\\\/#primaryimage\"},\"thumbnailUrl\":\"https:\\\/\\\/idintl.com\\\/wp-content\\\/uploads\\\/2019\\\/05\\\/rugged_invize.jpg\",\"datePublished\":\"2019-05-30T15:02:12+00:00\",\"dateModified\":\"2025-11-26T19:54:01+00:00\",\"description\":\"inVize ID collects demographic data, captures fingerprint scans, and electronically submits data to the appropriate authority. Supported on Windows 7\u201310.\",\"breadcrumb\":{\"@id\":\"https:\\\/\\\/idintl.com\\\/product\\\/invize-id\\\/#breadcrumb\"},\"inLanguage\":\"pt-BR\",\"potentialAction\":[{\"@type\":\"ReadAction\",\"target\":[\"https:\\\/\\\/idintl.com\\\/product\\\/invize-id\\\/\"]}]},{\"@type\":\"ImageObject\",\"inLanguage\":\"pt-BR\",\"@id\":\"https:\\\/\\\/idintl.com\\\/product\\\/invize-id\\\/#primaryimage\",\"url\":\"https:\\\/\\\/idintl.com\\\/wp-content\\\/uploads\\\/2019\\\/05\\\/rugged_invize.jpg\",\"contentUrl\":\"https:\\\/\\\/idintl.com\\\/wp-content\\\/uploads\\\/2019\\\/05\\\/rugged_invize.jpg\",\"width\":1200,\"height\":800,\"caption\":\"A photo of a laptop running inVize ID\"},{\"@type\":\"BreadcrumbList\",\"@id\":\"https:\\\/\\\/idintl.com\\\/product\\\/invize-id\\\/#breadcrumb\",\"itemListElement\":[{\"@type\":\"ListItem\",\"position\":1,\"name\":\"Home\",\"item\":\"https:\\\/\\\/idintl.com\\\/\"},{\"@type\":\"ListItem\",\"position\":2,\"name\":\"Shop\",\"item\":\"https:\\\/\\\/idintl.com\\\/shop\\\/\"},{\"@type\":\"ListItem\",\"position\":3,\"name\":\"Software\",\"item\":\"https:\\\/\\\/idintl.com\\\/product-category\\\/software\\\/\"},{\"@type\":\"ListItem\",\"position\":4,\"name\":\"inVize ID\"}]},{\"@type\":\"WebSite\",\"@id\":\"https:\\\/\\\/idintl.com\\\/#website\",\"url\":\"https:\\\/\\\/idintl.com\\\/\",\"name\":\"Identification International\",\"description\":\"\",\"publisher\":{\"@id\":\"https:\\\/\\\/idintl.com\\\/#organization\"},\"potentialAction\":[{\"@type\":\"SearchAction\",\"target\":{\"@type\":\"EntryPoint\",\"urlTemplate\":\"https:\\\/\\\/idintl.com\\\/?s={search_term_string}\"},\"query-input\":{\"@type\":\"PropertyValueSpecification\",\"valueRequired\":true,\"valueName\":\"search_term_string\"}}],\"inLanguage\":\"pt-BR\"},{\"@type\":\"Organization\",\"@id\":\"https:\\\/\\\/idintl.com\\\/#organization\",\"name\":\"Identification International\",\"url\":\"https:\\\/\\\/idintl.com\\\/\",\"logo\":{\"@type\":\"ImageObject\",\"inLanguage\":\"pt-BR\",\"@id\":\"https:\\\/\\\/idintl.com\\\/#\\\/schema\\\/logo\\\/image\\\/\",\"url\":\"https:\\\/\\\/idintl.com\\\/wp-content\\\/uploads\\\/2019\\\/04\\\/i3_reversed@2x.png\",\"contentUrl\":\"https:\\\/\\\/idintl.com\\\/wp-content\\\/uploads\\\/2019\\\/04\\\/i3_reversed@2x.png\",\"width\":262,\"height\":276,\"caption\":\"Identification International\"},\"image\":{\"@id\":\"https:\\\/\\\/idintl.com\\\/#\\\/schema\\\/logo\\\/image\\\/\"}}]}<\/script>\n<!-- \/ Yoast SEO plugin. -->","yoast_head_json":{"title":"inVize ID - Identifica\u00e7\u00e3o Internacional","description":"O inVize ID coleta dados demogr\u00e1ficos, captura digitaliza\u00e7\u00f5es de impress\u00f5es digitais e envia os dados eletronicamente para a autoridade apropriada. Compat\u00edvel com o Windows 7-10.","robots":{"index":"index","follow":"follow","max-snippet":"max-snippet:-1","max-image-preview":"max-image-preview:large","max-video-preview":"max-video-preview:-1"},"canonical":"https:\/\/idintl.com\/pt\/produto\/invize-id\/","og_locale":"pt_BR","og_type":"article","og_title":"inVize ID - Identification International","og_description":"inVize ID collects demographic data, captures fingerprint scans, and electronically submits data to the appropriate authority. Supported on Windows 7\u201310.","og_url":"https:\/\/idintl.com\/pt\/produto\/invize-id\/","og_site_name":"Identification International","article_modified_time":"2025-11-26T19:54:01+00:00","og_image":[{"width":1200,"height":800,"url":"https:\/\/idintl.com\/wp-content\/uploads\/2019\/05\/rugged_invize.jpg","type":"image\/jpeg"}],"twitter_card":"summary_large_image","twitter_misc":{"Est. reading time":"2 minutos"},"schema":{"@context":"https:\/\/schema.org","@graph":[{"@type":"WebPage","@id":"https:\/\/idintl.com\/product\/invize-id\/","url":"https:\/\/idintl.com\/product\/invize-id\/","name":"inVize ID - Identifica\u00e7\u00e3o Internacional","isPartOf":{"@id":"https:\/\/idintl.com\/#website"},"primaryImageOfPage":{"@id":"https:\/\/idintl.com\/product\/invize-id\/#primaryimage"},"image":{"@id":"https:\/\/idintl.com\/product\/invize-id\/#primaryimage"},"thumbnailUrl":"https:\/\/idintl.com\/wp-content\/uploads\/2019\/05\/rugged_invize.jpg","datePublished":"2019-05-30T15:02:12+00:00","dateModified":"2025-11-26T19:54:01+00:00","description":"O inVize ID coleta dados demogr\u00e1ficos, captura digitaliza\u00e7\u00f5es de impress\u00f5es digitais e envia os dados eletronicamente para a autoridade apropriada. Compat\u00edvel com o Windows 7-10.","breadcrumb":{"@id":"https:\/\/idintl.com\/product\/invize-id\/#breadcrumb"},"inLanguage":"pt-BR","potentialAction":[{"@type":"ReadAction","target":["https:\/\/idintl.com\/product\/invize-id\/"]}]},{"@type":"ImageObject","inLanguage":"pt-BR","@id":"https:\/\/idintl.com\/product\/invize-id\/#primaryimage","url":"https:\/\/idintl.com\/wp-content\/uploads\/2019\/05\/rugged_invize.jpg","contentUrl":"https:\/\/idintl.com\/wp-content\/uploads\/2019\/05\/rugged_invize.jpg","width":1200,"height":800,"caption":"A photo of a laptop running inVize ID"},{"@type":"BreadcrumbList","@id":"https:\/\/idintl.com\/product\/invize-id\/#breadcrumb","itemListElement":[{"@type":"ListItem","position":1,"name":"Home","item":"https:\/\/idintl.com\/"},{"@type":"ListItem","position":2,"name":"Shop","item":"https:\/\/idintl.com\/shop\/"},{"@type":"ListItem","position":3,"name":"Software","item":"https:\/\/idintl.com\/product-category\/software\/"},{"@type":"ListItem","position":4,"name":"inVize ID"}]},{"@type":"WebSite","@id":"https:\/\/idintl.com\/#website","url":"https:\/\/idintl.com\/","name":"Identifica\u00e7\u00e3o Internacional","description":"","publisher":{"@id":"https:\/\/idintl.com\/#organization"},"potentialAction":[{"@type":"SearchAction","target":{"@type":"EntryPoint","urlTemplate":"https:\/\/idintl.com\/?s={search_term_string}"},"query-input":{"@type":"PropertyValueSpecification","valueRequired":true,"valueName":"search_term_string"}}],"inLanguage":"pt-BR"},{"@type":"Organization","@id":"https:\/\/idintl.com\/#organization","name":"Identifica\u00e7\u00e3o Internacional","url":"https:\/\/idintl.com\/","logo":{"@type":"ImageObject","inLanguage":"pt-BR","@id":"https:\/\/idintl.com\/#\/schema\/logo\/image\/","url":"https:\/\/idintl.com\/wp-content\/uploads\/2019\/04\/i3_reversed@2x.png","contentUrl":"https:\/\/idintl.com\/wp-content\/uploads\/2019\/04\/i3_reversed@2x.png","width":262,"height":276,"caption":"Identification International"},"image":{"@id":"https:\/\/idintl.com\/#\/schema\/logo\/image\/"}}]}},"_links":{"self":[{"href":"https:\/\/idintl.com\/pt\/wp-json\/wp\/v2\/product\/834","targetHints":{"allow":["GET"]}}],"collection":[{"href":"https:\/\/idintl.com\/pt\/wp-json\/wp\/v2\/product"}],"about":[{"href":"https:\/\/idintl.com\/pt\/wp-json\/wp\/v2\/types\/product"}],"wp:featuredmedia":[{"embeddable":true,"href":"https:\/\/idintl.com\/pt\/wp-json\/wp\/v2\/media\/1470"}],"wp:attachment":[{"href":"https:\/\/idintl.com\/pt\/wp-json\/wp\/v2\/media?parent=834"}],"wp:term":[{"taxonomy":"product_brand","embeddable":true,"href":"https:\/\/idintl.com\/pt\/wp-json\/wp\/v2\/product_brand?post=834"},{"taxonomy":"product_cat","embeddable":true,"href":"https:\/\/idintl.com\/pt\/wp-json\/wp\/v2\/product_cat?post=834"},{"taxonomy":"product_tag","embeddable":true,"href":"https:\/\/idintl.com\/pt\/wp-json\/wp\/v2\/product_tag?post=834"}],"curies":[{"name":"wp","href":"https:\/\/api.w.org\/{rel}","templated":true}]}}