{"id":944,"date":"2019-05-31T20:12:28","date_gmt":"2019-05-31T20:12:28","guid":{"rendered":"https:\/\/idintl.wpengine.com\/?post_type=product&#038;p=944"},"modified":"2025-11-29T13:29:50","modified_gmt":"2025-11-29T13:29:50","slug":"fpcheck","status":"publish","type":"product","link":"https:\/\/idintl.com\/pt\/product\/fpcheck\/","title":{"rendered":"FPCheck (somente nos EUA)\ufeff"},"content":{"rendered":"<div class=\"wpb-content-wrapper\"><div class=\"vc_row wpb_row vc_row-fluid\"><div class=\"wpb_column vc_column_container vc_col-sm-8\"><div class=\"vc_column-inner\"><div class=\"wpb_wrapper\">\n\t<div class=\"wpb_video_widget wpb_content_element vc_clearfix   vc_video-aspect-ratio-169 vc_video-el-width-100 vc_video-align-left\" >\n\t\t<div class=\"wpb_wrapper\">\n\t\t\t\n\t\t\t<div class=\"wpb_video_wrapper\"><iframe loading=\"lazy\" title=\"FPCheck_-_simplifying_FP_checks (1080p) English\" src=\"https:\/\/player.vimeo.com\/video\/1141634387?h=419594e233&amp;dnt=1&amp;app_id=122963\" width=\"500\" height=\"281\" frameborder=\"0\" allow=\"autoplay; fullscreen; picture-in-picture; clipboard-write; encrypted-media; web-share\" referrerpolicy=\"strict-origin-when-cross-origin\"><\/iframe><\/div>\n\t\t<\/div>\n\t<\/div>\n\n\t<div class=\"wpb_text_column wpb_content_element\" >\n\t\t<div class=\"wpb_wrapper\">\n\t\t\t<h3>Verifica\u00e7\u00e3o do hist\u00f3rico do candidato<\/h3>\n<p><span style=\"font-weight: 400;\">O servi\u00e7o FPCheck utiliza uma rede de sistemas de varredura ao vivo e de varredura de cart\u00e3o fracamente acoplados para coletar e enviar verifica\u00e7\u00f5es de antecedentes de candidatos. O software usado pelos servi\u00e7os do FPCheck \u00e9 chamado, apropriadamente, de FPCheck. Os clientes podem adquirir um sistema FPCheck para colocar na rede de servi\u00e7os do FPCheck. <\/span><\/p>\n<p><span style=\"font-weight: 400;\">Como o servi\u00e7o FPCheck utiliza uma abordagem de pagamento por transa\u00e7\u00e3o, a i3 compartilha a receita do servi\u00e7o com organiza\u00e7\u00f5es que fornecem servi\u00e7os de impress\u00e3o digital fora da nossa organiza\u00e7\u00e3o.<\/span><\/p>\n\n\t\t<\/div>\n\t<\/div>\n<div class=\"vc_btn3-container vc_btn3-inline vc_do_btn\" ><a class=\"vc_general vc_btn3 vc_btn3-size-md vc_btn3-shape-square vc_btn3-style-outline vc_btn3-color-green\" href=\"\/pt\/contato\/\" title=\"Entre em contato conosco para obter mais informa\u00e7\u00f5es\">Entre em contato conosco para obter mais informa\u00e7\u00f5es<\/a><\/div><\/div><\/div><\/div><div class=\"wpb_column vc_column_container vc_col-sm-4 vc_col-has-fill\"><div class=\"vc_column-inner vc_custom_1558548490973\"><div class=\"wpb_wrapper\">\n\t<div class=\"wpb_text_column wpb_content_element\" >\n\t\t<div class=\"wpb_wrapper\">\n\t\t\t<h4><b>Informa\u00e7\u00f5es adicionais <\/b><\/h4>\n<p><a href=\"\/wp-content\/uploads\/2019\/09\/FPCheck_flyer_09_13_2-19.pdf\" target=\"_blank\" rel=\"noopener noreferrer\">Folheto do FPCheck <i class=\"fa fa-file-pdf-o\"><\/i><\/a> (221 KB)<\/p>\n<p>Para verificar a disponibilidade do FPCheck, entre em contato conosco:<\/p>\n\n\t\t<\/div>\n\t<\/div>\n<div class=\"vc_btn3-container vc_btn3-inline vc_do_btn\" ><a class=\"vc_general vc_btn3 vc_btn3-size-md vc_btn3-shape-square vc_btn3-style-outline vc_btn3-color-green\" href=\"\/pt\/contato\/\" title=\"Entre em contato conosco para obter mais informa\u00e7\u00f5es\">Entre em contato com nossa equipe de vendas<\/a><\/div><\/div><\/div><\/div><\/div>\n<\/div>","protected":false},"excerpt":{"rendered":"<h2>Simplify applicant fingerprint background checks<\/h2>\n<p>Fingerprinting has applications beyond criminal checks. School systems, insurance companies, and hospitals, for example, often require them of job applicants and professional license seekers. <span style=\"font-weight: 400;\">FPCheck makes applicant fingerprint background checks easy via a simple transaction-based process.<\/span><\/p>\n<p><a class=\"vc_general vc_btn3 vc_btn3-size-lg vc_btn3-shape-square vc_btn3-style-outline vc_btn3-color-green\" title=\"Contact us to purchase\" href=\"\/contact\">Contact us to purchase<\/a> [&#8230;]<\/p>\n<p><a class=\"btn btn-secondary understrap-read-more-link\" href=\"https:\/\/idintl.com\/pt\/product\/fpcheck\/\">Leia mais&#8230;<span class=\"screen-reader-text\"> from FPCheck<\/span><\/a><\/p>\n","protected":false},"featured_media":1502,"template":"","meta":[],"product_brand":[],"product_cat":[27,21],"product_tag":[29,28],"class_list":{"0":"post-944","1":"product","2":"type-product","3":"status-publish","4":"has-post-thumbnail","6":"product_cat-services","7":"product_cat-software","8":"product_tag-fpcheck","9":"product_tag-services","11":"first","12":"instock","13":"featured","14":"virtual","15":"taxable","16":"product-type-simple"},"yoast_head":"<!-- This site is optimized with the Yoast SEO plugin v27.5 - https:\/\/yoast.com\/product\/yoast-seo-wordpress\/ -->\n<title>FPCheck - Identification International<\/title>\n<meta name=\"description\" content=\"FPCheck is a service-oriented transaction fee-based approach to applicant fingerprint background checks.\" \/>\n<meta name=\"robots\" content=\"index, follow, max-snippet:-1, max-image-preview:large, max-video-preview:-1\" \/>\n<link rel=\"canonical\" href=\"https:\/\/idintl.com\/pt\/produto\/fpcheck\/\" \/>\n<meta property=\"og:locale\" content=\"pt_BR\" \/>\n<meta property=\"og:type\" content=\"article\" \/>\n<meta property=\"og:title\" content=\"FPCheck - Identification International\" \/>\n<meta property=\"og:description\" content=\"FPCheck is a service-oriented transaction fee-based approach to applicant fingerprint background checks.\" \/>\n<meta property=\"og:url\" content=\"https:\/\/idintl.com\/pt\/produto\/fpcheck\/\" \/>\n<meta property=\"og:site_name\" content=\"Identification International\" \/>\n<meta property=\"article:modified_time\" content=\"2025-11-29T13:29:50+00:00\" \/>\n<meta property=\"og:image\" content=\"https:\/\/idintl.com\/wp-content\/uploads\/2019\/09\/mini_fp.jpg\" \/>\n\t<meta property=\"og:image:width\" content=\"1200\" \/>\n\t<meta property=\"og:image:height\" content=\"800\" \/>\n\t<meta property=\"og:image:type\" content=\"image\/jpeg\" \/>\n<meta name=\"twitter:card\" content=\"summary_large_image\" \/>\n<meta name=\"twitter:label1\" content=\"Est. reading time\" \/>\n\t<meta name=\"twitter:data1\" content=\"1 minuto\" \/>\n<script type=\"application\/ld+json\" class=\"yoast-schema-graph\">{\"@context\":\"https:\\\/\\\/schema.org\",\"@graph\":[{\"@type\":\"WebPage\",\"@id\":\"https:\\\/\\\/idintl.com\\\/product\\\/fpcheck\\\/\",\"url\":\"https:\\\/\\\/idintl.com\\\/product\\\/fpcheck\\\/\",\"name\":\"FPCheck - Identification International\",\"isPartOf\":{\"@id\":\"https:\\\/\\\/idintl.com\\\/#website\"},\"primaryImageOfPage\":{\"@id\":\"https:\\\/\\\/idintl.com\\\/product\\\/fpcheck\\\/#primaryimage\"},\"image\":{\"@id\":\"https:\\\/\\\/idintl.com\\\/product\\\/fpcheck\\\/#primaryimage\"},\"thumbnailUrl\":\"https:\\\/\\\/idintl.com\\\/wp-content\\\/uploads\\\/2019\\\/09\\\/mini_fp.jpg\",\"datePublished\":\"2019-05-31T20:12:28+00:00\",\"dateModified\":\"2025-11-29T13:29:50+00:00\",\"description\":\"FPCheck is a service-oriented transaction fee-based approach to applicant fingerprint background checks.\",\"breadcrumb\":{\"@id\":\"https:\\\/\\\/idintl.com\\\/product\\\/fpcheck\\\/#breadcrumb\"},\"inLanguage\":\"pt-BR\",\"potentialAction\":[{\"@type\":\"ReadAction\",\"target\":[\"https:\\\/\\\/idintl.com\\\/product\\\/fpcheck\\\/\"]}]},{\"@type\":\"ImageObject\",\"inLanguage\":\"pt-BR\",\"@id\":\"https:\\\/\\\/idintl.com\\\/product\\\/fpcheck\\\/#primaryimage\",\"url\":\"https:\\\/\\\/idintl.com\\\/wp-content\\\/uploads\\\/2019\\\/09\\\/mini_fp.jpg\",\"contentUrl\":\"https:\\\/\\\/idintl.com\\\/wp-content\\\/uploads\\\/2019\\\/09\\\/mini_fp.jpg\",\"width\":1200,\"height\":800,\"caption\":\"A photo of FPCheck running on a laptop\"},{\"@type\":\"BreadcrumbList\",\"@id\":\"https:\\\/\\\/idintl.com\\\/product\\\/fpcheck\\\/#breadcrumb\",\"itemListElement\":[{\"@type\":\"ListItem\",\"position\":1,\"name\":\"Home\",\"item\":\"https:\\\/\\\/idintl.com\\\/\"},{\"@type\":\"ListItem\",\"position\":2,\"name\":\"Shop\",\"item\":\"https:\\\/\\\/idintl.com\\\/shop\\\/\"},{\"@type\":\"ListItem\",\"position\":3,\"name\":\"Software\",\"item\":\"https:\\\/\\\/idintl.com\\\/product-category\\\/software\\\/\"},{\"@type\":\"ListItem\",\"position\":4,\"name\":\"FPCheck\"}]},{\"@type\":\"WebSite\",\"@id\":\"https:\\\/\\\/idintl.com\\\/#website\",\"url\":\"https:\\\/\\\/idintl.com\\\/\",\"name\":\"Identification International\",\"description\":\"\",\"publisher\":{\"@id\":\"https:\\\/\\\/idintl.com\\\/#organization\"},\"potentialAction\":[{\"@type\":\"SearchAction\",\"target\":{\"@type\":\"EntryPoint\",\"urlTemplate\":\"https:\\\/\\\/idintl.com\\\/?s={search_term_string}\"},\"query-input\":{\"@type\":\"PropertyValueSpecification\",\"valueRequired\":true,\"valueName\":\"search_term_string\"}}],\"inLanguage\":\"pt-BR\"},{\"@type\":\"Organization\",\"@id\":\"https:\\\/\\\/idintl.com\\\/#organization\",\"name\":\"Identification International\",\"url\":\"https:\\\/\\\/idintl.com\\\/\",\"logo\":{\"@type\":\"ImageObject\",\"inLanguage\":\"pt-BR\",\"@id\":\"https:\\\/\\\/idintl.com\\\/#\\\/schema\\\/logo\\\/image\\\/\",\"url\":\"https:\\\/\\\/idintl.com\\\/wp-content\\\/uploads\\\/2019\\\/04\\\/i3_reversed@2x.png\",\"contentUrl\":\"https:\\\/\\\/idintl.com\\\/wp-content\\\/uploads\\\/2019\\\/04\\\/i3_reversed@2x.png\",\"width\":262,\"height\":276,\"caption\":\"Identification International\"},\"image\":{\"@id\":\"https:\\\/\\\/idintl.com\\\/#\\\/schema\\\/logo\\\/image\\\/\"}}]}<\/script>\n<!-- \/ Yoast SEO plugin. -->","yoast_head_json":{"title":"FPCheck - Identifica\u00e7\u00e3o Internacional","description":"O FPCheck \u00e9 uma abordagem baseada em taxas de transa\u00e7\u00e3o orientada a servi\u00e7os para verifica\u00e7\u00f5es de antecedentes de impress\u00f5es digitais de candidatos.","robots":{"index":"index","follow":"follow","max-snippet":"max-snippet:-1","max-image-preview":"max-image-preview:large","max-video-preview":"max-video-preview:-1"},"canonical":"https:\/\/idintl.com\/pt\/produto\/fpcheck\/","og_locale":"pt_BR","og_type":"article","og_title":"FPCheck - Identification International","og_description":"FPCheck is a service-oriented transaction fee-based approach to applicant fingerprint background checks.","og_url":"https:\/\/idintl.com\/pt\/produto\/fpcheck\/","og_site_name":"Identification International","article_modified_time":"2025-11-29T13:29:50+00:00","og_image":[{"width":1200,"height":800,"url":"https:\/\/idintl.com\/wp-content\/uploads\/2019\/09\/mini_fp.jpg","type":"image\/jpeg"}],"twitter_card":"summary_large_image","twitter_misc":{"Est. reading time":"1 minuto"},"schema":{"@context":"https:\/\/schema.org","@graph":[{"@type":"WebPage","@id":"https:\/\/idintl.com\/product\/fpcheck\/","url":"https:\/\/idintl.com\/product\/fpcheck\/","name":"FPCheck - Identifica\u00e7\u00e3o Internacional","isPartOf":{"@id":"https:\/\/idintl.com\/#website"},"primaryImageOfPage":{"@id":"https:\/\/idintl.com\/product\/fpcheck\/#primaryimage"},"image":{"@id":"https:\/\/idintl.com\/product\/fpcheck\/#primaryimage"},"thumbnailUrl":"https:\/\/idintl.com\/wp-content\/uploads\/2019\/09\/mini_fp.jpg","datePublished":"2019-05-31T20:12:28+00:00","dateModified":"2025-11-29T13:29:50+00:00","description":"O FPCheck \u00e9 uma abordagem baseada em taxas de transa\u00e7\u00e3o orientada a servi\u00e7os para verifica\u00e7\u00f5es de antecedentes de impress\u00f5es digitais de candidatos.","breadcrumb":{"@id":"https:\/\/idintl.com\/product\/fpcheck\/#breadcrumb"},"inLanguage":"pt-BR","potentialAction":[{"@type":"ReadAction","target":["https:\/\/idintl.com\/product\/fpcheck\/"]}]},{"@type":"ImageObject","inLanguage":"pt-BR","@id":"https:\/\/idintl.com\/product\/fpcheck\/#primaryimage","url":"https:\/\/idintl.com\/wp-content\/uploads\/2019\/09\/mini_fp.jpg","contentUrl":"https:\/\/idintl.com\/wp-content\/uploads\/2019\/09\/mini_fp.jpg","width":1200,"height":800,"caption":"A photo of FPCheck running on a laptop"},{"@type":"BreadcrumbList","@id":"https:\/\/idintl.com\/product\/fpcheck\/#breadcrumb","itemListElement":[{"@type":"ListItem","position":1,"name":"Home","item":"https:\/\/idintl.com\/"},{"@type":"ListItem","position":2,"name":"Shop","item":"https:\/\/idintl.com\/shop\/"},{"@type":"ListItem","position":3,"name":"Software","item":"https:\/\/idintl.com\/product-category\/software\/"},{"@type":"ListItem","position":4,"name":"FPCheck"}]},{"@type":"WebSite","@id":"https:\/\/idintl.com\/#website","url":"https:\/\/idintl.com\/","name":"Identifica\u00e7\u00e3o Internacional","description":"","publisher":{"@id":"https:\/\/idintl.com\/#organization"},"potentialAction":[{"@type":"SearchAction","target":{"@type":"EntryPoint","urlTemplate":"https:\/\/idintl.com\/?s={search_term_string}"},"query-input":{"@type":"PropertyValueSpecification","valueRequired":true,"valueName":"search_term_string"}}],"inLanguage":"pt-BR"},{"@type":"Organization","@id":"https:\/\/idintl.com\/#organization","name":"Identifica\u00e7\u00e3o Internacional","url":"https:\/\/idintl.com\/","logo":{"@type":"ImageObject","inLanguage":"pt-BR","@id":"https:\/\/idintl.com\/#\/schema\/logo\/image\/","url":"https:\/\/idintl.com\/wp-content\/uploads\/2019\/04\/i3_reversed@2x.png","contentUrl":"https:\/\/idintl.com\/wp-content\/uploads\/2019\/04\/i3_reversed@2x.png","width":262,"height":276,"caption":"Identification International"},"image":{"@id":"https:\/\/idintl.com\/#\/schema\/logo\/image\/"}}]}},"_links":{"self":[{"href":"https:\/\/idintl.com\/pt\/wp-json\/wp\/v2\/product\/944","targetHints":{"allow":["GET"]}}],"collection":[{"href":"https:\/\/idintl.com\/pt\/wp-json\/wp\/v2\/product"}],"about":[{"href":"https:\/\/idintl.com\/pt\/wp-json\/wp\/v2\/types\/product"}],"wp:featuredmedia":[{"embeddable":true,"href":"https:\/\/idintl.com\/pt\/wp-json\/wp\/v2\/media\/1502"}],"wp:attachment":[{"href":"https:\/\/idintl.com\/pt\/wp-json\/wp\/v2\/media?parent=944"}],"wp:term":[{"taxonomy":"product_brand","embeddable":true,"href":"https:\/\/idintl.com\/pt\/wp-json\/wp\/v2\/product_brand?post=944"},{"taxonomy":"product_cat","embeddable":true,"href":"https:\/\/idintl.com\/pt\/wp-json\/wp\/v2\/product_cat?post=944"},{"taxonomy":"product_tag","embeddable":true,"href":"https:\/\/idintl.com\/pt\/wp-json\/wp\/v2\/product_tag?post=944"}],"curies":[{"name":"wp","href":"https:\/\/api.w.org\/{rel}","templated":true}]}}